{"id":116,"date":"2022-06-08T05:38:32","date_gmt":"2022-06-08T03:38:32","guid":{"rendered":"https:\/\/hemoproct.com\/be\/hemoproct\/"},"modified":"2025-09-03T10:32:56","modified_gmt":"2025-09-03T08:32:56","slug":"hemoproct","status":"publish","type":"page","link":"https:\/\/hemoproct.com\/be\/fr\/","title":{"rendered":"Hemoproct"},"content":{"rendered":"\n<div class=\"wp-block-karopharma-product-promotion text-align-right pt-medium pb-medium bg-bottom bg-cover bg-no-repeat  undefined is-style-transparent\" style=\"background-image:url(https:\/\/hemoproct.com\/cdn-cgi\/image\/format=auto\/app\/uploads\/sites\/2\/2022\/06\/Hero1BG.webp)\"><div class=\"container max-w-large\">\n<div class=\"wp-block-group is-layout-flow wp-block-group-is-layout-flow\">\n<figure class=\"wp-block-image size-full\"><img loading=\"lazy\" decoding=\"async\" width=\"600\" height=\"600\" src=\"https:\/\/hemoproct.com\/app\/uploads\/sites\/2\/2025\/04\/ActiProct-Gel-30g-FR.png\" alt=\"ActiProct\" class=\"wp-image-517\" srcset=\"https:\/\/hemoproct.com\/app\/uploads\/sites\/2\/2025\/04\/ActiProct-Gel-30g-FR.png 600w, https:\/\/hemoproct.com\/app\/uploads\/sites\/2\/2025\/04\/ActiProct-Gel-30g-FR-320x320.png 320w, https:\/\/hemoproct.com\/app\/uploads\/sites\/2\/2025\/04\/ActiProct-Gel-30g-FR-150x150.png 150w, https:\/\/hemoproct.com\/app\/uploads\/sites\/2\/2025\/04\/ActiProct-Gel-30g-FR-300x300.png 300w, https:\/\/hemoproct.com\/app\/uploads\/sites\/2\/2025\/04\/ActiProct-Gel-30g-FR-100x100.png 100w\" sizes=\"auto, (max-width: 600px) 100vw, 600px\" \/><\/figure>\n<\/div>\n\n\n\n<div class=\"wp-block-group is-layout-flow wp-block-group-is-layout-flow\">\n<h1 class=\"wp-block-heading title is-style-heading-h1 has-white-color has-text-color\" id=\"la-solution-naturelle-pour-soulager-rapidement-les-hemorroides-1\">Hemoproct s&rsquo;appelle d\u00e9sormais Actiproct !<\/h1>\n\n\n\n<h2 class=\"wp-block-heading heading is-style-heading-h3 has-white-color has-text-color\" id=\"personne-ne-merite-de-vivre-avec-des-hemorroides-et-des-genes-annales\">Notre formule de confiance change de nom : Hemoproct devient Actiproct. Disponible en pharmacie et en ligne sur Farmaline et Newpharma.<\/h2>\n\n\n\n<p class=\"paragraph is-style-paragraph-preamble\"><\/p>\n\n\n\n<div class=\"wp-block-buttons is-layout-flex wp-block-buttons-is-layout-flex\">\n<div class=\"wp-block-button is-style-primary-light-button\"><a class=\"wp-block-button__link wp-element-button\" href=\"https:\/\/www.farmaline.be\/fr\/search.htm?i=1&amp;query=actiproct&amp;searchChannel=algolia&amp;userToken=anonymous-775cc6ef-dd61-4a81-b880-ddd4fbb13948\" target=\"_blank\" rel=\"noreferrer noopener\">Farmaline<\/a><\/div>\n\n\n\n<div class=\"wp-block-button is-style-primary-light-button\"><a class=\"wp-block-button__link wp-element-button\" href=\"https:\/\/www.newpharma.be\/pharmacie\/search-results\/search.html?q=actiproct\" target=\"_blank\" rel=\"noreferrer noopener\">Newpharma<\/a><\/div>\n<\/div>\n<\/div>\n<\/div><\/div>\n\n\n\n<div class=\"wp-block-karopharma-free-text pt-large pb-large bg-center bg-contain bg-no-repeat bg-box undefined is-style-primary\" style=\"background-image:url()\"><div class=\"free-text-wrapper container max-w-medium text-center\">\n<h2 class=\"wp-block-heading is-style-heading-h1\" id=\"la-solution-naturelle-pour-soulager-rapidement-les-hemorroides\">La seule formule \u00e0 quintuple action<\/h2>\n\n\n\n<h3 class=\"wp-block-heading is-style-heading-h3\" id=\"personne-ne-merite-de-vivre-avec-deshemorroides-et-des-genes-annales\">Sans anesth\u00e9siques locaux ni corticost\u00e9ro\u00efdes.<\/h3>\n\n\n\n<figure class=\"wp-block-image aligncenter size-full\"><img loading=\"lazy\" decoding=\"async\" width=\"640\" height=\"127\" src=\"https:\/\/hemoproct.com\/app\/uploads\/sites\/2\/2022\/06\/quintuple-action-640x127-1.png\" alt=\"\" class=\"wp-image-150\" srcset=\"https:\/\/hemoproct.com\/app\/uploads\/sites\/2\/2022\/06\/quintuple-action-640x127-1.png 640w, https:\/\/hemoproct.com\/app\/uploads\/sites\/2\/2022\/06\/quintuple-action-640x127-1-320x64.png 320w, https:\/\/hemoproct.com\/app\/uploads\/sites\/2\/2022\/06\/quintuple-action-640x127-1-600x119.png 600w\" sizes=\"auto, (max-width: 640px) 100vw, 640px\" \/><\/figure>\n\n\n\n<p class=\"is-style-paragraph-body-text\">Hemoproct\u00ae soulage rapidement les g\u00eanes anales. \u00c0 base d\u2019ingr\u00e9dients naturels, il peut \u00eatre utilis\u00e9 en cas de g\u00eanes fr\u00e9quentes ou durant la grossesse. Le complexe 2QR, extrait de l\u2019aloe vera, constitue une barri\u00e8re physique qui prot\u00e8ge contre les bact\u00e9ries nocives.<\/p>\n<\/div><\/div>\n\n\n<div class=\"product-list wp-block-karopharma-product-list\" data-testid=\"product-list\">\n      <div class=\"swiper-container\">\n      <div class=\"swiper\">\n        <div class=\"swiper-wrapper\">\n                      <div class=\"swiper-slide\">\n              <div class=\"product-card\" data-testid=\"product-card\">\n  <a\n    href=https:\/\/hemoproct.com\/be\/fr\/produit\/hemoproct-gel-tube\/\n    class=\"product-card-link\"\n    title=\"Hemoproct Gel Tube\"\n  >\n  <figure class=\"product-card-image\" data-testid=\"product-image\">\n                          <img decoding=\"async\" src=\"https:\/\/hemoproct.com\/cdn-cgi\/image\/width=700,format=auto\/app\/uploads\/sites\/2\/2022\/06\/HemoproctgeltubeBE2201.png\"\n        srcset=\"https:\/\/hemoproct.com\/cdn-cgi\/image\/width=250,format=auto\/app\/uploads\/sites\/2\/2022\/06\/HemoproctgeltubeBE2201.png 250w,\n                https:\/\/hemoproct.com\/cdn-cgi\/image\/width=500,format=auto\/app\/uploads\/sites\/2\/2022\/06\/HemoproctgeltubeBE2201.png 500w,\n                https:\/\/hemoproct.com\/cdn-cgi\/image\/width=700,format=auto\/app\/uploads\/sites\/2\/2022\/06\/HemoproctgeltubeBE2201.png 700w\"\n        sizes=\"(max-width: 400px) 250px, (max-width: 800px) 500px, 700px\"\n        alt=\"\"\n        class=\"img\">\n            <\/figure>\n    <div class=\"product-card-content\">\n      <div class=\"heading-wrapper\">\n        <h2 class=\"heading\">Hemoproct Gel Tube<\/h2>\n      <\/div>\n      <div class=\"product-card-description\">Hemoproct Tube avec applicateur facile pour un soulagement rapide des h\u00e9morro\u00efdes<\/div>\n                      <\/div>\n  <\/a>\n          <div class=\"button-wrapper buy-now no-resellers\" data-testid=\"buy-now\">\n          <div class=\"buy-now-container dropdown-container\">\n    <a\n      class=\"theme-button button-primary-color rounded-button\"\n      href=\"https:\/\/www.newpharma.be\/apotheek\/hemoproct\/841948\/hemoproct-gel-snelle-verlichting-bij-aambeien-tube-37g.html\" onclick=\"dataLayer.push({'event':'ga_event', 'eventCategory':'Click on Reseller', 'eventAction':'New Pharma', 'eventLabel':'Hemoproct Gel Tube', 'eventValue': undefined})\" rel=\"noopener\" target=\"_blank\" title=\"New Pharma\"\n      data-testid=\"buy-now-reseller\">\n      Acheter maintenant\n    <\/a>\n    <\/div>\n  <\/div>\n  <\/div>\n            <\/div>\n                      <div class=\"swiper-slide\">\n              <div class=\"product-card\" data-testid=\"product-card\">\n  <a\n    href=https:\/\/hemoproct.com\/be\/fr\/produit\/hemoproct-gel-can\/\n    class=\"product-card-link\"\n    title=\"Hemoproct Gel Can\"\n  >\n  <figure class=\"product-card-image\" data-testid=\"product-image\">\n                          <img decoding=\"async\" src=\"https:\/\/hemoproct.com\/cdn-cgi\/image\/width=700,format=auto\/app\/uploads\/sites\/2\/2022\/06\/HemoproctgelcanBE2201.png\"\n        srcset=\"https:\/\/hemoproct.com\/cdn-cgi\/image\/width=250,format=auto\/app\/uploads\/sites\/2\/2022\/06\/HemoproctgelcanBE2201.png 250w,\n                https:\/\/hemoproct.com\/cdn-cgi\/image\/width=500,format=auto\/app\/uploads\/sites\/2\/2022\/06\/HemoproctgelcanBE2201.png 500w,\n                https:\/\/hemoproct.com\/cdn-cgi\/image\/width=700,format=auto\/app\/uploads\/sites\/2\/2022\/06\/HemoproctgelcanBE2201.png 700w\"\n        sizes=\"(max-width: 400px) 250px, (max-width: 800px) 500px, 700px\"\n        alt=\"\"\n        class=\"img\">\n            <\/figure>\n    <div class=\"product-card-content\">\n      <div class=\"heading-wrapper\">\n        <h2 class=\"heading\">Hemoproct Gel Can<\/h2>\n      <\/div>\n      <div class=\"product-card-description\">Avec applicateur hygi\u00e9nique et facile<\/div>\n                      <\/div>\n  <\/a>\n          <div class=\"button-wrapper buy-now no-resellers\" data-testid=\"buy-now\">\n          <div class=\"buy-now-container dropdown-container\">\n    <a\n      class=\"theme-button button-primary-color rounded-button\"\n      href=\"https:\/\/www.newpharma.be\/apotheek\/hemoproct\/841949\/hemoproct-gel-snelle-verlichting-bij-aambeien-tube-45ml.html\" onclick=\"dataLayer.push({'event':'ga_event', 'eventCategory':'Click on Reseller', 'eventAction':'New Pharma', 'eventLabel':'Hemoproct Gel Can', 'eventValue': undefined})\" rel=\"noopener\" target=\"_blank\" title=\"New Pharma\"\n      data-testid=\"buy-now-reseller\">\n      Acheter maintenant\n    <\/a>\n    <\/div>\n  <\/div>\n  <\/div>\n            <\/div>\n                  <\/div>\n        <div class=\"swiper-scrollbar\"><\/div>\n      <\/div>\n    <\/div>\n  <\/div>\n\n\n\n<div class=\"wp-block-karopharma-free-text pt-large pb-large bg-center bg-contain bg-no-repeat bg-box undefined is-style-secondary\" style=\"background-image:url()\"><div class=\"free-text-wrapper container max-w-medium text-center\">\n<h2 class=\"wp-block-heading is-style-heading-h1\" id=\"la-solution-naturelle-pour-soulager-rapidement-les-hemorroides\">Que sont les h\u00e9morro\u00efdes ?<\/h2>\n\n\n\n<p class=\"is-style-paragraph-body-text\">Les h\u00e9morro\u00efdes et les g\u00eanes annales sont tr\u00e8s fr\u00e9quentes chez les adultes. Pourtant, beaucoup de personnes souffrent en silence de cette maladie, car elles sont trop g\u00ean\u00e9es par les sympt\u00f4mes pour demander de l\u2019aide. C\u2019est bien dommage, car les h\u00e9morro\u00efdes peuvent \u00eatre faciles \u00e0 traiter, surtout si vous commencez \u00e0 temps.<\/p>\n\n\n\n<h2 class=\"wp-block-heading is-style-heading-h1\" id=\"la-solution-naturelle-pour-soulager-rapidement-les-hemorroides\">Comment pr\u00e9venir les h\u00e9morro\u00efdes<\/h2>\n\n\n\n<p>Plusieurs aspects doivent \u00eatre pris en compte pour pr\u00e9venir et gu\u00e9rir les h\u00e9morro\u00efdes et autres g\u00eanes similaires. L\u2019exercice physique et une alimentation saine qui pr\u00e9serve la r\u00e9gularit\u00e9 de vos selles en font partie, ainsi que de bonnes habitudes aux toilettes et d\u2019hygi\u00e8ne anale.<\/p>\n\n\n\n<div class=\"wp-block-buttons is-layout-flex wp-block-buttons-is-layout-flex\"><\/div>\n<\/div><\/div>\n","protected":false},"excerpt":{"rendered":"","protected":false},"author":2,"featured_media":0,"parent":0,"menu_order":0,"comment_status":"closed","ping_status":"closed","template":"","meta":{"_acf_changed":false,"footnotes":""},"from-article-database":[],"class_list":["post-116","page","type-page","status-publish","hentry"],"acf":[],"yoast_head":"<!-- This site is optimized with the Yoast SEO plugin v26.6 - https:\/\/yoast.com\/wordpress\/plugins\/seo\/ -->\n<title>Hemoproct - Hemoproct<\/title>\n<meta name=\"description\" content=\"La solution naturelle pour soulager rapidement les h\u00e9morro\u00efdes. Personne ne m\u00e9rite de vivre avec des h\u00e9morro\u00efdes et des g\u00eanes annales.\" \/>\n<meta name=\"robots\" content=\"index, follow, max-snippet:-1, max-image-preview:large, max-video-preview:-1\" \/>\n<link rel=\"canonical\" href=\"https:\/\/hemoproct.com\/be\/fr\/\" \/>\n<meta property=\"og:locale\" content=\"fr_FR\" \/>\n<meta property=\"og:type\" content=\"article\" \/>\n<meta property=\"og:title\" content=\"Hemoproct - Hemoproct\" \/>\n<meta property=\"og:description\" content=\"La solution naturelle pour soulager rapidement les h\u00e9morro\u00efdes. Personne ne m\u00e9rite de vivre avec des h\u00e9morro\u00efdes et des g\u00eanes annales.\" \/>\n<meta property=\"og:url\" content=\"https:\/\/hemoproct.com\/be\/fr\/\" \/>\n<meta property=\"og:site_name\" content=\"Hemoproct\" \/>\n<meta property=\"article:modified_time\" content=\"2025-09-03T08:32:56+00:00\" \/>\n<meta property=\"og:image\" content=\"https:\/\/hemoproct.com\/app\/uploads\/sites\/2\/2025\/04\/ActiProct-Gel-30g-FR.png\" \/>\n\t<meta property=\"og:image:width\" content=\"600\" \/>\n\t<meta property=\"og:image:height\" content=\"600\" \/>\n\t<meta property=\"og:image:type\" content=\"image\/png\" \/>\n<meta name=\"twitter:card\" content=\"summary_large_image\" \/>\n<meta name=\"twitter:label1\" content=\"Dur\u00e9e de lecture est.\" \/>\n\t<meta name=\"twitter:data1\" content=\"2 minutes\" \/>\n<script type=\"application\/ld+json\" class=\"yoast-schema-graph\">{\"@context\":\"https:\/\/schema.org\",\"@graph\":[{\"@type\":\"WebPage\",\"@id\":\"https:\/\/hemoproct.com\/be\/fr\/\",\"url\":\"https:\/\/hemoproct.com\/be\/fr\/\",\"name\":\"Hemoproct - Hemoproct\",\"isPartOf\":{\"@id\":\"https:\/\/hemoproct.com\/be\/fr\/#website\"},\"primaryImageOfPage\":{\"@id\":\"https:\/\/hemoproct.com\/be\/fr\/#primaryimage\"},\"image\":{\"@id\":\"https:\/\/hemoproct.com\/be\/fr\/#primaryimage\"},\"thumbnailUrl\":\"https:\/\/hemoproct.com\/app\/uploads\/sites\/2\/2025\/04\/ActiProct-Gel-30g-FR.png\",\"datePublished\":\"2022-06-08T03:38:32+00:00\",\"dateModified\":\"2025-09-03T08:32:56+00:00\",\"description\":\"La solution naturelle pour soulager rapidement les h\u00e9morro\u00efdes. Personne ne m\u00e9rite de vivre avec des h\u00e9morro\u00efdes et des g\u00eanes annales.\",\"breadcrumb\":{\"@id\":\"https:\/\/hemoproct.com\/be\/fr\/#breadcrumb\"},\"inLanguage\":\"fr-BE\",\"potentialAction\":[{\"@type\":\"ReadAction\",\"target\":[\"https:\/\/hemoproct.com\/be\/fr\/\"]}]},{\"@type\":\"ImageObject\",\"inLanguage\":\"fr-BE\",\"@id\":\"https:\/\/hemoproct.com\/be\/fr\/#primaryimage\",\"url\":\"https:\/\/hemoproct.com\/app\/uploads\/sites\/2\/2025\/04\/ActiProct-Gel-30g-FR.png\",\"contentUrl\":\"https:\/\/hemoproct.com\/app\/uploads\/sites\/2\/2025\/04\/ActiProct-Gel-30g-FR.png\"},{\"@type\":\"BreadcrumbList\",\"@id\":\"https:\/\/hemoproct.com\/be\/fr\/#breadcrumb\",\"itemListElement\":[{\"@type\":\"ListItem\",\"position\":1,\"name\":\"Home\",\"item\":\"https:\/\/hemoproct.com\/be\/fr\/\"},{\"@type\":\"ListItem\",\"position\":2,\"name\":\"Hemoproct\"}]},{\"@type\":\"WebSite\",\"@id\":\"https:\/\/hemoproct.com\/be\/fr\/#website\",\"url\":\"https:\/\/hemoproct.com\/be\/fr\/\",\"name\":\"Hemoproct\",\"description\":\"\",\"publisher\":{\"@id\":\"https:\/\/hemoproct.com\/be\/fr\/#organization\"},\"potentialAction\":[{\"@type\":\"SearchAction\",\"target\":{\"@type\":\"EntryPoint\",\"urlTemplate\":\"https:\/\/hemoproct.com\/be\/fr\/?s={search_term_string}\"},\"query-input\":{\"@type\":\"PropertyValueSpecification\",\"valueRequired\":true,\"valueName\":\"search_term_string\"}}],\"inLanguage\":\"fr-BE\"},{\"@type\":\"Organization\",\"@id\":\"https:\/\/hemoproct.com\/be\/fr\/#organization\",\"name\":\"Hemoproct\",\"url\":\"https:\/\/hemoproct.com\/be\/fr\/\",\"logo\":{\"@type\":\"ImageObject\",\"inLanguage\":\"fr-BE\",\"@id\":\"https:\/\/hemoproct.com\/be\/fr\/#\/schema\/logo\/image\/\",\"url\":\"https:\/\/hemoproct.com\/app\/uploads\/sites\/2\/2022\/06\/logo-hemoproct.png\",\"contentUrl\":\"https:\/\/hemoproct.com\/app\/uploads\/sites\/2\/2022\/06\/logo-hemoproct.png\",\"width\":162,\"height\":24,\"caption\":\"Hemoproct\"},\"image\":{\"@id\":\"https:\/\/hemoproct.com\/be\/fr\/#\/schema\/logo\/image\/\"}}]}<\/script>\n<!-- \/ Yoast SEO plugin. -->","yoast_head_json":{"title":"Hemoproct - Hemoproct","description":"La solution naturelle pour soulager rapidement les h\u00e9morro\u00efdes. Personne ne m\u00e9rite de vivre avec des h\u00e9morro\u00efdes et des g\u00eanes annales.","robots":{"index":"index","follow":"follow","max-snippet":"max-snippet:-1","max-image-preview":"max-image-preview:large","max-video-preview":"max-video-preview:-1"},"canonical":"https:\/\/hemoproct.com\/be\/fr\/","og_locale":"fr_FR","og_type":"article","og_title":"Hemoproct - Hemoproct","og_description":"La solution naturelle pour soulager rapidement les h\u00e9morro\u00efdes. Personne ne m\u00e9rite de vivre avec des h\u00e9morro\u00efdes et des g\u00eanes annales.","og_url":"https:\/\/hemoproct.com\/be\/fr\/","og_site_name":"Hemoproct","article_modified_time":"2025-09-03T08:32:56+00:00","og_image":[{"width":600,"height":600,"url":"https:\/\/hemoproct.com\/app\/uploads\/sites\/2\/2025\/04\/ActiProct-Gel-30g-FR.png","type":"image\/png"}],"twitter_card":"summary_large_image","twitter_misc":{"Dur\u00e9e de lecture est.":"2 minutes"},"schema":{"@context":"https:\/\/schema.org","@graph":[{"@type":"WebPage","@id":"https:\/\/hemoproct.com\/be\/fr\/","url":"https:\/\/hemoproct.com\/be\/fr\/","name":"Hemoproct - Hemoproct","isPartOf":{"@id":"https:\/\/hemoproct.com\/be\/fr\/#website"},"primaryImageOfPage":{"@id":"https:\/\/hemoproct.com\/be\/fr\/#primaryimage"},"image":{"@id":"https:\/\/hemoproct.com\/be\/fr\/#primaryimage"},"thumbnailUrl":"https:\/\/hemoproct.com\/app\/uploads\/sites\/2\/2025\/04\/ActiProct-Gel-30g-FR.png","datePublished":"2022-06-08T03:38:32+00:00","dateModified":"2025-09-03T08:32:56+00:00","description":"La solution naturelle pour soulager rapidement les h\u00e9morro\u00efdes. Personne ne m\u00e9rite de vivre avec des h\u00e9morro\u00efdes et des g\u00eanes annales.","breadcrumb":{"@id":"https:\/\/hemoproct.com\/be\/fr\/#breadcrumb"},"inLanguage":"fr-BE","potentialAction":[{"@type":"ReadAction","target":["https:\/\/hemoproct.com\/be\/fr\/"]}]},{"@type":"ImageObject","inLanguage":"fr-BE","@id":"https:\/\/hemoproct.com\/be\/fr\/#primaryimage","url":"https:\/\/hemoproct.com\/app\/uploads\/sites\/2\/2025\/04\/ActiProct-Gel-30g-FR.png","contentUrl":"https:\/\/hemoproct.com\/app\/uploads\/sites\/2\/2025\/04\/ActiProct-Gel-30g-FR.png"},{"@type":"BreadcrumbList","@id":"https:\/\/hemoproct.com\/be\/fr\/#breadcrumb","itemListElement":[{"@type":"ListItem","position":1,"name":"Home","item":"https:\/\/hemoproct.com\/be\/fr\/"},{"@type":"ListItem","position":2,"name":"Hemoproct"}]},{"@type":"WebSite","@id":"https:\/\/hemoproct.com\/be\/fr\/#website","url":"https:\/\/hemoproct.com\/be\/fr\/","name":"Hemoproct","description":"","publisher":{"@id":"https:\/\/hemoproct.com\/be\/fr\/#organization"},"potentialAction":[{"@type":"SearchAction","target":{"@type":"EntryPoint","urlTemplate":"https:\/\/hemoproct.com\/be\/fr\/?s={search_term_string}"},"query-input":{"@type":"PropertyValueSpecification","valueRequired":true,"valueName":"search_term_string"}}],"inLanguage":"fr-BE"},{"@type":"Organization","@id":"https:\/\/hemoproct.com\/be\/fr\/#organization","name":"Hemoproct","url":"https:\/\/hemoproct.com\/be\/fr\/","logo":{"@type":"ImageObject","inLanguage":"fr-BE","@id":"https:\/\/hemoproct.com\/be\/fr\/#\/schema\/logo\/image\/","url":"https:\/\/hemoproct.com\/app\/uploads\/sites\/2\/2022\/06\/logo-hemoproct.png","contentUrl":"https:\/\/hemoproct.com\/app\/uploads\/sites\/2\/2022\/06\/logo-hemoproct.png","width":162,"height":24,"caption":"Hemoproct"},"image":{"@id":"https:\/\/hemoproct.com\/be\/fr\/#\/schema\/logo\/image\/"}}]}},"_links":{"self":[{"href":"https:\/\/hemoproct.com\/be\/fr\/wp-json\/wp\/v2\/pages\/116","targetHints":{"allow":["GET"]}}],"collection":[{"href":"https:\/\/hemoproct.com\/be\/fr\/wp-json\/wp\/v2\/pages"}],"about":[{"href":"https:\/\/hemoproct.com\/be\/fr\/wp-json\/wp\/v2\/types\/page"}],"author":[{"embeddable":true,"href":"https:\/\/hemoproct.com\/be\/fr\/wp-json\/wp\/v2\/users\/2"}],"replies":[{"embeddable":true,"href":"https:\/\/hemoproct.com\/be\/fr\/wp-json\/wp\/v2\/comments?post=116"}],"version-history":[{"count":5,"href":"https:\/\/hemoproct.com\/be\/fr\/wp-json\/wp\/v2\/pages\/116\/revisions"}],"predecessor-version":[{"id":519,"href":"https:\/\/hemoproct.com\/be\/fr\/wp-json\/wp\/v2\/pages\/116\/revisions\/519"}],"wp:attachment":[{"href":"https:\/\/hemoproct.com\/be\/fr\/wp-json\/wp\/v2\/media?parent=116"}],"wp:term":[{"taxonomy":"from-article-database","embeddable":true,"href":"https:\/\/hemoproct.com\/be\/fr\/wp-json\/wp\/v2\/from-article-database?post=116"}],"curies":[{"name":"wp","href":"https:\/\/api.w.org\/{rel}","templated":true}]}}