{"id":146,"date":"2022-06-09T14:58:02","date_gmt":"2022-06-09T12:58:02","guid":{"rendered":"https:\/\/hemoproct.com\/be\/product\/hemoproct-gel-can\/"},"modified":"2025-09-03T10:32:45","modified_gmt":"2025-09-03T08:32:45","slug":"hemoproct-gel-can","status":"publish","type":"product","link":"https:\/\/hemoproct.com\/be\/fr\/produit\/hemoproct-gel-can\/","title":{"rendered":"Hemoproct Gel Can"},"content":{"rendered":"\n<div class=\"wp-block-karopharma-accordions\"><div class=\"container\">\n<details class=\"wp-block-karopharma-accordion\"><summary><h2 class=\"accordion-title\">Comment l\u2019appliquer ?<\/h2><\/summary><div class=\"accordion-content\">\n<p>Utilisez apr\u00e8s \u00eatre all\u00e9 \u00e0 la selle, au moins deux fois par jour, le matin et le soir avant d\u2019aller au lit. En cas de douleurs lors du passage aux toilettes, appliquez \u00e9galement avant d\u2019y aller. Des applications plus fr\u00e9quentes augmentent l\u2019efficacit\u00e9.<\/p>\n\n\n\n<figure class=\"wp-block-image size-full\"><img loading=\"lazy\" decoding=\"async\" width=\"320\" height=\"140\" src=\"https:\/\/hemoproct.com\/app\/uploads\/sites\/2\/2022\/06\/etape-1-320x140-1.png\" alt=\"\" class=\"wp-image-93\"\/><\/figure>\n\n\n\n<p><strong>\u00c9tape 1.<\/strong> Retirez le bouchon. Posez la bombe a\u00e9rosol sur une table ou surface plane. N\u2019appuyez pas sur le bouton blanc.<\/p>\n\n\n\n<figure class=\"wp-block-image size-full\"><img loading=\"lazy\" decoding=\"async\" width=\"320\" height=\"140\" src=\"https:\/\/hemoproct.com\/app\/uploads\/sites\/2\/2022\/06\/etape-2-320x140-1.png\" alt=\"\" class=\"wp-image-95\"\/><\/figure>\n\n\n\n<p><strong>\u00c9tape 2.<\/strong> Tout en tenant la bombe, appuyez fermement sur la partie bleue (B) (vous entendez un sifflement) jusqu\u2019\u00e0 ce qu\u2019un anneau apparaisse sur la partie blanche (A). Cela prend g\u00e9n\u00e9ralement 2 secondes. Vous remarquerez que la partie blanche (A) s\u2019est automatiquement d\u00e9plac\u00e9e vers le haut. L\u2019applicateur est d\u00e9sormais charg\u00e9 et pr\u00eat \u00e0 l\u2019emploi.<\/p>\n\n\n\n<figure class=\"wp-block-image size-full is-resized\"><img loading=\"lazy\" decoding=\"async\" src=\"https:\/\/hemoproct.com\/app\/uploads\/sites\/2\/2022\/06\/etape-3.png\" alt=\"\" class=\"wp-image-97\" width=\"129\" height=\"131\"\/><\/figure>\n\n\n\n<p><strong>\u00c9tape 3.<\/strong> Tirez sur l\u2019applicateur pour le sortir du support (partie C).<\/p>\n\n\n\n<figure class=\"wp-block-image size-full is-resized\"><img loading=\"lazy\" decoding=\"async\" src=\"https:\/\/hemoproct.com\/app\/uploads\/sites\/2\/2022\/06\/etape-4.png\" alt=\"\" class=\"wp-image-99\" width=\"123\" height=\"127\"\/><\/figure>\n\n\n\n<p><strong>\u00c9tape 4.<\/strong> Ins\u00e9rez la partie bleue (B) dans l\u2019anus puis appuyez sur la partie blanche (A) pour lib\u00e9rer Hemoproct\u00ae Gel dans la zone affect\u00e9e.<\/p>\n\n\n\n<p><strong>Apr\u00e8s le traitement :<\/strong><br>Apr\u00e8s chaque utilisation, lavez les 2 parties de l\u2019applicateur s\u00e9par\u00e9ment \u00e0 l\u2019eau chaude. S\u00e9chez la partie C. Remettez l\u2019applicateur dans la partie C propre et fermez-le \u00e0 l\u2019aide du bouchon.<\/p>\n<\/div><\/details>\n\n\n\n<details class=\"wp-block-karopharma-accordion\"><summary><h2 class=\"accordion-title\">Quintuple action<\/h2><\/summary><div class=\"accordion-content\">\n<figure class=\"wp-block-image size-large\"><img decoding=\"async\" src=\"https:\/\/hemoproct.com\/app\/uploads\/sites\/2\/2022\/06\/quintuple-action-640x127-1-1.png\" alt=\"\" class=\"wp-image-51\"\/><\/figure>\n<\/div><\/details>\n\n\n\n<details class=\"wp-block-karopharma-accordion\"><summary><h2 class=\"accordion-title\">Caract\u00e9ristiques<\/h2><\/summary><div class=\"accordion-content\">\n<div class=\"wp-block-karopharma-several-images-with-text several-images-with-text\"><div class=\"container large col-2 content-align-center\" test-data=\"inner-content\">\n<section class=\"wp-block-karopharma-image-with-text image-with-text image-with-text__full-width\"><div class=\"image-with-text-container \"><div class=\"image-with-text-container-image-container\"><img decoding=\"async\" loading=\"lazy\" src=\"https:\/\/hemoproct.com\/cdn-cgi\/image\/format=auto\/app\/uploads\/sites\/2\/2022\/06\/HormoneFree-1.png\" alt=\"\"\/><\/div><div class=\"image-with-text-container-content\" style=\"text-align:left\" data-test=\"content\"><div class=\"content\"><p class=\"body\" data-test=\"body\">Sans hormone<\/p>\n<div class=\"wp-block-buttons is-layout-flex wp-block-buttons-is-layout-flex\"><\/div>\n<\/div><\/div><\/div><\/section>\n\n\n\n<section class=\"wp-block-karopharma-image-with-text image-with-text image-with-text__full-width\"><div class=\"image-with-text-container \"><div class=\"image-with-text-container-image-container\"><img decoding=\"async\" loading=\"lazy\" src=\"https:\/\/hemoproct.com\/cdn-cgi\/image\/format=auto\/app\/uploads\/sites\/2\/2022\/06\/FragranceFree-1.png\" alt=\"\"\/><\/div><div class=\"image-with-text-container-content\" style=\"text-align:left\" data-test=\"content\"><div class=\"content\"><p class=\"body\" data-test=\"body\">Sans parfum<\/p>\n<div class=\"wp-block-buttons is-layout-flex wp-block-buttons-is-layout-flex\"><\/div>\n<\/div><\/div><\/div><\/section>\n\n\n\n<section class=\"wp-block-karopharma-image-with-text image-with-text image-with-text__full-width\"><div class=\"image-with-text-container \"><div class=\"image-with-text-container-image-container\"><img decoding=\"async\" loading=\"lazy\" src=\"https:\/\/hemoproct.com\/cdn-cgi\/image\/format=auto\/app\/uploads\/sites\/2\/2022\/06\/NoAnimalOrigin-1.png\" alt=\"\"\/><\/div><div class=\"image-with-text-container-content\" style=\"text-align:left\" data-test=\"content\"><div class=\"content\"><p class=\"body\" data-test=\"body\">Aucun ingr\u00e9dient d\u2019origine animale<\/p>\n<div class=\"wp-block-buttons is-layout-flex wp-block-buttons-is-layout-flex\"><\/div>\n<\/div><\/div><\/div><\/section>\n\n\n\n<section class=\"wp-block-karopharma-image-with-text image-with-text image-with-text__full-width\"><div class=\"image-with-text-container \"><div class=\"image-with-text-container-image-container\"><img decoding=\"async\" loading=\"lazy\" src=\"https:\/\/hemoproct.com\/cdn-cgi\/image\/format=auto\/app\/uploads\/sites\/2\/2022\/06\/PregnancyFriendly-1.png\" alt=\"\"\/><\/div><div class=\"image-with-text-container-content\" style=\"text-align:left\" data-test=\"content\"><div class=\"content\"><p class=\"body\" data-test=\"body\">Peut \u00eatre utilis\u00e9 pendant la grossesse et l\u2019allaitement<\/p>\n<div class=\"wp-block-buttons is-layout-flex wp-block-buttons-is-layout-flex\"><\/div>\n<\/div><\/div><\/div><\/section>\n<\/div><\/div>\n\n\n\n<p><strong>Sans anesth\u00e9siques locaux ni corticost\u00e9ro\u00efdes.<\/strong><\/p>\n<\/div><\/details>\n\n\n\n<details class=\"wp-block-karopharma-accordion\"><summary><h2 class=\"accordion-title\">Ingr\u00e9dients<\/h2><\/summary><div class=\"accordion-content\">\n<p>Aqua, gel d\u2019Aloe barbadensis, polym\u00e8re r\u00e9ticul\u00e9 de galactoarabinane et d\u2019acide polygluconique, PEG-8, gomme xanthane, b\u00e9ta\u00efne, Laureth-9, ph\u00e9noxy\u00e9thanol, \u00e9thylhexylglyc\u00e9rine, hydroxyde de sodium, phosphate de potassium. <em>*2QR<\/em><\/p>\n<\/div><\/details>\n<\/div><\/div>\n","protected":false},"excerpt":{"rendered":"<p>Avec applicateur hygi\u00e9nique et facile<\/p>\n","protected":false},"featured_media":104,"comment_status":"closed","ping_status":"closed","template":"","meta":{"_acf_changed":false,"footnotes":""},"product_brand":[],"product_cat":[16],"product_tag":[],"class_list":{"0":"post-146","1":"product","2":"type-product","3":"status-publish","4":"has-post-thumbnail","6":"product_cat-uncategorized","8":"first","9":"instock","10":"shipping-taxable","11":"product-type-simple"},"acf":[],"yoast_head":"<!-- This site is optimized with the Yoast SEO plugin v26.6 - https:\/\/yoast.com\/wordpress\/plugins\/seo\/ -->\n<title>Hemoproct Gel Can - Hemoproct<\/title>\n<meta name=\"description\" content=\"Hemoproct est disponible en pharmacie et en ligne. Hemoproct Can soulage rapidement et hygi\u00e9niquement les h\u00e9morro\u00efdes internes.\" \/>\n<meta name=\"robots\" content=\"index, follow, max-snippet:-1, max-image-preview:large, max-video-preview:-1\" \/>\n<link rel=\"canonical\" href=\"https:\/\/hemoproct.com\/be\/fr\/produit\/hemoproct-gel-can\/\" \/>\n<meta property=\"og:locale\" content=\"fr_FR\" \/>\n<meta property=\"og:type\" content=\"article\" \/>\n<meta property=\"og:title\" content=\"Hemoproct Gel Can - Hemoproct\" \/>\n<meta property=\"og:description\" content=\"Hemoproct est disponible en pharmacie et en ligne. Hemoproct Can soulage rapidement et hygi\u00e9niquement les h\u00e9morro\u00efdes internes.\" \/>\n<meta property=\"og:url\" content=\"https:\/\/hemoproct.com\/be\/fr\/produit\/hemoproct-gel-can\/\" \/>\n<meta property=\"og:site_name\" content=\"Hemoproct\" \/>\n<meta property=\"article:modified_time\" content=\"2025-09-03T08:32:45+00:00\" \/>\n<meta property=\"og:image\" content=\"https:\/\/hemoproct.com\/app\/uploads\/sites\/2\/2022\/06\/HemoproctgelcanBE2201.png\" \/>\n\t<meta property=\"og:image:width\" content=\"700\" \/>\n\t<meta property=\"og:image:height\" content=\"700\" \/>\n\t<meta property=\"og:image:type\" content=\"image\/png\" \/>\n<meta name=\"twitter:card\" content=\"summary_large_image\" \/>\n<meta name=\"twitter:label1\" content=\"Dur\u00e9e de lecture est.\" \/>\n\t<meta name=\"twitter:data1\" content=\"3 minutes\" \/>\n<script type=\"application\/ld+json\" class=\"yoast-schema-graph\">{\"@context\":\"https:\/\/schema.org\",\"@graph\":[{\"@type\":\"WebPage\",\"@id\":\"https:\/\/hemoproct.com\/be\/fr\/produit\/hemoproct-gel-can\/\",\"url\":\"https:\/\/hemoproct.com\/be\/fr\/produit\/hemoproct-gel-can\/\",\"name\":\"Hemoproct Gel Can - Hemoproct\",\"isPartOf\":{\"@id\":\"https:\/\/hemoproct.com\/be\/fr\/#website\"},\"primaryImageOfPage\":{\"@id\":\"https:\/\/hemoproct.com\/be\/fr\/produit\/hemoproct-gel-can\/#primaryimage\"},\"image\":{\"@id\":\"https:\/\/hemoproct.com\/be\/fr\/produit\/hemoproct-gel-can\/#primaryimage\"},\"thumbnailUrl\":\"https:\/\/hemoproct.com\/app\/uploads\/sites\/2\/2022\/06\/HemoproctgelcanBE2201.png\",\"datePublished\":\"2022-06-09T12:58:02+00:00\",\"dateModified\":\"2025-09-03T08:32:45+00:00\",\"description\":\"Hemoproct est disponible en pharmacie et en ligne. Hemoproct Can soulage rapidement et hygi\u00e9niquement les h\u00e9morro\u00efdes internes.\",\"breadcrumb\":{\"@id\":\"https:\/\/hemoproct.com\/be\/fr\/produit\/hemoproct-gel-can\/#breadcrumb\"},\"inLanguage\":\"fr-BE\",\"potentialAction\":[{\"@type\":\"ReadAction\",\"target\":[\"https:\/\/hemoproct.com\/be\/fr\/produit\/hemoproct-gel-can\/\"]}]},{\"@type\":\"ImageObject\",\"inLanguage\":\"fr-BE\",\"@id\":\"https:\/\/hemoproct.com\/be\/fr\/produit\/hemoproct-gel-can\/#primaryimage\",\"url\":\"https:\/\/hemoproct.com\/app\/uploads\/sites\/2\/2022\/06\/HemoproctgelcanBE2201.png\",\"contentUrl\":\"https:\/\/hemoproct.com\/app\/uploads\/sites\/2\/2022\/06\/HemoproctgelcanBE2201.png\",\"width\":700,\"height\":700},{\"@type\":\"BreadcrumbList\",\"@id\":\"https:\/\/hemoproct.com\/be\/fr\/produit\/hemoproct-gel-can\/#breadcrumb\",\"itemListElement\":[{\"@type\":\"ListItem\",\"position\":1,\"name\":\"Home\",\"item\":\"https:\/\/hemoproct.com\/be\/fr\/\"},{\"@type\":\"ListItem\",\"position\":2,\"name\":\"Produits\",\"item\":\"https:\/\/hemoproct.com\/be\/fr\/?page_id=119\"},{\"@type\":\"ListItem\",\"position\":3,\"name\":\"Hemoproct Gel Can\"}]},{\"@type\":\"WebSite\",\"@id\":\"https:\/\/hemoproct.com\/be\/fr\/#website\",\"url\":\"https:\/\/hemoproct.com\/be\/fr\/\",\"name\":\"Hemoproct\",\"description\":\"\",\"publisher\":{\"@id\":\"https:\/\/hemoproct.com\/be\/fr\/#organization\"},\"potentialAction\":[{\"@type\":\"SearchAction\",\"target\":{\"@type\":\"EntryPoint\",\"urlTemplate\":\"https:\/\/hemoproct.com\/be\/fr\/?s={search_term_string}\"},\"query-input\":{\"@type\":\"PropertyValueSpecification\",\"valueRequired\":true,\"valueName\":\"search_term_string\"}}],\"inLanguage\":\"fr-BE\"},{\"@type\":\"Organization\",\"@id\":\"https:\/\/hemoproct.com\/be\/fr\/#organization\",\"name\":\"Hemoproct\",\"url\":\"https:\/\/hemoproct.com\/be\/fr\/\",\"logo\":{\"@type\":\"ImageObject\",\"inLanguage\":\"fr-BE\",\"@id\":\"https:\/\/hemoproct.com\/be\/fr\/#\/schema\/logo\/image\/\",\"url\":\"https:\/\/hemoproct.com\/app\/uploads\/sites\/2\/2022\/06\/logo-hemoproct.png\",\"contentUrl\":\"https:\/\/hemoproct.com\/app\/uploads\/sites\/2\/2022\/06\/logo-hemoproct.png\",\"width\":162,\"height\":24,\"caption\":\"Hemoproct\"},\"image\":{\"@id\":\"https:\/\/hemoproct.com\/be\/fr\/#\/schema\/logo\/image\/\"}}]}<\/script>\n<!-- \/ Yoast SEO plugin. -->","yoast_head_json":{"title":"Hemoproct Gel Can - Hemoproct","description":"Hemoproct est disponible en pharmacie et en ligne. Hemoproct Can soulage rapidement et hygi\u00e9niquement les h\u00e9morro\u00efdes internes.","robots":{"index":"index","follow":"follow","max-snippet":"max-snippet:-1","max-image-preview":"max-image-preview:large","max-video-preview":"max-video-preview:-1"},"canonical":"https:\/\/hemoproct.com\/be\/fr\/produit\/hemoproct-gel-can\/","og_locale":"fr_FR","og_type":"article","og_title":"Hemoproct Gel Can - Hemoproct","og_description":"Hemoproct est disponible en pharmacie et en ligne. Hemoproct Can soulage rapidement et hygi\u00e9niquement les h\u00e9morro\u00efdes internes.","og_url":"https:\/\/hemoproct.com\/be\/fr\/produit\/hemoproct-gel-can\/","og_site_name":"Hemoproct","article_modified_time":"2025-09-03T08:32:45+00:00","og_image":[{"width":700,"height":700,"url":"https:\/\/hemoproct.com\/app\/uploads\/sites\/2\/2022\/06\/HemoproctgelcanBE2201.png","type":"image\/png"}],"twitter_card":"summary_large_image","twitter_misc":{"Dur\u00e9e de lecture est.":"3 minutes"},"schema":{"@context":"https:\/\/schema.org","@graph":[{"@type":"WebPage","@id":"https:\/\/hemoproct.com\/be\/fr\/produit\/hemoproct-gel-can\/","url":"https:\/\/hemoproct.com\/be\/fr\/produit\/hemoproct-gel-can\/","name":"Hemoproct Gel Can - Hemoproct","isPartOf":{"@id":"https:\/\/hemoproct.com\/be\/fr\/#website"},"primaryImageOfPage":{"@id":"https:\/\/hemoproct.com\/be\/fr\/produit\/hemoproct-gel-can\/#primaryimage"},"image":{"@id":"https:\/\/hemoproct.com\/be\/fr\/produit\/hemoproct-gel-can\/#primaryimage"},"thumbnailUrl":"https:\/\/hemoproct.com\/app\/uploads\/sites\/2\/2022\/06\/HemoproctgelcanBE2201.png","datePublished":"2022-06-09T12:58:02+00:00","dateModified":"2025-09-03T08:32:45+00:00","description":"Hemoproct est disponible en pharmacie et en ligne. Hemoproct Can soulage rapidement et hygi\u00e9niquement les h\u00e9morro\u00efdes internes.","breadcrumb":{"@id":"https:\/\/hemoproct.com\/be\/fr\/produit\/hemoproct-gel-can\/#breadcrumb"},"inLanguage":"fr-BE","potentialAction":[{"@type":"ReadAction","target":["https:\/\/hemoproct.com\/be\/fr\/produit\/hemoproct-gel-can\/"]}]},{"@type":"ImageObject","inLanguage":"fr-BE","@id":"https:\/\/hemoproct.com\/be\/fr\/produit\/hemoproct-gel-can\/#primaryimage","url":"https:\/\/hemoproct.com\/app\/uploads\/sites\/2\/2022\/06\/HemoproctgelcanBE2201.png","contentUrl":"https:\/\/hemoproct.com\/app\/uploads\/sites\/2\/2022\/06\/HemoproctgelcanBE2201.png","width":700,"height":700},{"@type":"BreadcrumbList","@id":"https:\/\/hemoproct.com\/be\/fr\/produit\/hemoproct-gel-can\/#breadcrumb","itemListElement":[{"@type":"ListItem","position":1,"name":"Home","item":"https:\/\/hemoproct.com\/be\/fr\/"},{"@type":"ListItem","position":2,"name":"Produits","item":"https:\/\/hemoproct.com\/be\/fr\/?page_id=119"},{"@type":"ListItem","position":3,"name":"Hemoproct Gel Can"}]},{"@type":"WebSite","@id":"https:\/\/hemoproct.com\/be\/fr\/#website","url":"https:\/\/hemoproct.com\/be\/fr\/","name":"Hemoproct","description":"","publisher":{"@id":"https:\/\/hemoproct.com\/be\/fr\/#organization"},"potentialAction":[{"@type":"SearchAction","target":{"@type":"EntryPoint","urlTemplate":"https:\/\/hemoproct.com\/be\/fr\/?s={search_term_string}"},"query-input":{"@type":"PropertyValueSpecification","valueRequired":true,"valueName":"search_term_string"}}],"inLanguage":"fr-BE"},{"@type":"Organization","@id":"https:\/\/hemoproct.com\/be\/fr\/#organization","name":"Hemoproct","url":"https:\/\/hemoproct.com\/be\/fr\/","logo":{"@type":"ImageObject","inLanguage":"fr-BE","@id":"https:\/\/hemoproct.com\/be\/fr\/#\/schema\/logo\/image\/","url":"https:\/\/hemoproct.com\/app\/uploads\/sites\/2\/2022\/06\/logo-hemoproct.png","contentUrl":"https:\/\/hemoproct.com\/app\/uploads\/sites\/2\/2022\/06\/logo-hemoproct.png","width":162,"height":24,"caption":"Hemoproct"},"image":{"@id":"https:\/\/hemoproct.com\/be\/fr\/#\/schema\/logo\/image\/"}}]}},"_links":{"self":[{"href":"https:\/\/hemoproct.com\/be\/fr\/wp-json\/wp\/v2\/product\/146","targetHints":{"allow":["GET"]}}],"collection":[{"href":"https:\/\/hemoproct.com\/be\/fr\/wp-json\/wp\/v2\/product"}],"about":[{"href":"https:\/\/hemoproct.com\/be\/fr\/wp-json\/wp\/v2\/types\/product"}],"replies":[{"embeddable":true,"href":"https:\/\/hemoproct.com\/be\/fr\/wp-json\/wp\/v2\/comments?post=146"}],"version-history":[{"count":6,"href":"https:\/\/hemoproct.com\/be\/fr\/wp-json\/wp\/v2\/product\/146\/revisions"}],"predecessor-version":[{"id":491,"href":"https:\/\/hemoproct.com\/be\/fr\/wp-json\/wp\/v2\/product\/146\/revisions\/491"}],"wp:featuredmedia":[{"embeddable":true,"href":"https:\/\/hemoproct.com\/be\/fr\/wp-json\/wp\/v2\/media\/104"}],"wp:attachment":[{"href":"https:\/\/hemoproct.com\/be\/fr\/wp-json\/wp\/v2\/media?parent=146"}],"wp:term":[{"taxonomy":"product_brand","embeddable":true,"href":"https:\/\/hemoproct.com\/be\/fr\/wp-json\/wp\/v2\/product_brand?post=146"},{"taxonomy":"product_cat","embeddable":true,"href":"https:\/\/hemoproct.com\/be\/fr\/wp-json\/wp\/v2\/product_cat?post=146"},{"taxonomy":"product_tag","embeddable":true,"href":"https:\/\/hemoproct.com\/be\/fr\/wp-json\/wp\/v2\/product_tag?post=146"}],"curies":[{"name":"wp","href":"https:\/\/api.w.org\/{rel}","templated":true}]}}