{"id":11,"date":"2022-06-09T10:25:56","date_gmt":"2022-06-09T08:25:56","guid":{"rendered":"https:\/\/hemoproct.com\/ch\/?page_id=11"},"modified":"2023-02-10T10:50:18","modified_gmt":"2023-02-10T09:50:18","slug":"hemoproct","status":"publish","type":"page","link":"https:\/\/hemoproct.com\/ch\/de\/","title":{"rendered":"Hemoproct"},"content":{"rendered":"\n<div class=\"wp-block-karopharma-product-promotion text-align-right pt-medium pb-medium bg-bottom bg-cover bg-no-repeat  undefined is-style-transparent\" style=\"background-image:url(https:\/\/hemoproct.com\/cdn-cgi\/image\/format=auto\/app\/uploads\/sites\/4\/2022\/06\/Hero1BG.png)\"><div class=\"container max-w-large\">\n<div class=\"wp-block-group is-layout-flow wp-block-group-is-layout-flow\">\n<figure class=\"wp-block-image size-full\"><img loading=\"lazy\" decoding=\"async\" width=\"741\" height=\"667\" src=\"https:\/\/hemoproct.com\/app\/uploads\/sites\/4\/2022\/06\/Hemoproct-Group-Gel-start.png\" alt=\"Hemoproct Group Gel\" class=\"wp-image-116\" srcset=\"https:\/\/hemoproct.com\/app\/uploads\/sites\/4\/2022\/06\/Hemoproct-Group-Gel-start.png 741w, https:\/\/hemoproct.com\/app\/uploads\/sites\/4\/2022\/06\/Hemoproct-Group-Gel-start-320x288.png 320w, https:\/\/hemoproct.com\/app\/uploads\/sites\/4\/2022\/06\/Hemoproct-Group-Gel-start-600x540.png 600w\" sizes=\"auto, (max-width: 741px) 100vw, 741px\" \/><\/figure>\n<\/div>\n\n\n\n<div class=\"wp-block-group is-layout-flow wp-block-group-is-layout-flow\">\n<h1 class=\"title is-style-heading-h1 has-white-color has-text-color wp-block-heading\" id=\"la-solution-naturelle-pour-soulager-rapidement-les-hemorroides-1\">Die nat\u00fcrliche Soforthilfe bei H\u00e4morrhoiden<\/h1>\n\n\n\n<h2 class=\"heading is-style-heading-h3 has-white-color has-text-color wp-block-heading\" id=\"personne-ne-merite-de-vivre-avec-des-hemorroides-et-des-genes-annales\">Niemand muss sich mit H\u00e4morrhoiden und Analbeschwerden abfinden<\/h2>\n\n\n\n<p class=\"paragraph is-style-paragraph-preamble\"><\/p>\n\n\n\n<div class=\"wp-block-buttons is-layout-flex wp-block-buttons-is-layout-flex\">\n<div class=\"wp-block-button is-style-primary-light-button\"><a class=\"wp-block-button__link\" href=\"https:\/\/hemoproct.com\/ch\/de\/ueber-hemoproct\/\">Mehr erfahren<\/a><\/div>\n<\/div>\n<\/div>\n<\/div><\/div>\n\n\n\n<div class=\"wp-block-karopharma-free-text pt-large pb-large bg-center bg-cover bg-no-repeat bg-box undefined is-style-primary\" style=\"background-image:url()\"><div class=\"free-text-wrapper container max-w-medium text-center\">\n<h2 class=\"is-style-heading-h1 wp-block-heading\" id=\"la-solution-naturelle-pour-soulager-rapidement-les-hemorroides\">Die einzigartige Formulierung mit 5-fach Wirkung<\/h2>\n\n\n\n<h3 class=\"is-style-heading-h3 wp-block-heading\" id=\"personne-ne-merite-de-vivre-avec-deshemorroides-et-des-genes-annales\">Frei von Lokalan\u00e4sthetika und Kortison<\/h3>\n\n\n\n<div class=\"wp-block-image\"><figure class=\"aligncenter size-full\"><img loading=\"lazy\" decoding=\"async\" width=\"640\" height=\"117\" src=\"https:\/\/hemoproct.com\/app\/uploads\/sites\/4\/2022\/06\/icon-de.png\" alt=\"Die einzigartige Formulierung mit 5-fach Wirkung\" class=\"wp-image-108\" srcset=\"https:\/\/hemoproct.com\/app\/uploads\/sites\/4\/2022\/06\/icon-de.png 640w, https:\/\/hemoproct.com\/app\/uploads\/sites\/4\/2022\/06\/icon-de-320x59.png 320w, https:\/\/hemoproct.com\/app\/uploads\/sites\/4\/2022\/06\/icon-de-600x110.png 600w\" sizes=\"auto, (max-width: 640px) 100vw, 640px\" \/><\/figure><\/div>\n\n\n\n<p class=\"is-style-paragraph-body-text\">Hemoproct\u00ae verschafft sofortige Linderung bei Analbeschwerden. Auf Basis von nat\u00fcrlichen Inhaltsstoffen kann Hemoproct bei regelm\u00e4\u00dfigen Beschwerden oder in der Schwangerschaft angewendet werden. Der 2QR-Komplex aus Aloe Vera bildet eine physikalische Barriere, die vor sch\u00e4dlichen Bakterien sch\u00fctzt.<\/p>\n<\/div><\/div>\n\n\n<div class=\"product-list wp-block-karopharma-product-list\" data-testid=\"product-list\">\n      <div class=\"swiper-container\">\n      <div class=\"swiper\">\n        <div class=\"swiper-wrapper\">\n                      <div class=\"swiper-slide\">\n              <div class=\"product-card\" data-testid=\"product-card\">\n  <a\n    href=https:\/\/hemoproct.com\/ch\/de\/produkte\/hemoproct-gel-tube\/\n    class=\"product-card-link\"\n    title=\"Hemoproct Gel Tube\"\n  >\n  <figure class=\"product-card-image\" data-testid=\"product-image\">\n                          <img decoding=\"async\" src=\"https:\/\/hemoproct.com\/cdn-cgi\/image\/width=700,format=auto\/app\/uploads\/sites\/4\/2022\/06\/Hemoproct_Group_Gel.png\"\n        srcset=\"https:\/\/hemoproct.com\/cdn-cgi\/image\/width=250,format=auto\/app\/uploads\/sites\/4\/2022\/06\/Hemoproct_Group_Gel.png 250w,\n                https:\/\/hemoproct.com\/cdn-cgi\/image\/width=500,format=auto\/app\/uploads\/sites\/4\/2022\/06\/Hemoproct_Group_Gel.png 500w,\n                https:\/\/hemoproct.com\/cdn-cgi\/image\/width=700,format=auto\/app\/uploads\/sites\/4\/2022\/06\/Hemoproct_Group_Gel.png 700w\"\n        sizes=\"(max-width: 400px) 250px, (max-width: 800px) 500px, 700px\"\n        alt=\"Hemoproct Group Gel\"\n        class=\"img\">\n            <\/figure>\n    <div class=\"product-card-content\">\n      <div class=\"heading-wrapper\">\n        <h2 class=\"heading\">Hemoproct Gel Tube<\/h2>\n      <\/div>\n      <div class=\"product-card-description\">Hemoproct-Tube mit einfachem Applikator f\u00fcr schnelle H\u00e4morrhoiden-Entlastung\n\n<\/div>\n                      <\/div>\n  <\/a>\n          <div class=\"button-wrapper buy-now \" data-testid=\"buy-now\">\n      <div class=\"buy-now-container dropdown-container\">\n      <div class=\"theme-button button-primary-color dropdown-link\" aria-label=\"Jetzt kaufen\">\n          Jetzt kaufen <i class=\"dropdown\"><\/i>\n      <\/div>\n      <ul class=\"reseller-list submenu\">\n                    <li>\n              <a\n                href=\"https:\/\/www.drogi.ch\/actiproct-gel-hamorrhoiden-tube-30g.html\" onclick=\"dataLayer.push({'event':'ga_event', 'eventCategory':'Click on Reseller', 'eventAction':'Drogi', 'eventLabel':'Hemoproct Gel Tube', 'eventValue': undefined})\" rel=\"noopener\" target=\"_blank\" title=\"Drogi\"\n                data-testid=\"buy-now-reseller\">\n                <i class=\"fa-solid fa-arrow-right\"><\/i> Drogi\n              <\/a>\n          <\/li>\n                    <li>\n              <a\n                href=\"https:\/\/kanela.ch\/de\/actiproct-gel-30g\" onclick=\"dataLayer.push({'event':'ga_event', 'eventCategory':'Click on Reseller', 'eventAction':'Kanela', 'eventLabel':'Hemoproct Gel Tube', 'eventValue': undefined})\" rel=\"noopener\" target=\"_blank\" title=\"Kanela\"\n                data-testid=\"buy-now-reseller\">\n                <i class=\"fa-solid fa-arrow-right\"><\/i> Kanela\n              <\/a>\n          <\/li>\n                    <li>\n              <a\n                href=\"https:\/\/www.nurnatur.ch\/schwabe-pharma-ag-hametum-actiproct-gel-tube-a-30-gramm\" onclick=\"dataLayer.push({'event':'ga_event', 'eventCategory':'Click on Reseller', 'eventAction':'Nurnatur', 'eventLabel':'Hemoproct Gel Tube', 'eventValue': undefined})\" rel=\"noopener\" target=\"_blank\" title=\"Nurnatur\"\n                data-testid=\"buy-now-reseller\">\n                <i class=\"fa-solid fa-arrow-right\"><\/i> Nurnatur\n              <\/a>\n          <\/li>\n                    <li>\n              <a\n                href=\"https:\/\/www.puravita.ch\/de_ch\/actiproct-gel-30-g\" onclick=\"dataLayer.push({'event':'ga_event', 'eventCategory':'Click on Reseller', 'eventAction':'Puravita', 'eventLabel':'Hemoproct Gel Tube', 'eventValue': undefined})\" rel=\"noopener\" target=\"_blank\" title=\"Puravita\"\n                data-testid=\"buy-now-reseller\">\n                <i class=\"fa-solid fa-arrow-right\"><\/i> Puravita\n              <\/a>\n          <\/li>\n                    <li>\n              <a\n                href=\"https:\/\/www.vitaminplus.ch\/hemoproct-gel-tube-37-g\" onclick=\"dataLayer.push({'event':'ga_event', 'eventCategory':'Click on Reseller', 'eventAction':'Vitaminplus', 'eventLabel':'Hemoproct Gel Tube', 'eventValue': undefined})\" rel=\"noopener\" target=\"_blank\" title=\"Vitaminplus\"\n                data-testid=\"buy-now-reseller\">\n                <i class=\"fa-solid fa-arrow-right\"><\/i> Vitaminplus\n              <\/a>\n          <\/li>\n                    <li>\n              <a\n                href=\"https:\/\/www.vitaserv.ch\/pi\/marken-von-a-z\/a\/actiproct\/actiproct-gel-tube-30-g.html?von_suchresultat=true\" onclick=\"dataLayer.push({'event':'ga_event', 'eventCategory':'Click on Reseller', 'eventAction':'VitaServ', 'eventLabel':'Hemoproct Gel Tube', 'eventValue': undefined})\" rel=\"noopener\" target=\"_blank\" title=\"VitaServ\"\n                data-testid=\"buy-now-reseller\">\n                <i class=\"fa-solid fa-arrow-right\"><\/i> VitaServ\n              <\/a>\n          <\/li>\n                    <li>\n              <a\n                href=\"https:\/\/www.zurrose-shop.ch\/de\/gel\/dp\/N8ZKJ940\" onclick=\"dataLayer.push({'event':'ga_event', 'eventCategory':'Click on Reseller', 'eventAction':'zur Rose', 'eventLabel':'Hemoproct Gel Tube', 'eventValue': undefined})\" rel=\"noopener\" target=\"_blank\" title=\"zur Rose\"\n                data-testid=\"buy-now-reseller\">\n                <i class=\"fa-solid fa-arrow-right\"><\/i> zur Rose\n              <\/a>\n          <\/li>\n                <\/ul>\n    <\/div>\n  <\/div>\n  <\/div>\n            <\/div>\n                  <\/div>\n        <div class=\"swiper-scrollbar\"><\/div>\n      <\/div>\n    <\/div>\n  <\/div>\n\n\n\n<div class=\"wp-block-karopharma-free-text pt-large pb-large bg-center bg-cover bg-no-repeat bg-box undefined is-style-secondary\" style=\"background-image:url()\"><div class=\"free-text-wrapper container max-w-medium text-center\">\n<h2 class=\"is-style-heading-h1 wp-block-heading\" id=\"la-solution-naturelle-pour-soulager-rapidement-les-hemorroides\">Was sind H\u00e4morrhoiden?<\/h2>\n\n\n\n<p>H\u00e4morrhoiden sind Gef\u00e4sspolster, welche sich am Ende des Enddarms befinden. Zusammen mit dem Schliessmuskel sorgen sie daf\u00fcr, dass der Darm nach aussen richtig schliesst.<\/p>\n\n\n\n<p>Durch \u00fcberm\u00e4ssigen Druck, schwaches Gewebe oder andere Faktoren k\u00f6nnen sich diese Gef\u00e4sspolster ver-gr\u00f6ssern \u2013 ein H\u00e4morrhoidalleiden entsteht. Betroffene werden geplagt von Symptomen wie Juckreiz, Bren-nen, Stechen oder auch Blutungen.<\/p>\n\n\n\n<p>Je eher man etwas unternimmt, desto besser! Gerade in den ersten Stadion kann noch viel getan werden, um ein H\u00e4morrhoidalleiden zu behandeln.<\/p>\n\n\n\n<h2 class=\"is-style-heading-h1 wp-block-heading\" id=\"la-solution-naturelle-pour-soulager-rapidement-les-hemorroides\">Wie man H\u00e4morrhoiden vorbeugt<\/h2>\n\n\n\n<p>Der Schl\u00fcssel liegt in einer guten Kombination aus Bewegung, einer gesunden Ern\u00e4hrung, ausreichende Fl\u00fcs-sigkeitszufuhr, sowie regelm\u00e4ssige Toiletteng\u00e4nge und K\u00f6rperpflege. Bei der Analhygiene ist auf eine sanfte, aber gr\u00fcndliche Reinigung zu achten. Hierzu k\u00f6nnen auch Feuchtt\u00fccher verwendet werden.<\/p>\n<\/div><\/div>\n","protected":false},"excerpt":{"rendered":"","protected":false},"author":2,"featured_media":0,"parent":0,"menu_order":0,"comment_status":"closed","ping_status":"closed","template":"","meta":{"_acf_changed":false,"footnotes":""},"from-article-database":[],"class_list":["post-11","page","type-page","status-publish","hentry"],"acf":[],"yoast_head":"<!-- This site is optimized with the Yoast SEO plugin v26.6 - https:\/\/yoast.com\/wordpress\/plugins\/seo\/ -->\n<title>Hemoproct - Hemoproct<\/title>\n<meta name=\"description\" content=\"Die nat\u00fcrliche Soforthilfe bei H\u00e4morrhoiden\" \/>\n<meta name=\"robots\" content=\"index, follow, max-snippet:-1, max-image-preview:large, max-video-preview:-1\" \/>\n<link rel=\"canonical\" href=\"https:\/\/hemoproct.com\/ch\/de\/\" \/>\n<meta property=\"og:locale\" content=\"de_DE\" \/>\n<meta property=\"og:type\" content=\"article\" \/>\n<meta property=\"og:title\" content=\"Hemoproct - Hemoproct\" \/>\n<meta property=\"og:description\" content=\"Die nat\u00fcrliche Soforthilfe bei H\u00e4morrhoiden\" \/>\n<meta property=\"og:url\" content=\"https:\/\/hemoproct.com\/ch\/de\/\" \/>\n<meta property=\"og:site_name\" content=\"Hemoproct\" \/>\n<meta property=\"article:modified_time\" content=\"2023-02-10T09:50:18+00:00\" \/>\n<meta property=\"og:image\" content=\"https:\/\/hemoproct.com\/app\/uploads\/sites\/4\/2022\/06\/Hemoproct-Group-Gel-start.png\" \/>\n<meta name=\"twitter:card\" content=\"summary_large_image\" \/>\n<meta name=\"twitter:label1\" content=\"Gesch\u00e4tzte Lesezeit\" \/>\n\t<meta name=\"twitter:data1\" content=\"2\u00a0Minuten\" \/>\n<script type=\"application\/ld+json\" class=\"yoast-schema-graph\">{\"@context\":\"https:\/\/schema.org\",\"@graph\":[{\"@type\":\"WebPage\",\"@id\":\"https:\/\/hemoproct.com\/ch\/de\/\",\"url\":\"https:\/\/hemoproct.com\/ch\/de\/\",\"name\":\"Hemoproct - Hemoproct\",\"isPartOf\":{\"@id\":\"https:\/\/hemoproct.com\/ch\/de\/#website\"},\"primaryImageOfPage\":{\"@id\":\"https:\/\/hemoproct.com\/ch\/de\/#primaryimage\"},\"image\":{\"@id\":\"https:\/\/hemoproct.com\/ch\/de\/#primaryimage\"},\"thumbnailUrl\":\"https:\/\/hemoproct.com\/app\/uploads\/sites\/4\/2022\/06\/Hemoproct-Group-Gel-start.png\",\"datePublished\":\"2022-06-09T08:25:56+00:00\",\"dateModified\":\"2023-02-10T09:50:18+00:00\",\"description\":\"Die nat\u00fcrliche Soforthilfe bei H\u00e4morrhoiden\",\"breadcrumb\":{\"@id\":\"https:\/\/hemoproct.com\/ch\/de\/#breadcrumb\"},\"inLanguage\":\"de-CH\",\"potentialAction\":[{\"@type\":\"ReadAction\",\"target\":[\"https:\/\/hemoproct.com\/ch\/de\/\"]}]},{\"@type\":\"ImageObject\",\"inLanguage\":\"de-CH\",\"@id\":\"https:\/\/hemoproct.com\/ch\/de\/#primaryimage\",\"url\":\"https:\/\/hemoproct.com\/app\/uploads\/sites\/4\/2022\/06\/Hemoproct-Group-Gel-start.png\",\"contentUrl\":\"https:\/\/hemoproct.com\/app\/uploads\/sites\/4\/2022\/06\/Hemoproct-Group-Gel-start.png\"},{\"@type\":\"BreadcrumbList\",\"@id\":\"https:\/\/hemoproct.com\/ch\/de\/#breadcrumb\",\"itemListElement\":[{\"@type\":\"ListItem\",\"position\":1,\"name\":\"Home\",\"item\":\"https:\/\/hemoproct.com\/ch\/de\/\"},{\"@type\":\"ListItem\",\"position\":2,\"name\":\"Hemoproct\"}]},{\"@type\":\"WebSite\",\"@id\":\"https:\/\/hemoproct.com\/ch\/de\/#website\",\"url\":\"https:\/\/hemoproct.com\/ch\/de\/\",\"name\":\"Hemoproct\",\"description\":\"\",\"publisher\":{\"@id\":\"https:\/\/hemoproct.com\/ch\/de\/#organization\"},\"potentialAction\":[{\"@type\":\"SearchAction\",\"target\":{\"@type\":\"EntryPoint\",\"urlTemplate\":\"https:\/\/hemoproct.com\/ch\/de\/?s={search_term_string}\"},\"query-input\":{\"@type\":\"PropertyValueSpecification\",\"valueRequired\":true,\"valueName\":\"search_term_string\"}}],\"inLanguage\":\"de-CH\"},{\"@type\":\"Organization\",\"@id\":\"https:\/\/hemoproct.com\/ch\/de\/#organization\",\"name\":\"Hemoproct\",\"url\":\"https:\/\/hemoproct.com\/ch\/de\/\",\"logo\":{\"@type\":\"ImageObject\",\"inLanguage\":\"de-CH\",\"@id\":\"https:\/\/hemoproct.com\/ch\/de\/#\/schema\/logo\/image\/\",\"url\":\"https:\/\/hemoproct.com\/app\/uploads\/sites\/4\/2022\/06\/logo-hemoproct.png\",\"contentUrl\":\"https:\/\/hemoproct.com\/app\/uploads\/sites\/4\/2022\/06\/logo-hemoproct.png\",\"width\":162,\"height\":24,\"caption\":\"Hemoproct\"},\"image\":{\"@id\":\"https:\/\/hemoproct.com\/ch\/de\/#\/schema\/logo\/image\/\"}}]}<\/script>\n<!-- \/ Yoast SEO plugin. -->","yoast_head_json":{"title":"Hemoproct - Hemoproct","description":"Die nat\u00fcrliche Soforthilfe bei H\u00e4morrhoiden","robots":{"index":"index","follow":"follow","max-snippet":"max-snippet:-1","max-image-preview":"max-image-preview:large","max-video-preview":"max-video-preview:-1"},"canonical":"https:\/\/hemoproct.com\/ch\/de\/","og_locale":"de_DE","og_type":"article","og_title":"Hemoproct - Hemoproct","og_description":"Die nat\u00fcrliche Soforthilfe bei H\u00e4morrhoiden","og_url":"https:\/\/hemoproct.com\/ch\/de\/","og_site_name":"Hemoproct","article_modified_time":"2023-02-10T09:50:18+00:00","og_image":[{"url":"https:\/\/hemoproct.com\/app\/uploads\/sites\/4\/2022\/06\/Hemoproct-Group-Gel-start.png","type":"","width":"","height":""}],"twitter_card":"summary_large_image","twitter_misc":{"Gesch\u00e4tzte Lesezeit":"2\u00a0Minuten"},"schema":{"@context":"https:\/\/schema.org","@graph":[{"@type":"WebPage","@id":"https:\/\/hemoproct.com\/ch\/de\/","url":"https:\/\/hemoproct.com\/ch\/de\/","name":"Hemoproct - Hemoproct","isPartOf":{"@id":"https:\/\/hemoproct.com\/ch\/de\/#website"},"primaryImageOfPage":{"@id":"https:\/\/hemoproct.com\/ch\/de\/#primaryimage"},"image":{"@id":"https:\/\/hemoproct.com\/ch\/de\/#primaryimage"},"thumbnailUrl":"https:\/\/hemoproct.com\/app\/uploads\/sites\/4\/2022\/06\/Hemoproct-Group-Gel-start.png","datePublished":"2022-06-09T08:25:56+00:00","dateModified":"2023-02-10T09:50:18+00:00","description":"Die nat\u00fcrliche Soforthilfe bei H\u00e4morrhoiden","breadcrumb":{"@id":"https:\/\/hemoproct.com\/ch\/de\/#breadcrumb"},"inLanguage":"de-CH","potentialAction":[{"@type":"ReadAction","target":["https:\/\/hemoproct.com\/ch\/de\/"]}]},{"@type":"ImageObject","inLanguage":"de-CH","@id":"https:\/\/hemoproct.com\/ch\/de\/#primaryimage","url":"https:\/\/hemoproct.com\/app\/uploads\/sites\/4\/2022\/06\/Hemoproct-Group-Gel-start.png","contentUrl":"https:\/\/hemoproct.com\/app\/uploads\/sites\/4\/2022\/06\/Hemoproct-Group-Gel-start.png"},{"@type":"BreadcrumbList","@id":"https:\/\/hemoproct.com\/ch\/de\/#breadcrumb","itemListElement":[{"@type":"ListItem","position":1,"name":"Home","item":"https:\/\/hemoproct.com\/ch\/de\/"},{"@type":"ListItem","position":2,"name":"Hemoproct"}]},{"@type":"WebSite","@id":"https:\/\/hemoproct.com\/ch\/de\/#website","url":"https:\/\/hemoproct.com\/ch\/de\/","name":"Hemoproct","description":"","publisher":{"@id":"https:\/\/hemoproct.com\/ch\/de\/#organization"},"potentialAction":[{"@type":"SearchAction","target":{"@type":"EntryPoint","urlTemplate":"https:\/\/hemoproct.com\/ch\/de\/?s={search_term_string}"},"query-input":{"@type":"PropertyValueSpecification","valueRequired":true,"valueName":"search_term_string"}}],"inLanguage":"de-CH"},{"@type":"Organization","@id":"https:\/\/hemoproct.com\/ch\/de\/#organization","name":"Hemoproct","url":"https:\/\/hemoproct.com\/ch\/de\/","logo":{"@type":"ImageObject","inLanguage":"de-CH","@id":"https:\/\/hemoproct.com\/ch\/de\/#\/schema\/logo\/image\/","url":"https:\/\/hemoproct.com\/app\/uploads\/sites\/4\/2022\/06\/logo-hemoproct.png","contentUrl":"https:\/\/hemoproct.com\/app\/uploads\/sites\/4\/2022\/06\/logo-hemoproct.png","width":162,"height":24,"caption":"Hemoproct"},"image":{"@id":"https:\/\/hemoproct.com\/ch\/de\/#\/schema\/logo\/image\/"}}]}},"_links":{"self":[{"href":"https:\/\/hemoproct.com\/ch\/de\/wp-json\/wp\/v2\/pages\/11","targetHints":{"allow":["GET"]}}],"collection":[{"href":"https:\/\/hemoproct.com\/ch\/de\/wp-json\/wp\/v2\/pages"}],"about":[{"href":"https:\/\/hemoproct.com\/ch\/de\/wp-json\/wp\/v2\/types\/page"}],"author":[{"embeddable":true,"href":"https:\/\/hemoproct.com\/ch\/de\/wp-json\/wp\/v2\/users\/2"}],"replies":[{"embeddable":true,"href":"https:\/\/hemoproct.com\/ch\/de\/wp-json\/wp\/v2\/comments?post=11"}],"version-history":[{"count":9,"href":"https:\/\/hemoproct.com\/ch\/de\/wp-json\/wp\/v2\/pages\/11\/revisions"}],"predecessor-version":[{"id":596,"href":"https:\/\/hemoproct.com\/ch\/de\/wp-json\/wp\/v2\/pages\/11\/revisions\/596"}],"wp:attachment":[{"href":"https:\/\/hemoproct.com\/ch\/de\/wp-json\/wp\/v2\/media?parent=11"}],"wp:term":[{"taxonomy":"from-article-database","embeddable":true,"href":"https:\/\/hemoproct.com\/ch\/de\/wp-json\/wp\/v2\/from-article-database?post=11"}],"curies":[{"name":"wp","href":"https:\/\/api.w.org\/{rel}","templated":true}]}}