{"id":176,"date":"2022-06-10T11:43:15","date_gmt":"2022-06-10T09:43:15","guid":{"rendered":"https:\/\/hemoproct.com\/ch\/?page_id=176"},"modified":"2025-06-18T09:49:25","modified_gmt":"2025-06-18T07:49:25","slug":"faq","status":"publish","type":"page","link":"https:\/\/hemoproct.com\/ch\/de\/faq\/","title":{"rendered":"FAQ"},"content":{"rendered":"\n<div class=\"wp-block-karopharma-free-text pt-large pb-large bg-center bg-cover bg-no-repeat bg-box undefined is-style-primary\" style=\"background-image:url()\"><div class=\"free-text-wrapper container max-w-medium text-left\">\n<h1 class=\"wp-block-heading is-style-heading-huge\" id=\"faq\">FAQ<\/h1>\n<\/div><\/div>\n\n\n\n<div class=\"wp-block-karopharma-accordions\"><div class=\"container\">\n<details class=\"wp-block-karopharma-accordion\"><summary><h2 class=\"accordion-title\">Was sind H\u00e4morrhoiden?<\/h2><\/summary><div class=\"accordion-content\">\n<p>Jeder hat H\u00e4morrhoiden Gef\u00e4\u00dfpolster, die f\u00fcr den ordnusgem\u00e4\u00dfen Verschluss des Afters sorgen. Vergr\u00f6\u00dfern sich diese Gef\u00e4\u00dfpolster, k\u00f6nnen sie jedoch zum Problem werden. Dies geschieht, wenn \u00fcberm\u00e4\u00dfiger Druck auf das geschw\u00e4chte Gewebe ausge\u00fcbt wird und die Blutgef\u00e4\u00dfe im H\u00e4morrhoidalgewebe anschwellen. H\u00e4morrhoiden werden zum Problem, wenn die Venen um den unteren Enddarm geschwollen oder entz\u00fcndet sind, beispielsweise als Folge von \u00dcberanstrengung beim Stuhlgang. Zu den beg\u00fcnstigenden Faktoren z\u00e4hlen \u00dcbergewicht, ballaststoffarme Ern\u00e4hrung, unregelm\u00e4\u00dfiger Stuhlgang (Verstopfung oder Durchfall), Schwangerschaft und Analverkehr. Es gibt zwei verschiedene Arten von H\u00e4morrhoiden: innere H\u00e4morrhoiden, die im Inneren des Enddarms liegen und \u00e4u\u00dfere H\u00e4morrhoiden, die aus dem After herausragen.<\/p>\n\n\n\n<figure class=\"wp-block-image size-full\"><img loading=\"lazy\" decoding=\"async\" width=\"320\" height=\"254\" src=\"https:\/\/hemoproct.com\/app\/uploads\/sites\/4\/2022\/06\/internalexternalhaemorrhoids-de-320x254-1.png\" alt=\"internal-external-haemorrhoids\" class=\"wp-image-179\"\/><\/figure>\n<\/div><\/details>\n\n\n\n<details class=\"wp-block-karopharma-accordion\"><summary><h2 class=\"accordion-title\">Welche Arten von H\u00e4morrhoiden gibt es?<\/h2><\/summary><div class=\"accordion-content\">\n<p>Es gibt zwei verschiedene Arten von H\u00e4morrhoiden: innere H\u00e4morrhoiden, die im Inneren des Enddarms liegen und \u00e4u\u00dfere H\u00e4morrhoiden, die aus dem After herausragen. Innere H\u00e4morrhoiden verursachen in der Regel weniger Schmerzen und viele Menschen wissen nicht einmal, dass sie betroffen sind. External haemorrhoids cause more noticeable problems for sufferers. Beide m\u00fcssen behandelt werden. H\u00e4morrhoiden sind in der Regel unangenehm, jedoch nicht gef\u00e4hrlich oder lebensbedrohlich.<\/p>\n<\/div><\/details>\n\n\n\n<details class=\"wp-block-karopharma-accordion\"><summary><h2 class=\"accordion-title\">Was sind die Symptome von H\u00e4morrhoiden?<\/h2><\/summary><div class=\"accordion-content\">\n<p>H\u00e4morrhoiden k\u00f6nnen f\u00fcr die Betroffenen sehr belastend sein. Eine schmerzhafte Schwellung am After ist ein deutliches Anzeichen f\u00fcr H\u00e4morrhoiden, zus\u00e4tzlich gibt es noch eine Vielzahl weiterer Symptome dieser verbreiteten, rektalen Erkrankung. Schmerzlose Blutungen beim Gang aufs Klo, analer Juckreiz und Stuhlinkontinenz sind weitere Warnzeichen. Daher ist es wichtig, im Zweifelsfall einen Arzt oder eine andere medizinische Fachkraft aufzusuchen. Denken Sie daran, dass einige der Symptome von H\u00e4morrhoiden, auch Symptomen \u00e4hneln, die durch andere, m\u00f6glicherweise schwerwiegende, rektale Erkrankungen verursacht werden. Many people feel embarrassed when facing the problem and frequently seek medical care only when the case is advanced.<\/p>\n<\/div><\/details>\n\n\n\n<details class=\"wp-block-karopharma-accordion\"><summary><h2 class=\"accordion-title\">Wie kann ich H\u00e4morrhoiden vorbeugen?<\/h2><\/summary><div class=\"accordion-content\">\n<p>Der beste Weg, H\u00e4morrhoiden und deren Wiederkehren vorzubeugen, ist eine gesunde Lebensweise mit einem guten Mix aus ballaststoffreicher Ern\u00e4hrung und Bewegung, regelm\u00e4\u00dfigen Toiletteng\u00e4ngen und K\u00f6rperpflege.<\/p>\n\n\n\n<p>Ern\u00e4hrung: erh\u00f6hen Sie Ihre Ballaststoffzufuhr. Essen Sie ausreichend Getreide, Obst und Gem\u00fcse und trinken Sie viel Fl\u00fcssigkeit (keinen Alkohol) &#8211; empfohlen sind 1,5 &#8211; 2 Liter pro Tag.<\/p>\n\n\n\n<p>Bewegung: Bewegen Sie sich t\u00e4glich und achten Sie auf ein gesundes Gewicht, da \u00dcbergewicht das Risiko von H\u00e4morrhoiden erh\u00f6hen kann.<\/p>\n\n\n\n<p>Toilettengewohnheiten: vermeiden Sie starkes Pressen beim Stuhlgang sowie Abf\u00fchrmittel, da diese H\u00e4morrhoiden verschlimmern k\u00f6nnen. Bleiben Sie nicht zu lange auf der Toilette, aber beeilen Sie sich auch nicht, Ihren nat\u00fcrlichen Bed\u00fcrfnissen nachzukommen. Gehen Sie regelm\u00e4\u00dfig auf die Toilette und z\u00f6gern Sie den Stuhlgang nicht hinaus. Dies k\u00f6nnte zu einer Verstopfung f\u00fchren, wodurch Sie wiederum mehr Druck aus\u00fcben m\u00fcssten.<\/p>\n\n\n\n<p>K\u00f6rperpflege: Verwenden Sie normales Toilettenpapier und wischen Sie den Analbereich nach jedem Stuhlgang sanft, aber gr\u00fcndlich &#8211; von vorne nach hinten &#8211; ab. Zus\u00e4tzlich k\u00f6nnen Sie Feuchtt\u00fccher verwenden.<\/p>\n<\/div><\/details>\n\n\n\n<details class=\"wp-block-karopharma-accordion\"><summary><h2 class=\"accordion-title\">Wie kann ich Schmerz und Juckreiz lindern?<\/h2><\/summary><div class=\"accordion-content\">\n<p>Eine Kombination aus Hygienema\u00dfnahmen und lokaler Behandlung sind der Schl\u00fcssel zum Erfolg.<\/p>\n\n\n\n<p>Hygiene: Wischen Sie sich nach jedem Stuhlgang vorsichtig ab, um das H\u00e4morrhoidalgewebe nicht zu verletzen. Reinigen Sie den Analbereich regelm\u00e4\u00dfig mit einem sanften Wasserstrahl (verwenden Sie keine Seife oder parf\u00fcmierte Reinigungsmittel). Vermeiden Sie sich zu kratzen, denn das k\u00f6nnte die Haut verletzen und den Zustand verschlimmern. Schieben Sie die geschwollenen H\u00e4morrhoiden vorsichtig nach innen zur\u00fcck.<\/p>\n\n\n\n<p>Behandlung: Verwenden Sie Hemoproct Gel zur Behandlung und Vorbeugung wiederkehrender Analbeschwerden und H\u00e4morrhoiden.<\/p>\n<\/div><\/details>\n\n\n\n<details class=\"wp-block-karopharma-accordion\"><summary><h2 class=\"accordion-title\">Wer leidet h\u00e4ufig an H\u00e4morrhoiden?<\/h2><\/summary><div class=\"accordion-content\">\n<p>H\u00e4morrhoiden betreffen etwa 50 Prozent der Bev\u00f6lkerung und scheinen sowohl bei M\u00e4nnern als auch bei Frauen gleichm\u00e4\u00dfig verbreitet zu sein. Das Risiko, H\u00e4morrhoiden zu entwickeln, kann durch unregelm\u00e4\u00dfigen Stuhlgang, Verstopfung oder Durchfall, genetische Faktoren, wenig Bewegung, ballaststoffarme Ern\u00e4hrung, Schwangerschaft und Entbindung, \u00dcbergewicht, Alter, langes Sitzen und Analverkehr erh\u00f6ht werden.<\/p>\n<\/div><\/details>\n\n\n\n<details class=\"wp-block-karopharma-accordion\"><summary><h2 class=\"accordion-title\">Sind H\u00e4morrhoiden ansteckend?<\/h2><\/summary><div class=\"accordion-content\">\n<p>Nein, H\u00e4morrhoiden sind nicht ansteckend. Genetische Faktoren spielen jedoch auch eine Rolle. Wenn Sie Familienmitglieder haben, die an H\u00e4morrhoiden leiden, steigt die Wahrscheinlichkeit, dass Sie diese auch entwickeln.<\/p>\n<\/div><\/details>\n\n\n\n<details class=\"wp-block-karopharma-accordion\"><summary><h2 class=\"accordion-title\">Was soll ich tun, wenn ich glaube, dass ich H\u00e4morrhoiden habe?<\/h2><\/summary><div class=\"accordion-content\">\n<p>H\u00e4morrhoiden sind zwar unangenehm, aber nicht gef\u00e4hrlich oder lebensbedrohlich. Die Symptome k\u00f6nnen nach einigen Tagen verschwinden, kehren aber oft in verschlimmerter Form zur\u00fcck. Verwenden Sie Hemoproct Gel zur schnellen Linderung von H\u00e4morrhoiden und Analbeschwerden. Wenden Sie sich an Ihren Arzt\/Ihre \u00c4rztin, wenn Sie Fieber, pl\u00f6tzliche stechende Schmerzen im Bereich des Afters oder starke Blutungen beim Stuhlgang haben.<\/p>\n<\/div><\/details>\n\n\n\n<details class=\"wp-block-karopharma-accordion\"><summary><h2 class=\"accordion-title\">Was ist die Besonderheit von Hemoproct Gel?<\/h2><\/summary><div class=\"accordion-content\">\n<p>Hemoproct bietet sofortige Linderung bei H\u00e4morrhoiden, Fissuren und Analbeschwerden wie Schmerzen und Juckreiz. Hemoproct Gel enth\u00e4lt den patentierten 2QR-Komplex: dieser f\u00f6rdert die nat\u00fcrliche Heilung, indem er eine physikalische Barriere gegen sch\u00e4dliche Bakterien bildet.<\/p>\n\n\n\n<p>Dank des Applikators, kann Hemoproct Gel auf innere und \u00e4u\u00dfere H\u00e4morrhoiden aufgetragen werden und lindert Analbeschwerden.<\/p>\n\n\n\n<p>Dank des Applikators, kann Hemoproct Gel auf innere und \u00e4u\u00dfere H\u00e4morrhoiden aufgetragen werden und lindert Analbeschwerden.<\/p>\n<\/div><\/details>\n\n\n\n<details class=\"wp-block-karopharma-accordion\"><summary><h2 class=\"accordion-title\">Kann ich Hemoproct w\u00e4hrend der Schwangerschaft und Stillzeit verwenden?<\/h2><\/summary><div class=\"accordion-content\">\n<p>Hemoproct ist f\u00fcr die Behandlung w\u00e4hrend der Schwangerschaft und Stillzeit geeignet. Konsultieren Sie dennoch vor der Anwendung Ihren Arzt\/Ihre \u00c4rztin oder Ihre Hebamme.<\/p>\n<\/div><\/details>\n\n\n\n<details class=\"wp-block-karopharma-accordion\"><summary><h2 class=\"accordion-title\">Wie reinigt man den Applikator von Hemoproct Gel?<\/h2><\/summary><div class=\"accordion-content\">\n<p>Der beste Weg den Applikatoren hygienisch und sauber zu halten, ist ihn nach jedem Gebrauch mit warmem Wasser auszuwaschen. Sie k\u00f6nnen beim Reinigen des Applikators oder der Tube ein wenig Seife verwenden, um eine optimale Sauberkeit zu gew\u00e4hrleisten (sp\u00fclen Sie gr\u00fcndlich nach, da der Kontakt der betroffenen Stelle mit Seife oder anderen Reinigungsmitteln weitere Reizungen verursachen kann) Verwenden Sie kein kochendes Wasser f\u00fcr die Reinigung des Applikators, um eine Verformung zu verhindern.<\/p>\n<\/div><\/details>\n\n\n\n<details class=\"wp-block-karopharma-accordion\"><summary><h2 class=\"accordion-title\">Welche Farbe hat das Gel?<\/h2><\/summary><div class=\"accordion-content\">\n<p>Die Farbe des Gels kann aufgrund der Verwendung von nat\u00fcrlichen Inhaltsstoffen von transparent\/hellgelb bis br\u00e4unlich variieren. Dies hat keinen Einfluss auf die Wirksamkeit oder Sicherheit von Hemoproct Gel.<\/p>\n<\/div><\/details>\n<\/div><\/div>\n","protected":false},"excerpt":{"rendered":"","protected":false},"author":2,"featured_media":0,"parent":0,"menu_order":0,"comment_status":"closed","ping_status":"closed","template":"","meta":{"_acf_changed":false,"footnotes":""},"from-article-database":[],"class_list":["post-176","page","type-page","status-publish","hentry"],"acf":[],"yoast_head":"<!-- This site is optimized with the Yoast SEO plugin v26.6 - https:\/\/yoast.com\/wordpress\/plugins\/seo\/ -->\n<title>FAQ - Hemoproct<\/title>\n<meta name=\"description\" content=\"H\u00e4ufig gestellte Fragen Was sind H\u00e4morrhoiden? Welche Art von H\u00e4morrhoiden gibt es?\" \/>\n<meta name=\"robots\" content=\"index, follow, max-snippet:-1, max-image-preview:large, max-video-preview:-1\" \/>\n<link rel=\"canonical\" href=\"https:\/\/hemoproct.com\/ch\/de\/faq\/\" \/>\n<meta property=\"og:locale\" content=\"de_DE\" \/>\n<meta property=\"og:type\" content=\"article\" \/>\n<meta property=\"og:title\" content=\"FAQ - Hemoproct\" \/>\n<meta property=\"og:description\" content=\"H\u00e4ufig gestellte Fragen Was sind H\u00e4morrhoiden? Welche Art von H\u00e4morrhoiden gibt es?\" \/>\n<meta property=\"og:url\" content=\"https:\/\/hemoproct.com\/ch\/de\/faq\/\" \/>\n<meta property=\"og:site_name\" content=\"Hemoproct\" \/>\n<meta property=\"article:modified_time\" content=\"2025-06-18T07:49:25+00:00\" \/>\n<meta property=\"og:image\" content=\"https:\/\/hemoproct.com\/app\/uploads\/sites\/4\/2022\/06\/internalexternalhaemorrhoids-de-320x254-1.png\" \/>\n\t<meta property=\"og:image:width\" content=\"320\" \/>\n\t<meta property=\"og:image:height\" content=\"254\" \/>\n\t<meta property=\"og:image:type\" content=\"image\/png\" \/>\n<meta name=\"twitter:card\" content=\"summary_large_image\" \/>\n<meta name=\"twitter:label1\" content=\"Gesch\u00e4tzte Lesezeit\" \/>\n\t<meta name=\"twitter:data1\" content=\"5\u00a0Minuten\" \/>\n<script type=\"application\/ld+json\" class=\"yoast-schema-graph\">{\"@context\":\"https:\/\/schema.org\",\"@graph\":[{\"@type\":\"WebPage\",\"@id\":\"https:\/\/hemoproct.com\/ch\/de\/faq\/\",\"url\":\"https:\/\/hemoproct.com\/ch\/de\/faq\/\",\"name\":\"FAQ - Hemoproct\",\"isPartOf\":{\"@id\":\"https:\/\/hemoproct.com\/ch\/de\/#website\"},\"primaryImageOfPage\":{\"@id\":\"https:\/\/hemoproct.com\/ch\/de\/faq\/#primaryimage\"},\"image\":{\"@id\":\"https:\/\/hemoproct.com\/ch\/de\/faq\/#primaryimage\"},\"thumbnailUrl\":\"https:\/\/hemoproct.com\/app\/uploads\/sites\/4\/2022\/06\/internalexternalhaemorrhoids-de-320x254-1.png\",\"datePublished\":\"2022-06-10T09:43:15+00:00\",\"dateModified\":\"2025-06-18T07:49:25+00:00\",\"description\":\"H\u00e4ufig gestellte Fragen Was sind H\u00e4morrhoiden? Welche Art von H\u00e4morrhoiden gibt es?\",\"breadcrumb\":{\"@id\":\"https:\/\/hemoproct.com\/ch\/de\/faq\/#breadcrumb\"},\"inLanguage\":\"de-CH\",\"potentialAction\":[{\"@type\":\"ReadAction\",\"target\":[\"https:\/\/hemoproct.com\/ch\/de\/faq\/\"]}]},{\"@type\":\"ImageObject\",\"inLanguage\":\"de-CH\",\"@id\":\"https:\/\/hemoproct.com\/ch\/de\/faq\/#primaryimage\",\"url\":\"https:\/\/hemoproct.com\/app\/uploads\/sites\/4\/2022\/06\/internalexternalhaemorrhoids-de-320x254-1.png\",\"contentUrl\":\"https:\/\/hemoproct.com\/app\/uploads\/sites\/4\/2022\/06\/internalexternalhaemorrhoids-de-320x254-1.png\"},{\"@type\":\"BreadcrumbList\",\"@id\":\"https:\/\/hemoproct.com\/ch\/de\/faq\/#breadcrumb\",\"itemListElement\":[{\"@type\":\"ListItem\",\"position\":1,\"name\":\"Home\",\"item\":\"https:\/\/hemoproct.com\/ch\/de\/\"},{\"@type\":\"ListItem\",\"position\":2,\"name\":\"FAQ\"}]},{\"@type\":\"WebSite\",\"@id\":\"https:\/\/hemoproct.com\/ch\/de\/#website\",\"url\":\"https:\/\/hemoproct.com\/ch\/de\/\",\"name\":\"Hemoproct\",\"description\":\"\",\"publisher\":{\"@id\":\"https:\/\/hemoproct.com\/ch\/de\/#organization\"},\"potentialAction\":[{\"@type\":\"SearchAction\",\"target\":{\"@type\":\"EntryPoint\",\"urlTemplate\":\"https:\/\/hemoproct.com\/ch\/de\/?s={search_term_string}\"},\"query-input\":{\"@type\":\"PropertyValueSpecification\",\"valueRequired\":true,\"valueName\":\"search_term_string\"}}],\"inLanguage\":\"de-CH\"},{\"@type\":\"Organization\",\"@id\":\"https:\/\/hemoproct.com\/ch\/de\/#organization\",\"name\":\"Hemoproct\",\"url\":\"https:\/\/hemoproct.com\/ch\/de\/\",\"logo\":{\"@type\":\"ImageObject\",\"inLanguage\":\"de-CH\",\"@id\":\"https:\/\/hemoproct.com\/ch\/de\/#\/schema\/logo\/image\/\",\"url\":\"https:\/\/hemoproct.com\/app\/uploads\/sites\/4\/2022\/06\/logo-hemoproct.png\",\"contentUrl\":\"https:\/\/hemoproct.com\/app\/uploads\/sites\/4\/2022\/06\/logo-hemoproct.png\",\"width\":162,\"height\":24,\"caption\":\"Hemoproct\"},\"image\":{\"@id\":\"https:\/\/hemoproct.com\/ch\/de\/#\/schema\/logo\/image\/\"}}]}<\/script>\n<!-- \/ Yoast SEO plugin. -->","yoast_head_json":{"title":"FAQ - Hemoproct","description":"H\u00e4ufig gestellte Fragen Was sind H\u00e4morrhoiden? Welche Art von H\u00e4morrhoiden gibt es?","robots":{"index":"index","follow":"follow","max-snippet":"max-snippet:-1","max-image-preview":"max-image-preview:large","max-video-preview":"max-video-preview:-1"},"canonical":"https:\/\/hemoproct.com\/ch\/de\/faq\/","og_locale":"de_DE","og_type":"article","og_title":"FAQ - Hemoproct","og_description":"H\u00e4ufig gestellte Fragen Was sind H\u00e4morrhoiden? Welche Art von H\u00e4morrhoiden gibt es?","og_url":"https:\/\/hemoproct.com\/ch\/de\/faq\/","og_site_name":"Hemoproct","article_modified_time":"2025-06-18T07:49:25+00:00","og_image":[{"width":320,"height":254,"url":"https:\/\/hemoproct.com\/app\/uploads\/sites\/4\/2022\/06\/internalexternalhaemorrhoids-de-320x254-1.png","type":"image\/png"}],"twitter_card":"summary_large_image","twitter_misc":{"Gesch\u00e4tzte Lesezeit":"5\u00a0Minuten"},"schema":{"@context":"https:\/\/schema.org","@graph":[{"@type":"WebPage","@id":"https:\/\/hemoproct.com\/ch\/de\/faq\/","url":"https:\/\/hemoproct.com\/ch\/de\/faq\/","name":"FAQ - Hemoproct","isPartOf":{"@id":"https:\/\/hemoproct.com\/ch\/de\/#website"},"primaryImageOfPage":{"@id":"https:\/\/hemoproct.com\/ch\/de\/faq\/#primaryimage"},"image":{"@id":"https:\/\/hemoproct.com\/ch\/de\/faq\/#primaryimage"},"thumbnailUrl":"https:\/\/hemoproct.com\/app\/uploads\/sites\/4\/2022\/06\/internalexternalhaemorrhoids-de-320x254-1.png","datePublished":"2022-06-10T09:43:15+00:00","dateModified":"2025-06-18T07:49:25+00:00","description":"H\u00e4ufig gestellte Fragen Was sind H\u00e4morrhoiden? Welche Art von H\u00e4morrhoiden gibt es?","breadcrumb":{"@id":"https:\/\/hemoproct.com\/ch\/de\/faq\/#breadcrumb"},"inLanguage":"de-CH","potentialAction":[{"@type":"ReadAction","target":["https:\/\/hemoproct.com\/ch\/de\/faq\/"]}]},{"@type":"ImageObject","inLanguage":"de-CH","@id":"https:\/\/hemoproct.com\/ch\/de\/faq\/#primaryimage","url":"https:\/\/hemoproct.com\/app\/uploads\/sites\/4\/2022\/06\/internalexternalhaemorrhoids-de-320x254-1.png","contentUrl":"https:\/\/hemoproct.com\/app\/uploads\/sites\/4\/2022\/06\/internalexternalhaemorrhoids-de-320x254-1.png"},{"@type":"BreadcrumbList","@id":"https:\/\/hemoproct.com\/ch\/de\/faq\/#breadcrumb","itemListElement":[{"@type":"ListItem","position":1,"name":"Home","item":"https:\/\/hemoproct.com\/ch\/de\/"},{"@type":"ListItem","position":2,"name":"FAQ"}]},{"@type":"WebSite","@id":"https:\/\/hemoproct.com\/ch\/de\/#website","url":"https:\/\/hemoproct.com\/ch\/de\/","name":"Hemoproct","description":"","publisher":{"@id":"https:\/\/hemoproct.com\/ch\/de\/#organization"},"potentialAction":[{"@type":"SearchAction","target":{"@type":"EntryPoint","urlTemplate":"https:\/\/hemoproct.com\/ch\/de\/?s={search_term_string}"},"query-input":{"@type":"PropertyValueSpecification","valueRequired":true,"valueName":"search_term_string"}}],"inLanguage":"de-CH"},{"@type":"Organization","@id":"https:\/\/hemoproct.com\/ch\/de\/#organization","name":"Hemoproct","url":"https:\/\/hemoproct.com\/ch\/de\/","logo":{"@type":"ImageObject","inLanguage":"de-CH","@id":"https:\/\/hemoproct.com\/ch\/de\/#\/schema\/logo\/image\/","url":"https:\/\/hemoproct.com\/app\/uploads\/sites\/4\/2022\/06\/logo-hemoproct.png","contentUrl":"https:\/\/hemoproct.com\/app\/uploads\/sites\/4\/2022\/06\/logo-hemoproct.png","width":162,"height":24,"caption":"Hemoproct"},"image":{"@id":"https:\/\/hemoproct.com\/ch\/de\/#\/schema\/logo\/image\/"}}]}},"_links":{"self":[{"href":"https:\/\/hemoproct.com\/ch\/de\/wp-json\/wp\/v2\/pages\/176","targetHints":{"allow":["GET"]}}],"collection":[{"href":"https:\/\/hemoproct.com\/ch\/de\/wp-json\/wp\/v2\/pages"}],"about":[{"href":"https:\/\/hemoproct.com\/ch\/de\/wp-json\/wp\/v2\/types\/page"}],"author":[{"embeddable":true,"href":"https:\/\/hemoproct.com\/ch\/de\/wp-json\/wp\/v2\/users\/2"}],"replies":[{"embeddable":true,"href":"https:\/\/hemoproct.com\/ch\/de\/wp-json\/wp\/v2\/comments?post=176"}],"version-history":[{"count":6,"href":"https:\/\/hemoproct.com\/ch\/de\/wp-json\/wp\/v2\/pages\/176\/revisions"}],"predecessor-version":[{"id":629,"href":"https:\/\/hemoproct.com\/ch\/de\/wp-json\/wp\/v2\/pages\/176\/revisions\/629"}],"wp:attachment":[{"href":"https:\/\/hemoproct.com\/ch\/de\/wp-json\/wp\/v2\/media?parent=176"}],"wp:term":[{"taxonomy":"from-article-database","embeddable":true,"href":"https:\/\/hemoproct.com\/ch\/de\/wp-json\/wp\/v2\/from-article-database?post=176"}],"curies":[{"name":"wp","href":"https:\/\/api.w.org\/{rel}","templated":true}]}}