{"id":62,"date":"2022-06-10T09:39:32","date_gmt":"2022-06-10T07:39:32","guid":{"rendered":"https:\/\/hemoproct.com\/ch\/?page_id=62"},"modified":"2025-06-18T09:48:44","modified_gmt":"2025-06-18T07:48:44","slug":"ueber-hemoproct","status":"publish","type":"page","link":"https:\/\/hemoproct.com\/ch\/de\/ueber-hemoproct\/","title":{"rendered":"\u00dcber Hemoproct"},"content":{"rendered":"\n<div class=\"wp-block-karopharma-free-text pt-large pb-large bg-center bg-cover bg-no-repeat bg-box undefined is-style-primary\" style=\"background-image:url()\"><div class=\"free-text-wrapper container max-w-medium text-center\">\n<h1 class=\"wp-block-heading is-style-heading-huge\" id=\"hemoproct\">Hemoproct<\/h1>\n\n\n\n<p class=\"is-style-paragraph-preamble\">Reduziert Juckreiz, f\u00f6rdert die unterst\u00fctzt Heilung und sorgt f\u00fcr schnelle Linderung<\/p>\n<\/div><\/div>\n\n\n\n<div class=\"wp-block-karopharma-free-text pt-large pb-small bg-center bg-cover bg-no-repeat bg-box undefined is-style-secondary\" style=\"background-image:url()\"><div class=\"free-text-wrapper container max-w-large text-left\">\n<h2 class=\"wp-block-heading\" id=\"la-seule-formule-a-quintuple-action\">Die einzigartige Formulierung mit 5-fach Wirkung<\/h2>\n\n\n\n<h3 class=\"wp-block-heading is-style-heading-h3\" id=\"sans-anesthesiques-locaux-ni-corticosteroides-1\">Frei von Lokalan\u00e4sthetika und Kortison<\/h3>\n<\/div><\/div>\n\n\n\n<div class=\"wp-block-karopharma-several-images-with-text several-images-with-text is-style-secondary\"><div class=\"container large col-1 content-align-none\" test-data=\"inner-content\">\n<section class=\"wp-block-karopharma-image-with-text image-with-text image-with-text__not-full-width\"><div class=\"image-with-text-container \"><div class=\"image-with-text-container-image-container\"><img decoding=\"async\" loading=\"lazy\" src=\"https:\/\/hemoproct.com\/cdn-cgi\/image\/format=auto\/app\/uploads\/sites\/4\/2022\/06\/5-fach-1.png\" alt=\"5-fach Wirkung\"\/><\/div><div class=\"image-with-text-container-content\" style=\"text-align:left\" data-test=\"content\"><div class=\"content\"><p class=\"body\" data-test=\"body\">Aloe Vera <strong> <\/strong>beruhigt den betroffenen Bereich und <strong>reduziert Juckreiz und Irritationen.<\/strong> Au\u00dferdem wirkt sie k\u00fchlend und sorgt so umso mehr f\u00fcr eine sp\u00fcrbare Linderung.<\/p>\n<div class=\"wp-block-buttons is-layout-flex wp-block-buttons-is-layout-flex\"><\/div>\n<\/div><\/div><\/div><\/section>\n\n\n\n<section class=\"wp-block-karopharma-image-with-text image-with-text image-with-text__not-full-width\"><div class=\"image-with-text-container \"><div class=\"image-with-text-container-image-container\"><img decoding=\"async\" loading=\"lazy\" src=\"https:\/\/hemoproct.com\/cdn-cgi\/image\/format=auto\/app\/uploads\/sites\/4\/2022\/06\/5-fach-2.png\" alt=\"5-fach Wirkung\"\/><\/div><div class=\"image-with-text-container-content\" style=\"text-align:left\" data-test=\"content\"><div class=\"content\"><p class=\"body\" data-test=\"body\">Die <strong>pflegenden Eigenschaften<\/strong> lindern Reizungen, sch\u00fctzen die betroffene Stelle und tragen so zur unterst\u00fctzt Heilung bei.<\/p>\n<div class=\"wp-block-buttons is-layout-flex wp-block-buttons-is-layout-flex\"><\/div>\n<\/div><\/div><\/div><\/section>\n\n\n\n<section class=\"wp-block-karopharma-image-with-text image-with-text image-with-text__not-full-width\"><div class=\"image-with-text-container \"><div class=\"image-with-text-container-image-container\"><img decoding=\"async\" loading=\"lazy\" src=\"https:\/\/hemoproct.com\/cdn-cgi\/image\/format=auto\/app\/uploads\/sites\/4\/2022\/06\/5-fach-3.png\" alt=\"5-fach Wirkung\"\/><\/div><div class=\"image-with-text-container-content\" style=\"text-align:left\" data-test=\"content\"><div class=\"content\"><p class=\"body\" data-test=\"body\">Die <strong>langanhaltenden befeuchtenden <\/strong>Eigenschaften verhindern schmerzhafte Toiletteng\u00e4nge im Laufe des Tages &#8211; ohne dabei Flecken auf der Unterw\u00e4sche zu hinterlassen.<\/p>\n<div class=\"wp-block-buttons is-layout-flex wp-block-buttons-is-layout-flex\"><\/div>\n<\/div><\/div><\/div><\/section>\n\n\n\n<section class=\"wp-block-karopharma-image-with-text image-with-text image-with-text__not-full-width\"><div class=\"image-with-text-container \"><div class=\"image-with-text-container-image-container\"><img decoding=\"async\" loading=\"lazy\" src=\"https:\/\/hemoproct.com\/cdn-cgi\/image\/format=auto\/app\/uploads\/sites\/4\/2022\/06\/5-fach-4.png\" alt=\"5-fach Wirkung\"\/><\/div><div class=\"image-with-text-container-content\" style=\"text-align:left\" data-test=\"content\"><div class=\"content\"><p class=\"body\" data-test=\"body\">Sch\u00e4dliche Bakterien k\u00f6nnen die Symptome noch verschlechtern. Hemoproct bildet eine <strong>physikalische Barriere,<\/strong> die sch\u00fctzt und die nat\u00fcrliche unterst\u00fctzt Heilung von H\u00e4morrhoiden f\u00f6rdert.<\/p>\n<div class=\"wp-block-buttons is-layout-flex wp-block-buttons-is-layout-flex\"><\/div>\n<\/div><\/div><\/div><\/section>\n\n\n\n<section class=\"wp-block-karopharma-image-with-text image-with-text image-with-text__not-full-width\"><div class=\"image-with-text-container \"><div class=\"image-with-text-container-image-container\"><img decoding=\"async\" loading=\"lazy\" src=\"https:\/\/hemoproct.com\/cdn-cgi\/image\/format=auto\/app\/uploads\/sites\/4\/2022\/06\/5-fach-5.png\" alt=\"5-fach Wirkung\"\/><\/div><div class=\"image-with-text-container-content\" style=\"text-align:left\" data-test=\"content\"><div class=\"content\"><p class=\"body\" data-test=\"body\"><strong>Der sofortige K\u00fchleffekt<\/strong> lindert Juckreiz, Brennen, Schmerzen und allgemeines Unwohlsein.<\/p>\n<div class=\"wp-block-buttons is-layout-flex wp-block-buttons-is-layout-flex\"><\/div>\n<\/div><\/div><\/div><\/section>\n<\/div><\/div>\n\n\n\n<div class=\"wp-block-karopharma-product-promotion text-align-center undefined bg-center bg-contain bg-no-repeat  text-align-undefined\" style=\"background-image:url()\"><div class=\"container max-w-medium\">\n<div class=\"wp-block-group is-layout-flow wp-block-group-is-layout-flow\">\n<figure class=\"wp-block-image size-full\"><img loading=\"lazy\" decoding=\"async\" width=\"640\" height=\"411\" src=\"https:\/\/hemoproct.com\/app\/uploads\/sites\/4\/2022\/06\/2qr.png\" alt=\"2QR Complex\" class=\"wp-image-95\" srcset=\"https:\/\/hemoproct.com\/app\/uploads\/sites\/4\/2022\/06\/2qr.png 640w, https:\/\/hemoproct.com\/app\/uploads\/sites\/4\/2022\/06\/2qr-320x206.png 320w, https:\/\/hemoproct.com\/app\/uploads\/sites\/4\/2022\/06\/2qr-600x385.png 600w\" sizes=\"auto, (max-width: 640px) 100vw, 640px\" \/><\/figure>\n<\/div>\n\n\n\n<div class=\"wp-block-group is-layout-flow wp-block-group-is-layout-flow\">\n<h2 class=\"wp-block-heading heading is-style-heading-h2\" id=\"qu-est-ce-qui-rend-la-formule-unique\">Was is das Besondere an dieser Formulierung?<\/h2>\n\n\n\n<p class=\"has-text-align-left paragraph is-style-paragraph-preamble\"><strong>Sofortige Linderung bei Analbeschwerden<\/strong> Einzige Formel mit 5-fach Wirkung<br><strong>Geeignet w\u00e4hrend der Schwangerschaft <\/strong>Basiert auf nat\u00fcrlichen Inhaltsstoffen<br><strong>Sch\u00fctzt vor sch\u00e4dlichen Bakterien <\/strong>&#8211; der 2QR-Komplexe aus der Aloe Vera formt eine physikalische Barriere.<\/p>\n\n\n\n<div class=\"wp-block-buttons is-layout-flex wp-block-buttons-is-layout-flex\"><\/div>\n<\/div>\n<\/div><\/div>\n\n\n<div class=\"product-list wp-block-karopharma-product-list\" data-testid=\"product-list\">\n      <div class=\"swiper-container\">\n      <div class=\"swiper\">\n        <div class=\"swiper-wrapper\">\n                      <div class=\"swiper-slide\">\n              <div class=\"product-card\" data-testid=\"product-card\">\n  <a\n    href=https:\/\/hemoproct.com\/ch\/de\/produkte\/hemoproct-gel-tube\/\n    class=\"product-card-link\"\n    title=\"Hemoproct Gel Tube\"\n  >\n  <figure class=\"product-card-image\" data-testid=\"product-image\">\n                          <img decoding=\"async\" src=\"https:\/\/hemoproct.com\/cdn-cgi\/image\/width=700,format=auto\/app\/uploads\/sites\/4\/2022\/06\/Hemoproct_Group_Gel.png\"\n        srcset=\"https:\/\/hemoproct.com\/cdn-cgi\/image\/width=250,format=auto\/app\/uploads\/sites\/4\/2022\/06\/Hemoproct_Group_Gel.png 250w,\n                https:\/\/hemoproct.com\/cdn-cgi\/image\/width=500,format=auto\/app\/uploads\/sites\/4\/2022\/06\/Hemoproct_Group_Gel.png 500w,\n                https:\/\/hemoproct.com\/cdn-cgi\/image\/width=700,format=auto\/app\/uploads\/sites\/4\/2022\/06\/Hemoproct_Group_Gel.png 700w\"\n        sizes=\"(max-width: 400px) 250px, (max-width: 800px) 500px, 700px\"\n        alt=\"Hemoproct Group Gel\"\n        class=\"img\">\n            <\/figure>\n    <div class=\"product-card-content\">\n      <div class=\"heading-wrapper\">\n        <h2 class=\"heading\">Hemoproct Gel Tube<\/h2>\n      <\/div>\n      <div class=\"product-card-description\">Hemoproct-Tube mit einfachem Applikator f\u00fcr schnelle H\u00e4morrhoiden-Entlastung\n\n<\/div>\n                      <\/div>\n  <\/a>\n          <div class=\"button-wrapper buy-now \" data-testid=\"buy-now\">\n      <div class=\"buy-now-container dropdown-container\">\n      <div class=\"theme-button button-primary-color dropdown-link\" aria-label=\"Jetzt kaufen\">\n          Jetzt kaufen <i class=\"dropdown\"><\/i>\n      <\/div>\n      <ul class=\"reseller-list submenu\">\n                    <li>\n              <a\n                href=\"https:\/\/www.drogi.ch\/actiproct-gel-hamorrhoiden-tube-30g.html\" onclick=\"dataLayer.push({'event':'ga_event', 'eventCategory':'Click on Reseller', 'eventAction':'Drogi', 'eventLabel':'Hemoproct Gel Tube', 'eventValue': undefined})\" rel=\"noopener\" target=\"_blank\" title=\"Drogi\"\n                data-testid=\"buy-now-reseller\">\n                <i class=\"fa-solid fa-arrow-right\"><\/i> Drogi\n              <\/a>\n          <\/li>\n                    <li>\n              <a\n                href=\"https:\/\/kanela.ch\/de\/actiproct-gel-30g\" onclick=\"dataLayer.push({'event':'ga_event', 'eventCategory':'Click on Reseller', 'eventAction':'Kanela', 'eventLabel':'Hemoproct Gel Tube', 'eventValue': undefined})\" rel=\"noopener\" target=\"_blank\" title=\"Kanela\"\n                data-testid=\"buy-now-reseller\">\n                <i class=\"fa-solid fa-arrow-right\"><\/i> Kanela\n              <\/a>\n          <\/li>\n                    <li>\n              <a\n                href=\"https:\/\/www.nurnatur.ch\/schwabe-pharma-ag-hametum-actiproct-gel-tube-a-30-gramm\" onclick=\"dataLayer.push({'event':'ga_event', 'eventCategory':'Click on Reseller', 'eventAction':'Nurnatur', 'eventLabel':'Hemoproct Gel Tube', 'eventValue': undefined})\" rel=\"noopener\" target=\"_blank\" title=\"Nurnatur\"\n                data-testid=\"buy-now-reseller\">\n                <i class=\"fa-solid fa-arrow-right\"><\/i> Nurnatur\n              <\/a>\n          <\/li>\n                    <li>\n              <a\n                href=\"https:\/\/www.puravita.ch\/de_ch\/actiproct-gel-30-g\" onclick=\"dataLayer.push({'event':'ga_event', 'eventCategory':'Click on Reseller', 'eventAction':'Puravita', 'eventLabel':'Hemoproct Gel Tube', 'eventValue': undefined})\" rel=\"noopener\" target=\"_blank\" title=\"Puravita\"\n                data-testid=\"buy-now-reseller\">\n                <i class=\"fa-solid fa-arrow-right\"><\/i> Puravita\n              <\/a>\n          <\/li>\n                    <li>\n              <a\n                href=\"https:\/\/www.vitaminplus.ch\/hemoproct-gel-tube-37-g\" onclick=\"dataLayer.push({'event':'ga_event', 'eventCategory':'Click on Reseller', 'eventAction':'Vitaminplus', 'eventLabel':'Hemoproct Gel Tube', 'eventValue': undefined})\" rel=\"noopener\" target=\"_blank\" title=\"Vitaminplus\"\n                data-testid=\"buy-now-reseller\">\n                <i class=\"fa-solid fa-arrow-right\"><\/i> Vitaminplus\n              <\/a>\n          <\/li>\n                    <li>\n              <a\n                href=\"https:\/\/www.vitaserv.ch\/pi\/marken-von-a-z\/a\/actiproct\/actiproct-gel-tube-30-g.html?von_suchresultat=true\" onclick=\"dataLayer.push({'event':'ga_event', 'eventCategory':'Click on Reseller', 'eventAction':'VitaServ', 'eventLabel':'Hemoproct Gel Tube', 'eventValue': undefined})\" rel=\"noopener\" target=\"_blank\" title=\"VitaServ\"\n                data-testid=\"buy-now-reseller\">\n                <i class=\"fa-solid fa-arrow-right\"><\/i> VitaServ\n              <\/a>\n          <\/li>\n                    <li>\n              <a\n                href=\"https:\/\/www.zurrose-shop.ch\/de\/gel\/dp\/N8ZKJ940\" onclick=\"dataLayer.push({'event':'ga_event', 'eventCategory':'Click on Reseller', 'eventAction':'zur Rose', 'eventLabel':'Hemoproct Gel Tube', 'eventValue': undefined})\" rel=\"noopener\" target=\"_blank\" title=\"zur Rose\"\n                data-testid=\"buy-now-reseller\">\n                <i class=\"fa-solid fa-arrow-right\"><\/i> zur Rose\n              <\/a>\n          <\/li>\n                <\/ul>\n    <\/div>\n  <\/div>\n  <\/div>\n            <\/div>\n                  <\/div>\n        <div class=\"swiper-scrollbar\"><\/div>\n      <\/div>\n    <\/div>\n  <\/div>\n\n\n\n<div class=\"wp-block-karopharma-free-text pt-large pb-large bg-center bg-cover bg-no-repeat bg-box undefined is-style-primary\" style=\"background-image:url()\"><div class=\"free-text-wrapper container max-w-medium text-left\">\n<h2 class=\"wp-block-heading is-style-heading-h2\" id=\"que-contient-hemoproct\">Was ist enthalten?<\/h2>\n\n\n\n<p>Nur Hemoproct enth\u00e4lt den 2QR-Komplex aus Aloe Vera. Die beruhigenden und k\u00fchlenden Eigenschaften sind vollkommen nat\u00fcrlich und lindern Juckreiz, Brennen und Irritationen. Ein sicheres, unbedenkliches und einfaches Mittel zur Schmerzlinderung. Das im Gel enthaltene Feuchthaltemittel erleichtert schmerzhafte Toiletteng\u00e4nge. Die Formulierung wirkt zudem wie eine nat\u00fcrliche Barriere, die zur Linderung von H\u00e4morrhoiden beitr\u00e4gt und analen Beschwerden vorbeugt.<\/p>\n\n\n\n<h2 class=\"wp-block-heading is-style-heading-h2\" id=\"que-contient-hemoproct\">Wie schnell tritt die Linderung ein und wie lange h\u00e4lt sie an?<\/h2>\n\n\n\n<p>Hemoproct<sup>\u00ae<\/sup> verschafft sofortige Linderung. Das k\u00fchlende Gel sorgt f\u00fcr eine sofortige K\u00fchlung, die Juckreiz, Schmerzen und Unwohlsein lindert. Die k\u00fchlende Wirkung kann bis zu 1,5 Stunden anhalten und bewirkt ein beruhigendes und linderndes Gef\u00fchl auf der betroffenen Stelle. Die Formel enth\u00e4lt Xantham Gum, eine Art &#171;nat\u00fcrlichen Klebstoff&#187;, wodurch das Gel l\u00e4nger an der betroffenen Stelle haftet und die Wirkung verl\u00e4ngert. Dadurch muss es seltener aufgetragen werden und hinterl\u00e4sst keine R\u00fcckst\u00e4nde auf der Unterw\u00e4sche.<\/p>\n\n\n\n<p>Bei einer Langzeitbehandlung von bis zu 30 aufeinanderfolgenden Tagen, gilt es sicher in der Anwendung. Dies macht es ideal f\u00fcr f\u00fcr Menschen, die h\u00e4ufig unter Analbeschwerden oder H\u00e4morrhoiden leiden, da kein Risiko besteht das Produkt h\u00e4ufiger anzuwenden. Es gibt keine Kontraindikationen w\u00e4hrend Schwangerschaft und Stillzeit.<\/p>\n<\/div><\/div>\n\n\n\n<div class=\"wp-block-karopharma-product-promotion text-align-center undefined bg-center bg-contain bg-no-repeat  text-align-undefined is-style-secondary\" style=\"background-image:url()\"><div class=\"container max-w-medium\">\n<div class=\"wp-block-group is-layout-flow wp-block-group-is-layout-flow\">\n<figure class=\"wp-block-image size-full\"><img loading=\"lazy\" decoding=\"async\" width=\"350\" height=\"376\" src=\"https:\/\/hemoproct.com\/app\/uploads\/sites\/4\/2022\/06\/Hemoproct-Formel-DE.png\" alt=\"Hemoproct-Formel-DE\" class=\"wp-image-150\" srcset=\"https:\/\/hemoproct.com\/app\/uploads\/sites\/4\/2022\/06\/Hemoproct-Formel-DE.png 350w, https:\/\/hemoproct.com\/app\/uploads\/sites\/4\/2022\/06\/Hemoproct-Formel-DE-298x320.png 298w\" sizes=\"auto, (max-width: 350px) 100vw, 350px\" \/><\/figure>\n<\/div>\n\n\n\n<div class=\"wp-block-group is-layout-flow wp-block-group-is-layout-flow\">\n<h3 class=\"wp-block-heading title is-style-heading-h2\" id=\"comment-l-utiliser\">Wie ist Hemoproct anzuwenden?<\/h3>\n\n\n\n<p class=\"paragraph is-style-paragraph-body-text\"><strong>Mindestens zwei :<\/strong> Mal pro Tag morgens und abends nach dem Stuhlgang auftragen.<br><strong>Bei Schmerzen w\u00e4hrend des Toilettengangs.<br><\/strong>Das Gel zus\u00e4tzlich vor dem Stuhlgang auftragen. Kann bei Bedarf mehrmals am Tag angewendet werden, um einen erh\u00f6hten Behandlungserfolg zu erzielen.<br>T\u00e4glich anwenden,<strong>bis die Beschwerden abgeklungen sind.<\/strong><\/p>\n<\/div>\n<\/div><\/div>\n","protected":false},"excerpt":{"rendered":"","protected":false},"author":2,"featured_media":0,"parent":0,"menu_order":0,"comment_status":"closed","ping_status":"closed","template":"","meta":{"_acf_changed":false,"footnotes":""},"from-article-database":[],"class_list":["post-62","page","type-page","status-publish","hentry"],"acf":[],"yoast_head":"<!-- This site is optimized with the Yoast SEO plugin v26.6 - https:\/\/yoast.com\/wordpress\/plugins\/seo\/ -->\n<title>\u00dcber Hemoproct - Hemoproct<\/title>\n<meta name=\"description\" content=\"Beruhigt den Juckreiz, f\u00f6rdert die unterst\u00fctzt Heilung und verschafft sofortige Linderung\" \/>\n<meta name=\"robots\" content=\"index, follow, max-snippet:-1, max-image-preview:large, max-video-preview:-1\" \/>\n<link rel=\"canonical\" href=\"https:\/\/hemoproct.com\/ch\/de\/ueber-hemoproct\/\" \/>\n<meta property=\"og:locale\" content=\"de_DE\" \/>\n<meta property=\"og:type\" content=\"article\" \/>\n<meta property=\"og:title\" content=\"\u00dcber Hemoproct - Hemoproct\" \/>\n<meta property=\"og:description\" content=\"Beruhigt den Juckreiz, f\u00f6rdert die unterst\u00fctzt Heilung und verschafft sofortige Linderung\" \/>\n<meta property=\"og:url\" content=\"https:\/\/hemoproct.com\/ch\/de\/ueber-hemoproct\/\" \/>\n<meta property=\"og:site_name\" content=\"Hemoproct\" \/>\n<meta property=\"article:modified_time\" content=\"2025-06-18T07:48:44+00:00\" \/>\n<meta property=\"og:image\" content=\"https:\/\/hemoproct.com\/cdn-cgi\/image\/format=auto\/app\/uploads\/sites\/4\/2022\/06\/5-fach-1.png\" \/>\n<meta name=\"twitter:card\" content=\"summary_large_image\" \/>\n<meta name=\"twitter:label1\" content=\"Gesch\u00e4tzte Lesezeit\" \/>\n\t<meta name=\"twitter:data1\" content=\"4\u00a0Minuten\" \/>\n<script type=\"application\/ld+json\" class=\"yoast-schema-graph\">{\"@context\":\"https:\/\/schema.org\",\"@graph\":[{\"@type\":\"WebPage\",\"@id\":\"https:\/\/hemoproct.com\/ch\/de\/ueber-hemoproct\/\",\"url\":\"https:\/\/hemoproct.com\/ch\/de\/ueber-hemoproct\/\",\"name\":\"\u00dcber Hemoproct - Hemoproct\",\"isPartOf\":{\"@id\":\"https:\/\/hemoproct.com\/ch\/de\/#website\"},\"primaryImageOfPage\":{\"@id\":\"https:\/\/hemoproct.com\/ch\/de\/ueber-hemoproct\/#primaryimage\"},\"image\":{\"@id\":\"https:\/\/hemoproct.com\/ch\/de\/ueber-hemoproct\/#primaryimage\"},\"thumbnailUrl\":\"https:\/\/hemoproct.com\/cdn-cgi\/image\/format=auto\/app\/uploads\/sites\/4\/2022\/06\/5-fach-1.png\",\"datePublished\":\"2022-06-10T07:39:32+00:00\",\"dateModified\":\"2025-06-18T07:48:44+00:00\",\"description\":\"Beruhigt den Juckreiz, f\u00f6rdert die unterst\u00fctzt Heilung und verschafft sofortige Linderung\",\"breadcrumb\":{\"@id\":\"https:\/\/hemoproct.com\/ch\/de\/ueber-hemoproct\/#breadcrumb\"},\"inLanguage\":\"de-CH\",\"potentialAction\":[{\"@type\":\"ReadAction\",\"target\":[\"https:\/\/hemoproct.com\/ch\/de\/ueber-hemoproct\/\"]}]},{\"@type\":\"ImageObject\",\"inLanguage\":\"de-CH\",\"@id\":\"https:\/\/hemoproct.com\/ch\/de\/ueber-hemoproct\/#primaryimage\",\"url\":\"https:\/\/hemoproct.com\/cdn-cgi\/image\/format=auto\/app\/uploads\/sites\/4\/2022\/06\/5-fach-1.png\",\"contentUrl\":\"https:\/\/hemoproct.com\/cdn-cgi\/image\/format=auto\/app\/uploads\/sites\/4\/2022\/06\/5-fach-1.png\"},{\"@type\":\"BreadcrumbList\",\"@id\":\"https:\/\/hemoproct.com\/ch\/de\/ueber-hemoproct\/#breadcrumb\",\"itemListElement\":[{\"@type\":\"ListItem\",\"position\":1,\"name\":\"Home\",\"item\":\"https:\/\/hemoproct.com\/ch\/de\/\"},{\"@type\":\"ListItem\",\"position\":2,\"name\":\"\u00dcber Hemoproct\"}]},{\"@type\":\"WebSite\",\"@id\":\"https:\/\/hemoproct.com\/ch\/de\/#website\",\"url\":\"https:\/\/hemoproct.com\/ch\/de\/\",\"name\":\"Hemoproct\",\"description\":\"\",\"publisher\":{\"@id\":\"https:\/\/hemoproct.com\/ch\/de\/#organization\"},\"potentialAction\":[{\"@type\":\"SearchAction\",\"target\":{\"@type\":\"EntryPoint\",\"urlTemplate\":\"https:\/\/hemoproct.com\/ch\/de\/?s={search_term_string}\"},\"query-input\":{\"@type\":\"PropertyValueSpecification\",\"valueRequired\":true,\"valueName\":\"search_term_string\"}}],\"inLanguage\":\"de-CH\"},{\"@type\":\"Organization\",\"@id\":\"https:\/\/hemoproct.com\/ch\/de\/#organization\",\"name\":\"Hemoproct\",\"url\":\"https:\/\/hemoproct.com\/ch\/de\/\",\"logo\":{\"@type\":\"ImageObject\",\"inLanguage\":\"de-CH\",\"@id\":\"https:\/\/hemoproct.com\/ch\/de\/#\/schema\/logo\/image\/\",\"url\":\"https:\/\/hemoproct.com\/app\/uploads\/sites\/4\/2022\/06\/logo-hemoproct.png\",\"contentUrl\":\"https:\/\/hemoproct.com\/app\/uploads\/sites\/4\/2022\/06\/logo-hemoproct.png\",\"width\":162,\"height\":24,\"caption\":\"Hemoproct\"},\"image\":{\"@id\":\"https:\/\/hemoproct.com\/ch\/de\/#\/schema\/logo\/image\/\"}}]}<\/script>\n<!-- \/ Yoast SEO plugin. -->","yoast_head_json":{"title":"\u00dcber Hemoproct - Hemoproct","description":"Beruhigt den Juckreiz, f\u00f6rdert die unterst\u00fctzt Heilung und verschafft sofortige Linderung","robots":{"index":"index","follow":"follow","max-snippet":"max-snippet:-1","max-image-preview":"max-image-preview:large","max-video-preview":"max-video-preview:-1"},"canonical":"https:\/\/hemoproct.com\/ch\/de\/ueber-hemoproct\/","og_locale":"de_DE","og_type":"article","og_title":"\u00dcber Hemoproct - Hemoproct","og_description":"Beruhigt den Juckreiz, f\u00f6rdert die unterst\u00fctzt Heilung und verschafft sofortige Linderung","og_url":"https:\/\/hemoproct.com\/ch\/de\/ueber-hemoproct\/","og_site_name":"Hemoproct","article_modified_time":"2025-06-18T07:48:44+00:00","og_image":[{"url":"https:\/\/hemoproct.com\/cdn-cgi\/image\/format=auto\/app\/uploads\/sites\/4\/2022\/06\/5-fach-1.png","type":"","width":"","height":""}],"twitter_card":"summary_large_image","twitter_misc":{"Gesch\u00e4tzte Lesezeit":"4\u00a0Minuten"},"schema":{"@context":"https:\/\/schema.org","@graph":[{"@type":"WebPage","@id":"https:\/\/hemoproct.com\/ch\/de\/ueber-hemoproct\/","url":"https:\/\/hemoproct.com\/ch\/de\/ueber-hemoproct\/","name":"\u00dcber Hemoproct - Hemoproct","isPartOf":{"@id":"https:\/\/hemoproct.com\/ch\/de\/#website"},"primaryImageOfPage":{"@id":"https:\/\/hemoproct.com\/ch\/de\/ueber-hemoproct\/#primaryimage"},"image":{"@id":"https:\/\/hemoproct.com\/ch\/de\/ueber-hemoproct\/#primaryimage"},"thumbnailUrl":"https:\/\/hemoproct.com\/cdn-cgi\/image\/format=auto\/app\/uploads\/sites\/4\/2022\/06\/5-fach-1.png","datePublished":"2022-06-10T07:39:32+00:00","dateModified":"2025-06-18T07:48:44+00:00","description":"Beruhigt den Juckreiz, f\u00f6rdert die unterst\u00fctzt Heilung und verschafft sofortige Linderung","breadcrumb":{"@id":"https:\/\/hemoproct.com\/ch\/de\/ueber-hemoproct\/#breadcrumb"},"inLanguage":"de-CH","potentialAction":[{"@type":"ReadAction","target":["https:\/\/hemoproct.com\/ch\/de\/ueber-hemoproct\/"]}]},{"@type":"ImageObject","inLanguage":"de-CH","@id":"https:\/\/hemoproct.com\/ch\/de\/ueber-hemoproct\/#primaryimage","url":"https:\/\/hemoproct.com\/cdn-cgi\/image\/format=auto\/app\/uploads\/sites\/4\/2022\/06\/5-fach-1.png","contentUrl":"https:\/\/hemoproct.com\/cdn-cgi\/image\/format=auto\/app\/uploads\/sites\/4\/2022\/06\/5-fach-1.png"},{"@type":"BreadcrumbList","@id":"https:\/\/hemoproct.com\/ch\/de\/ueber-hemoproct\/#breadcrumb","itemListElement":[{"@type":"ListItem","position":1,"name":"Home","item":"https:\/\/hemoproct.com\/ch\/de\/"},{"@type":"ListItem","position":2,"name":"\u00dcber Hemoproct"}]},{"@type":"WebSite","@id":"https:\/\/hemoproct.com\/ch\/de\/#website","url":"https:\/\/hemoproct.com\/ch\/de\/","name":"Hemoproct","description":"","publisher":{"@id":"https:\/\/hemoproct.com\/ch\/de\/#organization"},"potentialAction":[{"@type":"SearchAction","target":{"@type":"EntryPoint","urlTemplate":"https:\/\/hemoproct.com\/ch\/de\/?s={search_term_string}"},"query-input":{"@type":"PropertyValueSpecification","valueRequired":true,"valueName":"search_term_string"}}],"inLanguage":"de-CH"},{"@type":"Organization","@id":"https:\/\/hemoproct.com\/ch\/de\/#organization","name":"Hemoproct","url":"https:\/\/hemoproct.com\/ch\/de\/","logo":{"@type":"ImageObject","inLanguage":"de-CH","@id":"https:\/\/hemoproct.com\/ch\/de\/#\/schema\/logo\/image\/","url":"https:\/\/hemoproct.com\/app\/uploads\/sites\/4\/2022\/06\/logo-hemoproct.png","contentUrl":"https:\/\/hemoproct.com\/app\/uploads\/sites\/4\/2022\/06\/logo-hemoproct.png","width":162,"height":24,"caption":"Hemoproct"},"image":{"@id":"https:\/\/hemoproct.com\/ch\/de\/#\/schema\/logo\/image\/"}}]}},"_links":{"self":[{"href":"https:\/\/hemoproct.com\/ch\/de\/wp-json\/wp\/v2\/pages\/62","targetHints":{"allow":["GET"]}}],"collection":[{"href":"https:\/\/hemoproct.com\/ch\/de\/wp-json\/wp\/v2\/pages"}],"about":[{"href":"https:\/\/hemoproct.com\/ch\/de\/wp-json\/wp\/v2\/types\/page"}],"author":[{"embeddable":true,"href":"https:\/\/hemoproct.com\/ch\/de\/wp-json\/wp\/v2\/users\/2"}],"replies":[{"embeddable":true,"href":"https:\/\/hemoproct.com\/ch\/de\/wp-json\/wp\/v2\/comments?post=62"}],"version-history":[{"count":10,"href":"https:\/\/hemoproct.com\/ch\/de\/wp-json\/wp\/v2\/pages\/62\/revisions"}],"predecessor-version":[{"id":628,"href":"https:\/\/hemoproct.com\/ch\/de\/wp-json\/wp\/v2\/pages\/62\/revisions\/628"}],"wp:attachment":[{"href":"https:\/\/hemoproct.com\/ch\/de\/wp-json\/wp\/v2\/media?parent=62"}],"wp:term":[{"taxonomy":"from-article-database","embeddable":true,"href":"https:\/\/hemoproct.com\/ch\/de\/wp-json\/wp\/v2\/from-article-database?post=62"}],"curies":[{"name":"wp","href":"https:\/\/api.w.org\/{rel}","templated":true}]}}