{"id":120,"date":"2022-06-10T10:58:34","date_gmt":"2022-06-10T08:58:34","guid":{"rendered":"https:\/\/hemoproct.com\/ch\/?post_type=product&#038;p=120"},"modified":"2026-03-30T12:22:12","modified_gmt":"2026-03-30T10:22:12","slug":"hemoproct-gel-tube","status":"publish","type":"product","link":"https:\/\/hemoproct.com\/ch\/de\/produkte\/hemoproct-gel-tube\/","title":{"rendered":"Hemoproct Gel Tube"},"content":{"rendered":"\n<div class=\"wp-block-karopharma-accordions\"><div class=\"container\">\n<details class=\"wp-block-karopharma-accordion\"><summary><h2 class=\"accordion-title\">Anwendung<\/h2><\/summary><div class=\"accordion-content\">\n<p><strong>Zur Linderung innerer H\u00e4morrhoiden:<\/strong> verwenden Sie zum Auftragen im Analkanal den beiliegenden Applikator. Nach Gebrauch den Applikator mit warmem Wasser waschen und mit der Schutzkappe verschlie\u00dfen.<\/p>\n\n\n\n<p><strong>Zur Linderung \u00e4u\u00dferer H\u00e4morrhoiden :<\/strong> waschen Sie vor und nach dem Gebrauch Ihre H\u00e4nde. Geben Sie eine kleine Menge Gel auf Ihre Finger und verteilen Sie diese um den After.<\/p>\n\n\n\n<p>F\u00fcr eine umfassende Linderung in und um den Analbereich.<br>Mindestens zwei Mal pro Tag morgens und abends nach dem Stuhlgang auftragen. Bei Schmerzen w\u00e4hrend des Toilettengangs, das Gel zus\u00e4tzlich vor dem Stuhlgang auftragen. Eine h\u00e4ufigere Anwendung erh\u00f6ht den Behandlungserfolg.<\/p>\n<\/div><\/details>\n\n\n\n<details class=\"wp-block-karopharma-accordion\"><summary><h2 class=\"accordion-title\">5-fach Wirkung<\/h2><\/summary><div class=\"accordion-content\">\n<figure class=\"wp-block-image size-full\"><img loading=\"lazy\" decoding=\"async\" width=\"640\" height=\"117\" src=\"https:\/\/hemoproct.com\/app\/uploads\/sites\/4\/2022\/06\/icon-de.png\" alt=\"Die einzigartige Formulierung mit 5-fach Wirkung\" class=\"wp-image-108\" srcset=\"https:\/\/hemoproct.com\/app\/uploads\/sites\/4\/2022\/06\/icon-de.png 640w, https:\/\/hemoproct.com\/app\/uploads\/sites\/4\/2022\/06\/icon-de-320x59.png 320w, https:\/\/hemoproct.com\/app\/uploads\/sites\/4\/2022\/06\/icon-de-600x110.png 600w\" sizes=\"auto, (max-width: 640px) 100vw, 640px\" \/><\/figure>\n<\/div><\/details>\n\n\n\n<details class=\"wp-block-karopharma-accordion\"><summary><h2 class=\"accordion-title\">Eigenschaften<\/h2><\/summary><div class=\"accordion-content\">\n<div class=\"wp-block-karopharma-several-images-with-text several-images-with-text\"><div class=\"container large col-2 content-align-center\" test-data=\"inner-content\">\n<section class=\"wp-block-karopharma-image-with-text image-with-text image-with-text__full-width\"><div class=\"image-with-text-container \"><div class=\"image-with-text-container-image-container\"><img decoding=\"async\" loading=\"lazy\" src=\"https:\/\/hemoproct.com\/cdn-cgi\/image\/format=auto\/app\/uploads\/sites\/4\/2022\/06\/HormoneFree-1.png\" alt=\"Ohne Hormone\"\/><\/div><div class=\"image-with-text-container-content\" style=\"text-align:left\" data-test=\"content\"><div class=\"content\"><p class=\"body\" data-test=\"body\">Ohne Hormone<\/p>\n<div class=\"wp-block-buttons is-layout-flex wp-block-buttons-is-layout-flex\"><\/div>\n<\/div><\/div><\/div><\/section>\n\n\n\n<section class=\"wp-block-karopharma-image-with-text image-with-text image-with-text__full-width\"><div class=\"image-with-text-container \"><div class=\"image-with-text-container-image-container\"><img decoding=\"async\" loading=\"lazy\" src=\"https:\/\/hemoproct.com\/cdn-cgi\/image\/format=auto\/app\/uploads\/sites\/4\/2022\/06\/FragranceFree-1.png\" alt=\"Ohne Duftstoffe\"\/><\/div><div class=\"image-with-text-container-content\" style=\"text-align:left\" data-test=\"content\"><div class=\"content\"><p class=\"body\" data-test=\"body\">Ohne Duftstoffe<\/p>\n<div class=\"wp-block-buttons is-layout-flex wp-block-buttons-is-layout-flex\"><\/div>\n<\/div><\/div><\/div><\/section>\n\n\n\n<section class=\"wp-block-karopharma-image-with-text image-with-text image-with-text__full-width\"><div class=\"image-with-text-container \"><div class=\"image-with-text-container-image-container\"><img decoding=\"async\" loading=\"lazy\" src=\"https:\/\/hemoproct.com\/cdn-cgi\/image\/format=auto\/app\/uploads\/sites\/4\/2022\/06\/NoAnimalOrigin-1.png\" alt=\"Ohne tierische Inhaltsstoffe\"\/><\/div><div class=\"image-with-text-container-content\" style=\"text-align:left\" data-test=\"content\"><div class=\"content\"><p class=\"body\" data-test=\"body\">Ohne tierische Inhaltsstoffe<\/p>\n<div class=\"wp-block-buttons is-layout-flex wp-block-buttons-is-layout-flex\"><\/div>\n<\/div><\/div><\/div><\/section>\n\n\n\n<section class=\"wp-block-karopharma-image-with-text image-with-text image-with-text__full-width\"><div class=\"image-with-text-container \"><div class=\"image-with-text-container-image-container\"><img decoding=\"async\" loading=\"lazy\" src=\"https:\/\/hemoproct.com\/cdn-cgi\/image\/format=auto\/app\/uploads\/sites\/4\/2022\/06\/PregnancyFriendly-1.png\" alt=\"Geeignet f\u00fcr Schwangere\"\/><\/div><div class=\"image-with-text-container-content\" style=\"text-align:left\" data-test=\"content\"><div class=\"content\"><p class=\"body\" data-test=\"body\">Geeignet f\u00fcr Schwangere<\/p>\n<div class=\"wp-block-buttons is-layout-flex wp-block-buttons-is-layout-flex\"><\/div>\n<\/div><\/div><\/div><\/section>\n<\/div><\/div>\n<\/div><\/details>\n\n\n\n<details class=\"wp-block-karopharma-accordion\"><summary><h2 class=\"accordion-title\">Inhaltsstoffe<\/h2><\/summary><div class=\"accordion-content\">\n<p>Aqua, Aloe Barbadensis Gel, Galactoarabinan Polyglucoronic Acid Crosspolymer*, PEG-8, Xanthan Gum, Betaine, Laureth-9, Phenoxyethanol, Ethylhexylglycerin, Sodium Hydroxide, Potassium phosphate. *2QR <em>*2QR<\/em><\/p>\n<\/div><\/details>\n<\/div><\/div>\n","protected":false},"excerpt":{"rendered":"<p>Hemoproct-Tube mit einfachem Applikator f\u00fcr schnelle H\u00e4morrhoiden-Entlastung<\/p>\n","protected":false},"featured_media":112,"comment_status":"closed","ping_status":"closed","template":"","meta":{"_acf_changed":false,"footnotes":""},"product_brand":[],"product_cat":[],"product_tag":[],"class_list":{"0":"post-120","1":"product","2":"type-product","3":"status-publish","4":"has-post-thumbnail","7":"first","8":"instock","9":"shipping-taxable","10":"product-type-simple"},"acf":[],"yoast_head":"<!-- This site is optimized with the Yoast SEO plugin v26.6 - https:\/\/yoast.com\/wordpress\/plugins\/seo\/ -->\n<title>Hemoproct Gel Tube - Hemoproct<\/title>\n<meta name=\"description\" content=\"Die praktische Applikator - flexible L\u00f6sung f\u00fcr die meisten Arten von H\u00e4morrhoiden.\" \/>\n<meta name=\"robots\" content=\"index, follow, max-snippet:-1, max-image-preview:large, max-video-preview:-1\" \/>\n<link rel=\"canonical\" href=\"https:\/\/hemoproct.com\/ch\/de\/produkte\/hemoproct-gel-tube\/\" \/>\n<meta property=\"og:locale\" content=\"de_DE\" \/>\n<meta property=\"og:type\" content=\"article\" \/>\n<meta property=\"og:title\" content=\"Hemoproct Gel Tube - Hemoproct\" \/>\n<meta property=\"og:description\" content=\"Die praktische Applikator - flexible L\u00f6sung f\u00fcr die meisten Arten von H\u00e4morrhoiden.\" \/>\n<meta property=\"og:url\" content=\"https:\/\/hemoproct.com\/ch\/de\/produkte\/hemoproct-gel-tube\/\" \/>\n<meta property=\"og:site_name\" content=\"Hemoproct\" \/>\n<meta property=\"article:modified_time\" content=\"2026-03-30T10:22:12+00:00\" \/>\n<meta property=\"og:image\" content=\"https:\/\/hemoproct.com\/app\/uploads\/sites\/4\/2022\/06\/Hemoproct_Group_Gel.png\" \/>\n\t<meta property=\"og:image:width\" content=\"931\" \/>\n\t<meta property=\"og:image:height\" content=\"931\" \/>\n\t<meta property=\"og:image:type\" content=\"image\/png\" \/>\n<meta name=\"twitter:card\" content=\"summary_large_image\" \/>\n<meta name=\"twitter:label1\" content=\"Gesch\u00e4tzte Lesezeit\" \/>\n\t<meta name=\"twitter:data1\" content=\"2\u00a0Minuten\" \/>\n<script type=\"application\/ld+json\" class=\"yoast-schema-graph\">{\"@context\":\"https:\/\/schema.org\",\"@graph\":[{\"@type\":\"WebPage\",\"@id\":\"https:\/\/hemoproct.com\/ch\/de\/produkte\/hemoproct-gel-tube\/\",\"url\":\"https:\/\/hemoproct.com\/ch\/de\/produkte\/hemoproct-gel-tube\/\",\"name\":\"Hemoproct Gel Tube - Hemoproct\",\"isPartOf\":{\"@id\":\"https:\/\/hemoproct.com\/ch\/de\/#website\"},\"primaryImageOfPage\":{\"@id\":\"https:\/\/hemoproct.com\/ch\/de\/produkte\/hemoproct-gel-tube\/#primaryimage\"},\"image\":{\"@id\":\"https:\/\/hemoproct.com\/ch\/de\/produkte\/hemoproct-gel-tube\/#primaryimage\"},\"thumbnailUrl\":\"https:\/\/hemoproct.com\/app\/uploads\/sites\/4\/2022\/06\/Hemoproct_Group_Gel.png\",\"datePublished\":\"2022-06-10T08:58:34+00:00\",\"dateModified\":\"2026-03-30T10:22:12+00:00\",\"description\":\"Die praktische Applikator - flexible L\u00f6sung f\u00fcr die meisten Arten von H\u00e4morrhoiden.\",\"breadcrumb\":{\"@id\":\"https:\/\/hemoproct.com\/ch\/de\/produkte\/hemoproct-gel-tube\/#breadcrumb\"},\"inLanguage\":\"de-CH\",\"potentialAction\":[{\"@type\":\"ReadAction\",\"target\":[\"https:\/\/hemoproct.com\/ch\/de\/produkte\/hemoproct-gel-tube\/\"]}]},{\"@type\":\"ImageObject\",\"inLanguage\":\"de-CH\",\"@id\":\"https:\/\/hemoproct.com\/ch\/de\/produkte\/hemoproct-gel-tube\/#primaryimage\",\"url\":\"https:\/\/hemoproct.com\/app\/uploads\/sites\/4\/2022\/06\/Hemoproct_Group_Gel.png\",\"contentUrl\":\"https:\/\/hemoproct.com\/app\/uploads\/sites\/4\/2022\/06\/Hemoproct_Group_Gel.png\",\"width\":931,\"height\":931,\"caption\":\"Hemoproct Group Gel\"},{\"@type\":\"BreadcrumbList\",\"@id\":\"https:\/\/hemoproct.com\/ch\/de\/produkte\/hemoproct-gel-tube\/#breadcrumb\",\"itemListElement\":[{\"@type\":\"ListItem\",\"position\":1,\"name\":\"Home\",\"item\":\"https:\/\/hemoproct.com\/ch\/de\/\"},{\"@type\":\"ListItem\",\"position\":2,\"name\":\"Produkte\",\"item\":\"https:\/\/hemoproct.com\/ch\/de\/produkte\/\"},{\"@type\":\"ListItem\",\"position\":3,\"name\":\"Hemoproct Gel Tube\"}]},{\"@type\":\"WebSite\",\"@id\":\"https:\/\/hemoproct.com\/ch\/de\/#website\",\"url\":\"https:\/\/hemoproct.com\/ch\/de\/\",\"name\":\"Hemoproct\",\"description\":\"\",\"publisher\":{\"@id\":\"https:\/\/hemoproct.com\/ch\/de\/#organization\"},\"potentialAction\":[{\"@type\":\"SearchAction\",\"target\":{\"@type\":\"EntryPoint\",\"urlTemplate\":\"https:\/\/hemoproct.com\/ch\/de\/?s={search_term_string}\"},\"query-input\":{\"@type\":\"PropertyValueSpecification\",\"valueRequired\":true,\"valueName\":\"search_term_string\"}}],\"inLanguage\":\"de-CH\"},{\"@type\":\"Organization\",\"@id\":\"https:\/\/hemoproct.com\/ch\/de\/#organization\",\"name\":\"Hemoproct\",\"url\":\"https:\/\/hemoproct.com\/ch\/de\/\",\"logo\":{\"@type\":\"ImageObject\",\"inLanguage\":\"de-CH\",\"@id\":\"https:\/\/hemoproct.com\/ch\/de\/#\/schema\/logo\/image\/\",\"url\":\"https:\/\/hemoproct.com\/app\/uploads\/sites\/4\/2022\/06\/logo-hemoproct.png\",\"contentUrl\":\"https:\/\/hemoproct.com\/app\/uploads\/sites\/4\/2022\/06\/logo-hemoproct.png\",\"width\":162,\"height\":24,\"caption\":\"Hemoproct\"},\"image\":{\"@id\":\"https:\/\/hemoproct.com\/ch\/de\/#\/schema\/logo\/image\/\"}}]}<\/script>\n<!-- \/ Yoast SEO plugin. -->","yoast_head_json":{"title":"Hemoproct Gel Tube - Hemoproct","description":"Die praktische Applikator - flexible L\u00f6sung f\u00fcr die meisten Arten von H\u00e4morrhoiden.","robots":{"index":"index","follow":"follow","max-snippet":"max-snippet:-1","max-image-preview":"max-image-preview:large","max-video-preview":"max-video-preview:-1"},"canonical":"https:\/\/hemoproct.com\/ch\/de\/produkte\/hemoproct-gel-tube\/","og_locale":"de_DE","og_type":"article","og_title":"Hemoproct Gel Tube - Hemoproct","og_description":"Die praktische Applikator - flexible L\u00f6sung f\u00fcr die meisten Arten von H\u00e4morrhoiden.","og_url":"https:\/\/hemoproct.com\/ch\/de\/produkte\/hemoproct-gel-tube\/","og_site_name":"Hemoproct","article_modified_time":"2026-03-30T10:22:12+00:00","og_image":[{"width":931,"height":931,"url":"https:\/\/hemoproct.com\/app\/uploads\/sites\/4\/2022\/06\/Hemoproct_Group_Gel.png","type":"image\/png"}],"twitter_card":"summary_large_image","twitter_misc":{"Gesch\u00e4tzte Lesezeit":"2\u00a0Minuten"},"schema":{"@context":"https:\/\/schema.org","@graph":[{"@type":"WebPage","@id":"https:\/\/hemoproct.com\/ch\/de\/produkte\/hemoproct-gel-tube\/","url":"https:\/\/hemoproct.com\/ch\/de\/produkte\/hemoproct-gel-tube\/","name":"Hemoproct Gel Tube - Hemoproct","isPartOf":{"@id":"https:\/\/hemoproct.com\/ch\/de\/#website"},"primaryImageOfPage":{"@id":"https:\/\/hemoproct.com\/ch\/de\/produkte\/hemoproct-gel-tube\/#primaryimage"},"image":{"@id":"https:\/\/hemoproct.com\/ch\/de\/produkte\/hemoproct-gel-tube\/#primaryimage"},"thumbnailUrl":"https:\/\/hemoproct.com\/app\/uploads\/sites\/4\/2022\/06\/Hemoproct_Group_Gel.png","datePublished":"2022-06-10T08:58:34+00:00","dateModified":"2026-03-30T10:22:12+00:00","description":"Die praktische Applikator - flexible L\u00f6sung f\u00fcr die meisten Arten von H\u00e4morrhoiden.","breadcrumb":{"@id":"https:\/\/hemoproct.com\/ch\/de\/produkte\/hemoproct-gel-tube\/#breadcrumb"},"inLanguage":"de-CH","potentialAction":[{"@type":"ReadAction","target":["https:\/\/hemoproct.com\/ch\/de\/produkte\/hemoproct-gel-tube\/"]}]},{"@type":"ImageObject","inLanguage":"de-CH","@id":"https:\/\/hemoproct.com\/ch\/de\/produkte\/hemoproct-gel-tube\/#primaryimage","url":"https:\/\/hemoproct.com\/app\/uploads\/sites\/4\/2022\/06\/Hemoproct_Group_Gel.png","contentUrl":"https:\/\/hemoproct.com\/app\/uploads\/sites\/4\/2022\/06\/Hemoproct_Group_Gel.png","width":931,"height":931,"caption":"Hemoproct Group Gel"},{"@type":"BreadcrumbList","@id":"https:\/\/hemoproct.com\/ch\/de\/produkte\/hemoproct-gel-tube\/#breadcrumb","itemListElement":[{"@type":"ListItem","position":1,"name":"Home","item":"https:\/\/hemoproct.com\/ch\/de\/"},{"@type":"ListItem","position":2,"name":"Produkte","item":"https:\/\/hemoproct.com\/ch\/de\/produkte\/"},{"@type":"ListItem","position":3,"name":"Hemoproct Gel Tube"}]},{"@type":"WebSite","@id":"https:\/\/hemoproct.com\/ch\/de\/#website","url":"https:\/\/hemoproct.com\/ch\/de\/","name":"Hemoproct","description":"","publisher":{"@id":"https:\/\/hemoproct.com\/ch\/de\/#organization"},"potentialAction":[{"@type":"SearchAction","target":{"@type":"EntryPoint","urlTemplate":"https:\/\/hemoproct.com\/ch\/de\/?s={search_term_string}"},"query-input":{"@type":"PropertyValueSpecification","valueRequired":true,"valueName":"search_term_string"}}],"inLanguage":"de-CH"},{"@type":"Organization","@id":"https:\/\/hemoproct.com\/ch\/de\/#organization","name":"Hemoproct","url":"https:\/\/hemoproct.com\/ch\/de\/","logo":{"@type":"ImageObject","inLanguage":"de-CH","@id":"https:\/\/hemoproct.com\/ch\/de\/#\/schema\/logo\/image\/","url":"https:\/\/hemoproct.com\/app\/uploads\/sites\/4\/2022\/06\/logo-hemoproct.png","contentUrl":"https:\/\/hemoproct.com\/app\/uploads\/sites\/4\/2022\/06\/logo-hemoproct.png","width":162,"height":24,"caption":"Hemoproct"},"image":{"@id":"https:\/\/hemoproct.com\/ch\/de\/#\/schema\/logo\/image\/"}}]}},"_links":{"self":[{"href":"https:\/\/hemoproct.com\/ch\/de\/wp-json\/wp\/v2\/product\/120","targetHints":{"allow":["GET"]}}],"collection":[{"href":"https:\/\/hemoproct.com\/ch\/de\/wp-json\/wp\/v2\/product"}],"about":[{"href":"https:\/\/hemoproct.com\/ch\/de\/wp-json\/wp\/v2\/types\/product"}],"replies":[{"embeddable":true,"href":"https:\/\/hemoproct.com\/ch\/de\/wp-json\/wp\/v2\/comments?post=120"}],"version-history":[{"count":9,"href":"https:\/\/hemoproct.com\/ch\/de\/wp-json\/wp\/v2\/product\/120\/revisions"}],"predecessor-version":[{"id":653,"href":"https:\/\/hemoproct.com\/ch\/de\/wp-json\/wp\/v2\/product\/120\/revisions\/653"}],"wp:featuredmedia":[{"embeddable":true,"href":"https:\/\/hemoproct.com\/ch\/de\/wp-json\/wp\/v2\/media\/112"}],"wp:attachment":[{"href":"https:\/\/hemoproct.com\/ch\/de\/wp-json\/wp\/v2\/media?parent=120"}],"wp:term":[{"taxonomy":"product_brand","embeddable":true,"href":"https:\/\/hemoproct.com\/ch\/de\/wp-json\/wp\/v2\/product_brand?post=120"},{"taxonomy":"product_cat","embeddable":true,"href":"https:\/\/hemoproct.com\/ch\/de\/wp-json\/wp\/v2\/product_cat?post=120"},{"taxonomy":"product_tag","embeddable":true,"href":"https:\/\/hemoproct.com\/ch\/de\/wp-json\/wp\/v2\/product_tag?post=120"}],"curies":[{"name":"wp","href":"https:\/\/api.w.org\/{rel}","templated":true}]}}