{"id":143,"date":"2022-06-09T10:25:56","date_gmt":"2022-06-09T08:25:56","guid":{"rendered":"https:\/\/hemoproct.com\/ch\/hemoproct\/"},"modified":"2023-01-23T12:37:54","modified_gmt":"2023-01-23T11:37:54","slug":"hemoproct","status":"publish","type":"page","link":"https:\/\/hemoproct.com\/ch\/fr\/","title":{"rendered":"Hemoproct"},"content":{"rendered":"\n<div class=\"wp-block-karopharma-product-promotion text-align-right pt-medium pb-medium bg-bottom bg-cover bg-no-repeat  undefined is-style-transparent\" style=\"background-image:url(https:\/\/hemoproct.com\/cdn-cgi\/image\/format=auto\/app\/uploads\/sites\/4\/2022\/06\/Hero1BG.png)\"><div class=\"container max-w-large\">\n<div class=\"wp-block-group is-layout-flow wp-block-group-is-layout-flow\">\n<figure class=\"wp-block-image size-full\"><img loading=\"lazy\" decoding=\"async\" width=\"741\" height=\"667\" src=\"https:\/\/hemoproct.com\/app\/uploads\/sites\/4\/2022\/06\/Hemoproct-Group-Gel-start.png\" alt=\"Hemoproct Group Gel\" class=\"wp-image-116\" srcset=\"https:\/\/hemoproct.com\/app\/uploads\/sites\/4\/2022\/06\/Hemoproct-Group-Gel-start.png 741w, https:\/\/hemoproct.com\/app\/uploads\/sites\/4\/2022\/06\/Hemoproct-Group-Gel-start-320x288.png 320w, https:\/\/hemoproct.com\/app\/uploads\/sites\/4\/2022\/06\/Hemoproct-Group-Gel-start-600x540.png 600w\" sizes=\"auto, (max-width: 741px) 100vw, 741px\" \/><\/figure>\n<\/div>\n\n\n\n<div class=\"wp-block-group is-layout-flow wp-block-group-is-layout-flow\">\n<h1 class=\"title is-style-heading-h1 has-white-color has-text-color wp-block-heading\" id=\"la-solution-naturelle-pour-soulager-rapidement-les-hemorroides-1\">La solution naturelle pour soulager rapidement les h\u00e9morro\u00efdes<\/h1>\n\n\n\n<h2 class=\"heading is-style-heading-h3 has-white-color has-text-color wp-block-heading\" id=\"personne-ne-merite-de-vivre-avec-des-hemorroides-et-des-genes-annales\">Personne ne m\u00e9rite de vivre avec des h\u00e9morro\u00efdes et des g\u00eanes annales.<\/h2>\n\n\n\n<p class=\"paragraph is-style-paragraph-preamble\"><\/p>\n\n\n\n<div class=\"wp-block-buttons is-layout-flex wp-block-buttons-is-layout-flex\">\n<div class=\"wp-block-button is-style-primary-light-button\"><a class=\"wp-block-button__link\" href=\"https:\/\/hemoproct.com\/ch\/fr\/a-propos-dhemoproct\/\">En savior plus<\/a><\/div>\n<\/div>\n<\/div>\n<\/div><\/div>\n\n\n\n<div class=\"wp-block-karopharma-free-text pt-large pb-large bg-center bg-cover bg-no-repeat bg-box undefined is-style-primary\" style=\"background-image:url()\"><div class=\"free-text-wrapper container max-w-medium text-center\">\n<h2 class=\"is-style-heading-h1 wp-block-heading\" id=\"la-solution-naturelle-pour-soulager-rapidement-les-hemorroides\">La seule formule \u00e0 quintuple action<\/h2>\n\n\n\n<h3 class=\"is-style-heading-h3 wp-block-heading\" id=\"personne-ne-merite-de-vivre-avec-deshemorroides-et-des-genes-annales\">Sans anesth\u00e9siques locaux ni corticost\u00e9ro\u00efdes.<\/h3>\n\n\n\n<div class=\"wp-block-image\"><figure class=\"aligncenter size-full\"><img decoding=\"async\" src=\"https:\/\/hemoproct.com\/app\/uploads\/sites\/4\/2022\/06\/quintuple-action-640x127-1-1.png\" alt=\"Die einzigartige Formulierung mit 5-fach Wirkung\" class=\"wp-image-108\"\/><\/figure><\/div>\n\n\n\n<p class=\"is-style-paragraph-body-text\">Hemoproct\u00ae soulage rapidement les g\u00eanes anales. \u00c0 base d\u2019ingr\u00e9dients naturels, il peut \u00eatre utilis\u00e9 en cas de g\u00eanes fr\u00e9quentes ou durant la grossesse. Le complexe 2QR, extrait de l\u2019aloe vera, constitue une barri\u00e8re physique qui prot\u00e8ge contre les bact\u00e9ries nocives.<\/p>\n<\/div><\/div>\n\n\n<div class=\"product-list wp-block-karopharma-product-list\" data-testid=\"product-list\">\n      <div class=\"swiper-container\">\n      <div class=\"swiper\">\n        <div class=\"swiper-wrapper\">\n                      <div class=\"swiper-slide\">\n              <div class=\"product-card\" data-testid=\"product-card\">\n  <a\n    href=https:\/\/hemoproct.com\/ch\/fr\/produit\/hemoproct-gel-tube\/\n    class=\"product-card-link\"\n    title=\"Hemoproct Gel Tube\"\n  >\n  <figure class=\"product-card-image\" data-testid=\"product-image\">\n                          <img decoding=\"async\" src=\"https:\/\/hemoproct.com\/cdn-cgi\/image\/width=700,format=auto\/app\/uploads\/sites\/4\/2022\/06\/Hemoproct_Group_Gel.png\"\n        srcset=\"https:\/\/hemoproct.com\/cdn-cgi\/image\/width=250,format=auto\/app\/uploads\/sites\/4\/2022\/06\/Hemoproct_Group_Gel.png 250w,\n                https:\/\/hemoproct.com\/cdn-cgi\/image\/width=500,format=auto\/app\/uploads\/sites\/4\/2022\/06\/Hemoproct_Group_Gel.png 500w,\n                https:\/\/hemoproct.com\/cdn-cgi\/image\/width=700,format=auto\/app\/uploads\/sites\/4\/2022\/06\/Hemoproct_Group_Gel.png 700w\"\n        sizes=\"(max-width: 400px) 250px, (max-width: 800px) 500px, 700px\"\n        alt=\"Hemoproct Group Gel\"\n        class=\"img\">\n            <\/figure>\n    <div class=\"product-card-content\">\n      <div class=\"heading-wrapper\">\n        <h2 class=\"heading\">Hemoproct Gel Tube<\/h2>\n      <\/div>\n      <div class=\"product-card-description\">Hemoproct Tube avec applicateur facile pour un soulagement rapide des h\u00e9morro\u00efdes\n\n<\/div>\n                      <\/div>\n  <\/a>\n          <div class=\"button-wrapper buy-now \" data-testid=\"buy-now\">\n      <div class=\"buy-now-container dropdown-container\">\n      <div class=\"theme-button button-primary-color dropdown-link\" aria-label=\"Acheter maintenant\">\n          Acheter maintenant <i class=\"dropdown\"><\/i>\n      <\/div>\n      <ul class=\"reseller-list submenu\">\n                    <li>\n              <a\n                href=\"https:\/\/www.drogi.ch\/actiproct-gel-hamorrhoiden-tube-30g.html\" onclick=\"dataLayer.push({'event':'ga_event', 'eventCategory':'Click on Reseller', 'eventAction':'Drogi', 'eventLabel':'Hemoproct Gel Tube', 'eventValue': undefined})\" rel=\"noopener\" target=\"_blank\" title=\"Drogi\"\n                data-testid=\"buy-now-reseller\">\n                <i class=\"fa-solid fa-arrow-right\"><\/i> Drogi\n              <\/a>\n          <\/li>\n                    <li>\n              <a\n                href=\"https:\/\/kanela.ch\/de\/actiproct-gel-30g\" onclick=\"dataLayer.push({'event':'ga_event', 'eventCategory':'Click on Reseller', 'eventAction':'Kanela', 'eventLabel':'Hemoproct Gel Tube', 'eventValue': undefined})\" rel=\"noopener\" target=\"_blank\" title=\"Kanela\"\n                data-testid=\"buy-now-reseller\">\n                <i class=\"fa-solid fa-arrow-right\"><\/i> Kanela\n              <\/a>\n          <\/li>\n                    <li>\n              <a\n                href=\"https:\/\/www.nurnatur.ch\/schwabe-pharma-ag-hametum-actiproct-gel-tube-a-30-gramm\" onclick=\"dataLayer.push({'event':'ga_event', 'eventCategory':'Click on Reseller', 'eventAction':'Nurnatur', 'eventLabel':'Hemoproct Gel Tube', 'eventValue': undefined})\" rel=\"noopener\" target=\"_blank\" title=\"Nurnatur\"\n                data-testid=\"buy-now-reseller\">\n                <i class=\"fa-solid fa-arrow-right\"><\/i> Nurnatur\n              <\/a>\n          <\/li>\n                    <li>\n              <a\n                href=\"https:\/\/www.puravita.ch\/de_ch\/actiproct-gel-30-g\" onclick=\"dataLayer.push({'event':'ga_event', 'eventCategory':'Click on Reseller', 'eventAction':'Puravita', 'eventLabel':'Hemoproct Gel Tube', 'eventValue': undefined})\" rel=\"noopener\" target=\"_blank\" title=\"Puravita\"\n                data-testid=\"buy-now-reseller\">\n                <i class=\"fa-solid fa-arrow-right\"><\/i> Puravita\n              <\/a>\n          <\/li>\n                    <li>\n              <a\n                href=\"https:\/\/www.vitaminplus.ch\/hemoproct-gel-tube-37-g\" onclick=\"dataLayer.push({'event':'ga_event', 'eventCategory':'Click on Reseller', 'eventAction':'Vitaminplus', 'eventLabel':'Hemoproct Gel Tube', 'eventValue': undefined})\" rel=\"noopener\" target=\"_blank\" title=\"Vitaminplus\"\n                data-testid=\"buy-now-reseller\">\n                <i class=\"fa-solid fa-arrow-right\"><\/i> Vitaminplus\n              <\/a>\n          <\/li>\n                    <li>\n              <a\n                href=\"https:\/\/www.vitaserv.ch\/pi\/marken-von-a-z\/a\/actiproct\/actiproct-gel-tube-30-g.html\" onclick=\"dataLayer.push({'event':'ga_event', 'eventCategory':'Click on Reseller', 'eventAction':'VitaServ', 'eventLabel':'Hemoproct Gel Tube', 'eventValue': undefined})\" rel=\"noopener\" target=\"_blank\" title=\"VitaServ\"\n                data-testid=\"buy-now-reseller\">\n                <i class=\"fa-solid fa-arrow-right\"><\/i> VitaServ\n              <\/a>\n          <\/li>\n                    <li>\n              <a\n                href=\"https:\/\/www.zurrose-shop.ch\/de\/gel\/dp\/N8ZKJ940\" onclick=\"dataLayer.push({'event':'ga_event', 'eventCategory':'Click on Reseller', 'eventAction':'zur Rose', 'eventLabel':'Hemoproct Gel Tube', 'eventValue': undefined})\" rel=\"noopener\" target=\"_blank\" title=\"zur Rose\"\n                data-testid=\"buy-now-reseller\">\n                <i class=\"fa-solid fa-arrow-right\"><\/i> zur Rose\n              <\/a>\n          <\/li>\n                <\/ul>\n    <\/div>\n  <\/div>\n  <\/div>\n            <\/div>\n                  <\/div>\n        <div class=\"swiper-scrollbar\"><\/div>\n      <\/div>\n    <\/div>\n  <\/div>\n\n\n\n<div class=\"wp-block-karopharma-free-text pt-large pb-large bg-center bg-cover bg-no-repeat bg-box undefined is-style-secondary\" style=\"background-image:url()\"><div class=\"free-text-wrapper container max-w-medium text-center\">\n<h2 class=\"is-style-heading-h1 wp-block-heading\" id=\"la-solution-naturelle-pour-soulager-rapidement-les-hemorroides\">Que sont les h\u00e9morro\u00efdes ?<\/h2>\n\n\n\n<p class=\"is-style-paragraph-body-text\">Les h\u00e9morro\u00efdes et les g\u00eanes annales sont tr\u00e8s fr\u00e9quentes chez les adultes. Pourtant, beaucoup de personnes souffrent en silence de cette maladie, car elles sont trop g\u00ean\u00e9es par les sympt\u00f4mes pour demander de l\u2019aide. C\u2019est bien dommage, car les h\u00e9morro\u00efdes peuvent \u00eatre faciles \u00e0 traiter, surtout si vous commencez \u00e0 temps.<\/p>\n\n\n\n<h2 class=\"is-style-heading-h1 wp-block-heading\" id=\"la-solution-naturelle-pour-soulager-rapidement-les-hemorroides\">Comment pr\u00e9venir les h\u00e9morro\u00efdes<\/h2>\n\n\n\n<p>Plusieurs aspects doivent \u00eatre pris en compte pour pr\u00e9venir et gu\u00e9rir les h\u00e9morro\u00efdes et autres g\u00eanes similaires. L\u2019exercice physique et une alimentation saine qui pr\u00e9serve la r\u00e9gularit\u00e9 de vos selles en font partie, ainsi que de bonnes habitudes aux toilettes et d\u2019hygi\u00e8ne anale.<\/p>\n<\/div><\/div>\n","protected":false},"excerpt":{"rendered":"","protected":false},"author":2,"featured_media":0,"parent":0,"menu_order":0,"comment_status":"closed","ping_status":"closed","template":"","meta":{"_acf_changed":false,"footnotes":""},"from-article-database":[],"class_list":["post-143","page","type-page","status-publish","hentry"],"acf":[],"yoast_head":"<!-- This site is optimized with the Yoast SEO plugin v26.6 - https:\/\/yoast.com\/wordpress\/plugins\/seo\/ -->\n<title>Hemoproct - Hemoproct<\/title>\n<meta name=\"description\" content=\"La solution naturelle pour soulager rapidement les h\u00e9morro\u00efdes\" \/>\n<meta name=\"robots\" content=\"index, follow, max-snippet:-1, max-image-preview:large, max-video-preview:-1\" \/>\n<link rel=\"canonical\" href=\"https:\/\/hemoproct.com\/ch\/fr\/\" \/>\n<meta property=\"og:locale\" content=\"fr_FR\" \/>\n<meta property=\"og:type\" content=\"article\" \/>\n<meta property=\"og:title\" content=\"Hemoproct - Hemoproct\" \/>\n<meta property=\"og:description\" content=\"La solution naturelle pour soulager rapidement les h\u00e9morro\u00efdes\" \/>\n<meta property=\"og:url\" content=\"https:\/\/hemoproct.com\/ch\/fr\/\" \/>\n<meta property=\"og:site_name\" content=\"Hemoproct\" \/>\n<meta property=\"article:modified_time\" content=\"2023-01-23T11:37:54+00:00\" \/>\n<meta property=\"og:image\" content=\"https:\/\/hemoproct.com\/app\/uploads\/sites\/4\/2022\/06\/Hemoproct-Group-Gel-start.png\" \/>\n<meta name=\"twitter:card\" content=\"summary_large_image\" \/>\n<meta name=\"twitter:label1\" content=\"Est. reading time\" \/>\n\t<meta name=\"twitter:data1\" content=\"2 minutes\" \/>\n<script type=\"application\/ld+json\" class=\"yoast-schema-graph\">{\"@context\":\"https:\/\/schema.org\",\"@graph\":[{\"@type\":\"WebPage\",\"@id\":\"https:\/\/hemoproct.com\/ch\/fr\/\",\"url\":\"https:\/\/hemoproct.com\/ch\/fr\/\",\"name\":\"Hemoproct - Hemoproct\",\"isPartOf\":{\"@id\":\"https:\/\/hemoproct.com\/ch\/fr\/#website\"},\"primaryImageOfPage\":{\"@id\":\"https:\/\/hemoproct.com\/ch\/fr\/#primaryimage\"},\"image\":{\"@id\":\"https:\/\/hemoproct.com\/ch\/fr\/#primaryimage\"},\"thumbnailUrl\":\"https:\/\/hemoproct.com\/app\/uploads\/sites\/4\/2022\/06\/Hemoproct-Group-Gel-start.png\",\"datePublished\":\"2022-06-09T08:25:56+00:00\",\"dateModified\":\"2023-01-23T11:37:54+00:00\",\"description\":\"La solution naturelle pour soulager rapidement les h\u00e9morro\u00efdes\",\"breadcrumb\":{\"@id\":\"https:\/\/hemoproct.com\/ch\/fr\/#breadcrumb\"},\"inLanguage\":\"fr-CH\",\"potentialAction\":[{\"@type\":\"ReadAction\",\"target\":[\"https:\/\/hemoproct.com\/ch\/fr\/\"]}]},{\"@type\":\"ImageObject\",\"inLanguage\":\"fr-CH\",\"@id\":\"https:\/\/hemoproct.com\/ch\/fr\/#primaryimage\",\"url\":\"https:\/\/hemoproct.com\/app\/uploads\/sites\/4\/2022\/06\/Hemoproct-Group-Gel-start.png\",\"contentUrl\":\"https:\/\/hemoproct.com\/app\/uploads\/sites\/4\/2022\/06\/Hemoproct-Group-Gel-start.png\"},{\"@type\":\"BreadcrumbList\",\"@id\":\"https:\/\/hemoproct.com\/ch\/fr\/#breadcrumb\",\"itemListElement\":[{\"@type\":\"ListItem\",\"position\":1,\"name\":\"Home\",\"item\":\"https:\/\/hemoproct.com\/ch\/fr\/\"},{\"@type\":\"ListItem\",\"position\":2,\"name\":\"Hemoproct\"}]},{\"@type\":\"WebSite\",\"@id\":\"https:\/\/hemoproct.com\/ch\/fr\/#website\",\"url\":\"https:\/\/hemoproct.com\/ch\/fr\/\",\"name\":\"Hemoproct\",\"description\":\"\",\"publisher\":{\"@id\":\"https:\/\/hemoproct.com\/ch\/fr\/#organization\"},\"potentialAction\":[{\"@type\":\"SearchAction\",\"target\":{\"@type\":\"EntryPoint\",\"urlTemplate\":\"https:\/\/hemoproct.com\/ch\/fr\/?s={search_term_string}\"},\"query-input\":{\"@type\":\"PropertyValueSpecification\",\"valueRequired\":true,\"valueName\":\"search_term_string\"}}],\"inLanguage\":\"fr-CH\"},{\"@type\":\"Organization\",\"@id\":\"https:\/\/hemoproct.com\/ch\/fr\/#organization\",\"name\":\"Hemoproct\",\"url\":\"https:\/\/hemoproct.com\/ch\/fr\/\",\"logo\":{\"@type\":\"ImageObject\",\"inLanguage\":\"fr-CH\",\"@id\":\"https:\/\/hemoproct.com\/ch\/fr\/#\/schema\/logo\/image\/\",\"url\":\"https:\/\/hemoproct.com\/app\/uploads\/sites\/4\/2022\/06\/logo-hemoproct.png\",\"contentUrl\":\"https:\/\/hemoproct.com\/app\/uploads\/sites\/4\/2022\/06\/logo-hemoproct.png\",\"width\":162,\"height\":24,\"caption\":\"Hemoproct\"},\"image\":{\"@id\":\"https:\/\/hemoproct.com\/ch\/fr\/#\/schema\/logo\/image\/\"}}]}<\/script>\n<!-- \/ Yoast SEO plugin. -->","yoast_head_json":{"title":"Hemoproct - Hemoproct","description":"La solution naturelle pour soulager rapidement les h\u00e9morro\u00efdes","robots":{"index":"index","follow":"follow","max-snippet":"max-snippet:-1","max-image-preview":"max-image-preview:large","max-video-preview":"max-video-preview:-1"},"canonical":"https:\/\/hemoproct.com\/ch\/fr\/","og_locale":"fr_FR","og_type":"article","og_title":"Hemoproct - Hemoproct","og_description":"La solution naturelle pour soulager rapidement les h\u00e9morro\u00efdes","og_url":"https:\/\/hemoproct.com\/ch\/fr\/","og_site_name":"Hemoproct","article_modified_time":"2023-01-23T11:37:54+00:00","og_image":[{"url":"https:\/\/hemoproct.com\/app\/uploads\/sites\/4\/2022\/06\/Hemoproct-Group-Gel-start.png","type":"","width":"","height":""}],"twitter_card":"summary_large_image","twitter_misc":{"Est. reading time":"2 minutes"},"schema":{"@context":"https:\/\/schema.org","@graph":[{"@type":"WebPage","@id":"https:\/\/hemoproct.com\/ch\/fr\/","url":"https:\/\/hemoproct.com\/ch\/fr\/","name":"Hemoproct - Hemoproct","isPartOf":{"@id":"https:\/\/hemoproct.com\/ch\/fr\/#website"},"primaryImageOfPage":{"@id":"https:\/\/hemoproct.com\/ch\/fr\/#primaryimage"},"image":{"@id":"https:\/\/hemoproct.com\/ch\/fr\/#primaryimage"},"thumbnailUrl":"https:\/\/hemoproct.com\/app\/uploads\/sites\/4\/2022\/06\/Hemoproct-Group-Gel-start.png","datePublished":"2022-06-09T08:25:56+00:00","dateModified":"2023-01-23T11:37:54+00:00","description":"La solution naturelle pour soulager rapidement les h\u00e9morro\u00efdes","breadcrumb":{"@id":"https:\/\/hemoproct.com\/ch\/fr\/#breadcrumb"},"inLanguage":"fr-CH","potentialAction":[{"@type":"ReadAction","target":["https:\/\/hemoproct.com\/ch\/fr\/"]}]},{"@type":"ImageObject","inLanguage":"fr-CH","@id":"https:\/\/hemoproct.com\/ch\/fr\/#primaryimage","url":"https:\/\/hemoproct.com\/app\/uploads\/sites\/4\/2022\/06\/Hemoproct-Group-Gel-start.png","contentUrl":"https:\/\/hemoproct.com\/app\/uploads\/sites\/4\/2022\/06\/Hemoproct-Group-Gel-start.png"},{"@type":"BreadcrumbList","@id":"https:\/\/hemoproct.com\/ch\/fr\/#breadcrumb","itemListElement":[{"@type":"ListItem","position":1,"name":"Home","item":"https:\/\/hemoproct.com\/ch\/fr\/"},{"@type":"ListItem","position":2,"name":"Hemoproct"}]},{"@type":"WebSite","@id":"https:\/\/hemoproct.com\/ch\/fr\/#website","url":"https:\/\/hemoproct.com\/ch\/fr\/","name":"Hemoproct","description":"","publisher":{"@id":"https:\/\/hemoproct.com\/ch\/fr\/#organization"},"potentialAction":[{"@type":"SearchAction","target":{"@type":"EntryPoint","urlTemplate":"https:\/\/hemoproct.com\/ch\/fr\/?s={search_term_string}"},"query-input":{"@type":"PropertyValueSpecification","valueRequired":true,"valueName":"search_term_string"}}],"inLanguage":"fr-CH"},{"@type":"Organization","@id":"https:\/\/hemoproct.com\/ch\/fr\/#organization","name":"Hemoproct","url":"https:\/\/hemoproct.com\/ch\/fr\/","logo":{"@type":"ImageObject","inLanguage":"fr-CH","@id":"https:\/\/hemoproct.com\/ch\/fr\/#\/schema\/logo\/image\/","url":"https:\/\/hemoproct.com\/app\/uploads\/sites\/4\/2022\/06\/logo-hemoproct.png","contentUrl":"https:\/\/hemoproct.com\/app\/uploads\/sites\/4\/2022\/06\/logo-hemoproct.png","width":162,"height":24,"caption":"Hemoproct"},"image":{"@id":"https:\/\/hemoproct.com\/ch\/fr\/#\/schema\/logo\/image\/"}}]}},"_links":{"self":[{"href":"https:\/\/hemoproct.com\/ch\/fr\/wp-json\/wp\/v2\/pages\/143","targetHints":{"allow":["GET"]}}],"collection":[{"href":"https:\/\/hemoproct.com\/ch\/fr\/wp-json\/wp\/v2\/pages"}],"about":[{"href":"https:\/\/hemoproct.com\/ch\/fr\/wp-json\/wp\/v2\/types\/page"}],"author":[{"embeddable":true,"href":"https:\/\/hemoproct.com\/ch\/fr\/wp-json\/wp\/v2\/users\/2"}],"replies":[{"embeddable":true,"href":"https:\/\/hemoproct.com\/ch\/fr\/wp-json\/wp\/v2\/comments?post=143"}],"version-history":[{"count":4,"href":"https:\/\/hemoproct.com\/ch\/fr\/wp-json\/wp\/v2\/pages\/143\/revisions"}],"predecessor-version":[{"id":462,"href":"https:\/\/hemoproct.com\/ch\/fr\/wp-json\/wp\/v2\/pages\/143\/revisions\/462"}],"wp:attachment":[{"href":"https:\/\/hemoproct.com\/ch\/fr\/wp-json\/wp\/v2\/media?parent=143"}],"wp:term":[{"taxonomy":"from-article-database","embeddable":true,"href":"https:\/\/hemoproct.com\/ch\/fr\/wp-json\/wp\/v2\/from-article-database?post=143"}],"curies":[{"name":"wp","href":"https:\/\/api.w.org\/{rel}","templated":true}]}}