{"id":194,"date":"2022-06-10T10:58:34","date_gmt":"2022-06-10T08:58:34","guid":{"rendered":"https:\/\/hemoproct.com\/ch\/produkte\/hemoproct-gel-tube\/"},"modified":"2026-03-30T12:31:10","modified_gmt":"2026-03-30T10:31:10","slug":"hemoproct-gel-tube","status":"publish","type":"product","link":"https:\/\/hemoproct.com\/ch\/fr\/produit\/hemoproct-gel-tube\/","title":{"rendered":"Hemoproct Gel Tube"},"content":{"rendered":"\n<div class=\"wp-block-karopharma-accordions\"><div class=\"container\">\n<details class=\"wp-block-karopharma-accordion\"><summary><h2 class=\"accordion-title\">Comment l\u2019appliquer ?<\/h2><\/summary><div class=\"accordion-content\">\n<p><strong>Pour un soulagement interne<\/strong>: appliquez le produit en ins\u00e9rant l\u2019applicateur en forme de canule fourni dans le canal anal. Apr\u00e8s utilisation, nettoyez l\u2019applicateur \u00e0 l\u2019eau chaude et remettez le capuchon de protection.<\/p>\n\n\n\n<p><strong>Pour un soulagement externe<\/strong> : lavez-vous les mains avant et apr\u00e8s l\u2019utilisation du produit. D\u00e9posez une petite quantit\u00e9 d\u2019Hemoproct\u00ae gel sur le doigt et appliquez autour de l\u2019anus.<\/p>\n\n\n\n<p>Pour un soulagement complet dans et autour de la r\u00e9gion anale.<br\/>Appliquez au moins deux fois par jour, matin et soir, apr\u00e8s les selles. En cas de douleurs lors du passage aux toilettes, appliquez \u00e9galement avant d\u2019y aller. Des applications plus fr\u00e9quentes augmentent l\u2019efficacit\u00e9.<\/p>\n<\/div><\/details>\n\n\n\n<details class=\"wp-block-karopharma-accordion\"><summary><h2 class=\"accordion-title\">Quintuple action<\/h2><\/summary><div class=\"accordion-content\">\n<figure class=\"wp-block-image size-full\"><img decoding=\"async\" src=\"https:\/\/hemoproct.com\/app\/uploads\/sites\/4\/2022\/06\/quintuple-action-640x127-1-1.png\" alt=\"Die einzigartige Formulierung mit 5-fach Wirkung\" class=\"wp-image-108\"\/><\/figure>\n<\/div><\/details>\n\n\n\n<details class=\"wp-block-karopharma-accordion\"><summary><h2 class=\"accordion-title\">Caract\u00e9ristiques<\/h2><\/summary><div class=\"accordion-content\">\n<div class=\"wp-block-karopharma-several-images-with-text several-images-with-text\"><div class=\"container large col-2 content-align-center\" test-data=\"inner-content\">\n<section class=\"wp-block-karopharma-image-with-text image-with-text image-with-text__full-width\"><div class=\"image-with-text-container \"><div class=\"image-with-text-container-image-container\"><img decoding=\"async\" loading=\"lazy\" src=\"https:\/\/hemoproct.com\/cdn-cgi\/image\/format=auto\/app\/uploads\/sites\/4\/2022\/06\/HormoneFree-1.png\" alt=\"Ohne Hormone\"\/><\/div><div class=\"image-with-text-container-content\" style=\"text-align:left\" data-test=\"content\"><div class=\"content\"><p class=\"body\" data-test=\"body\">Ohne Hormone<\/p>\n<div class=\"wp-block-buttons is-layout-flex wp-block-buttons-is-layout-flex\"><\/div>\n<\/div><\/div><\/div><\/section>\n\n\n\n<section class=\"wp-block-karopharma-image-with-text image-with-text image-with-text__full-width\"><div class=\"image-with-text-container \"><div class=\"image-with-text-container-image-container\"><img decoding=\"async\" loading=\"lazy\" src=\"https:\/\/hemoproct.com\/cdn-cgi\/image\/format=auto\/app\/uploads\/sites\/4\/2022\/06\/FragranceFree-1.png\" alt=\"Ohne Duftstoffe\"\/><\/div><div class=\"image-with-text-container-content\" style=\"text-align:left\" data-test=\"content\"><div class=\"content\"><p class=\"body\" data-test=\"body\">Ohne Duftstoffe<\/p>\n<div class=\"wp-block-buttons is-layout-flex wp-block-buttons-is-layout-flex\"><\/div>\n<\/div><\/div><\/div><\/section>\n\n\n\n<section class=\"wp-block-karopharma-image-with-text image-with-text image-with-text__full-width\"><div class=\"image-with-text-container \"><div class=\"image-with-text-container-image-container\"><img decoding=\"async\" loading=\"lazy\" src=\"https:\/\/hemoproct.com\/cdn-cgi\/image\/format=auto\/app\/uploads\/sites\/4\/2022\/06\/NoAnimalOrigin-1.png\" alt=\"Ohne tierische Inhaltsstoffe\"\/><\/div><div class=\"image-with-text-container-content\" style=\"text-align:left\" data-test=\"content\"><div class=\"content\"><p class=\"body\" data-test=\"body\">Ohne tierische Inhaltsstoffe<\/p>\n<div class=\"wp-block-buttons is-layout-flex wp-block-buttons-is-layout-flex\"><\/div>\n<\/div><\/div><\/div><\/section>\n\n\n\n<section class=\"wp-block-karopharma-image-with-text image-with-text image-with-text__full-width\"><div class=\"image-with-text-container \"><div class=\"image-with-text-container-image-container\"><img decoding=\"async\" loading=\"lazy\" src=\"https:\/\/hemoproct.com\/cdn-cgi\/image\/format=auto\/app\/uploads\/sites\/4\/2022\/06\/PregnancyFriendly-1.png\" alt=\"Geeignet f\u00fcr Schwangere\"\/><\/div><div class=\"image-with-text-container-content\" style=\"text-align:left\" data-test=\"content\"><div class=\"content\"><p class=\"body\" data-test=\"body\">Geeignet f\u00fcr Schwangere<\/p>\n<div class=\"wp-block-buttons is-layout-flex wp-block-buttons-is-layout-flex\"><\/div>\n<\/div><\/div><\/div><\/section>\n<\/div><\/div>\n<\/div><\/details>\n\n\n\n<details class=\"wp-block-karopharma-accordion\"><summary><h2 class=\"accordion-title\">Ingr\u00e9dients<\/h2><\/summary><div class=\"accordion-content\">\n<p>Aqua, gel d\u2019Aloe barbadensis, polym\u00e8re r\u00e9ticul\u00e9 de galactoarabinane et d\u2019acide polygluconique, PEG-8, gomme xanthane, b\u00e9ta\u00efne, Laureth-9, ph\u00e9noxy\u00e9thanol, \u00e9thylhexylglyc\u00e9rine, hydroxyde de sodium, phosphate de potassium. *2QR <em>*2QR<\/em><\/p>\n<\/div><\/details>\n<\/div><\/div>\n","protected":false},"excerpt":{"rendered":"<p>Hemoproct Tube avec applicateur facile pour un soulagement rapide des h\u00e9morro\u00efdes<\/p>\n","protected":false},"featured_media":113,"comment_status":"closed","ping_status":"closed","template":"","meta":{"_acf_changed":false,"footnotes":""},"product_brand":[],"product_cat":[16],"product_tag":[],"class_list":{"0":"post-194","1":"product","2":"type-product","3":"status-publish","4":"has-post-thumbnail","6":"product_cat-uncategorized","8":"first","9":"instock","10":"shipping-taxable","11":"product-type-simple"},"acf":[],"yoast_head":"<!-- This site is optimized with the Yoast SEO plugin v26.6 - https:\/\/yoast.com\/wordpress\/plugins\/seo\/ -->\n<title>Hemoproct Gel Tube - Hemoproct<\/title>\n<meta name=\"description\" content=\"L&#039;applicateur pratique - solution flexible pour la plupart des types d&#039;h\u00e9morro\u00efdes.\" \/>\n<meta name=\"robots\" content=\"index, follow, max-snippet:-1, max-image-preview:large, max-video-preview:-1\" \/>\n<link rel=\"canonical\" href=\"https:\/\/hemoproct.com\/ch\/fr\/produit\/hemoproct-gel-tube\/\" \/>\n<meta property=\"og:locale\" content=\"fr_FR\" \/>\n<meta property=\"og:type\" content=\"article\" \/>\n<meta property=\"og:title\" content=\"Hemoproct Gel Tube - Hemoproct\" \/>\n<meta property=\"og:description\" content=\"L&#039;applicateur pratique - solution flexible pour la plupart des types d&#039;h\u00e9morro\u00efdes.\" \/>\n<meta property=\"og:url\" content=\"https:\/\/hemoproct.com\/ch\/fr\/produit\/hemoproct-gel-tube\/\" \/>\n<meta property=\"og:site_name\" content=\"Hemoproct\" \/>\n<meta property=\"article:modified_time\" content=\"2026-03-30T10:31:10+00:00\" \/>\n<meta property=\"og:image\" content=\"https:\/\/hemoproct.com\/app\/uploads\/sites\/4\/2022\/06\/Hemoproct_Group_Gel.png\" \/>\n\t<meta property=\"og:image:width\" content=\"931\" \/>\n\t<meta property=\"og:image:height\" content=\"931\" \/>\n\t<meta property=\"og:image:type\" content=\"image\/png\" \/>\n<meta name=\"twitter:card\" content=\"summary_large_image\" \/>\n<meta name=\"twitter:label1\" content=\"Est. reading time\" \/>\n\t<meta name=\"twitter:data1\" content=\"2 minutes\" \/>\n<script type=\"application\/ld+json\" class=\"yoast-schema-graph\">{\"@context\":\"https:\/\/schema.org\",\"@graph\":[{\"@type\":\"WebPage\",\"@id\":\"https:\/\/hemoproct.com\/ch\/fr\/produit\/hemoproct-gel-tube\/\",\"url\":\"https:\/\/hemoproct.com\/ch\/fr\/produit\/hemoproct-gel-tube\/\",\"name\":\"Hemoproct Gel Tube - Hemoproct\",\"isPartOf\":{\"@id\":\"https:\/\/hemoproct.com\/ch\/fr\/#website\"},\"primaryImageOfPage\":{\"@id\":\"https:\/\/hemoproct.com\/ch\/fr\/produit\/hemoproct-gel-tube\/#primaryimage\"},\"image\":{\"@id\":\"https:\/\/hemoproct.com\/ch\/fr\/produit\/hemoproct-gel-tube\/#primaryimage\"},\"thumbnailUrl\":\"https:\/\/hemoproct.com\/app\/uploads\/sites\/4\/2022\/06\/Hemoproct_Group_Gel.png\",\"datePublished\":\"2022-06-10T08:58:34+00:00\",\"dateModified\":\"2026-03-30T10:31:10+00:00\",\"description\":\"L'applicateur pratique - solution flexible pour la plupart des types d'h\u00e9morro\u00efdes.\",\"breadcrumb\":{\"@id\":\"https:\/\/hemoproct.com\/ch\/fr\/produit\/hemoproct-gel-tube\/#breadcrumb\"},\"inLanguage\":\"fr-CH\",\"potentialAction\":[{\"@type\":\"ReadAction\",\"target\":[\"https:\/\/hemoproct.com\/ch\/fr\/produit\/hemoproct-gel-tube\/\"]}]},{\"@type\":\"ImageObject\",\"inLanguage\":\"fr-CH\",\"@id\":\"https:\/\/hemoproct.com\/ch\/fr\/produit\/hemoproct-gel-tube\/#primaryimage\",\"url\":\"https:\/\/hemoproct.com\/app\/uploads\/sites\/4\/2022\/06\/Hemoproct_Group_Gel.png\",\"contentUrl\":\"https:\/\/hemoproct.com\/app\/uploads\/sites\/4\/2022\/06\/Hemoproct_Group_Gel.png\",\"width\":931,\"height\":931,\"caption\":\"Hemoproct Group Gel\"},{\"@type\":\"BreadcrumbList\",\"@id\":\"https:\/\/hemoproct.com\/ch\/fr\/produit\/hemoproct-gel-tube\/#breadcrumb\",\"itemListElement\":[{\"@type\":\"ListItem\",\"position\":1,\"name\":\"Home\",\"item\":\"https:\/\/hemoproct.com\/ch\/fr\/\"},{\"@type\":\"ListItem\",\"position\":2,\"name\":\"Produits\",\"item\":\"https:\/\/hemoproct.com\/ch\/fr\/produits\/\"},{\"@type\":\"ListItem\",\"position\":3,\"name\":\"Hemoproct Gel Tube\"}]},{\"@type\":\"WebSite\",\"@id\":\"https:\/\/hemoproct.com\/ch\/fr\/#website\",\"url\":\"https:\/\/hemoproct.com\/ch\/fr\/\",\"name\":\"Hemoproct\",\"description\":\"\",\"publisher\":{\"@id\":\"https:\/\/hemoproct.com\/ch\/fr\/#organization\"},\"potentialAction\":[{\"@type\":\"SearchAction\",\"target\":{\"@type\":\"EntryPoint\",\"urlTemplate\":\"https:\/\/hemoproct.com\/ch\/fr\/?s={search_term_string}\"},\"query-input\":{\"@type\":\"PropertyValueSpecification\",\"valueRequired\":true,\"valueName\":\"search_term_string\"}}],\"inLanguage\":\"fr-CH\"},{\"@type\":\"Organization\",\"@id\":\"https:\/\/hemoproct.com\/ch\/fr\/#organization\",\"name\":\"Hemoproct\",\"url\":\"https:\/\/hemoproct.com\/ch\/fr\/\",\"logo\":{\"@type\":\"ImageObject\",\"inLanguage\":\"fr-CH\",\"@id\":\"https:\/\/hemoproct.com\/ch\/fr\/#\/schema\/logo\/image\/\",\"url\":\"https:\/\/hemoproct.com\/app\/uploads\/sites\/4\/2022\/06\/logo-hemoproct.png\",\"contentUrl\":\"https:\/\/hemoproct.com\/app\/uploads\/sites\/4\/2022\/06\/logo-hemoproct.png\",\"width\":162,\"height\":24,\"caption\":\"Hemoproct\"},\"image\":{\"@id\":\"https:\/\/hemoproct.com\/ch\/fr\/#\/schema\/logo\/image\/\"}}]}<\/script>\n<!-- \/ Yoast SEO plugin. -->","yoast_head_json":{"title":"Hemoproct Gel Tube - Hemoproct","description":"L'applicateur pratique - solution flexible pour la plupart des types d'h\u00e9morro\u00efdes.","robots":{"index":"index","follow":"follow","max-snippet":"max-snippet:-1","max-image-preview":"max-image-preview:large","max-video-preview":"max-video-preview:-1"},"canonical":"https:\/\/hemoproct.com\/ch\/fr\/produit\/hemoproct-gel-tube\/","og_locale":"fr_FR","og_type":"article","og_title":"Hemoproct Gel Tube - Hemoproct","og_description":"L'applicateur pratique - solution flexible pour la plupart des types d'h\u00e9morro\u00efdes.","og_url":"https:\/\/hemoproct.com\/ch\/fr\/produit\/hemoproct-gel-tube\/","og_site_name":"Hemoproct","article_modified_time":"2026-03-30T10:31:10+00:00","og_image":[{"width":931,"height":931,"url":"https:\/\/hemoproct.com\/app\/uploads\/sites\/4\/2022\/06\/Hemoproct_Group_Gel.png","type":"image\/png"}],"twitter_card":"summary_large_image","twitter_misc":{"Est. reading time":"2 minutes"},"schema":{"@context":"https:\/\/schema.org","@graph":[{"@type":"WebPage","@id":"https:\/\/hemoproct.com\/ch\/fr\/produit\/hemoproct-gel-tube\/","url":"https:\/\/hemoproct.com\/ch\/fr\/produit\/hemoproct-gel-tube\/","name":"Hemoproct Gel Tube - Hemoproct","isPartOf":{"@id":"https:\/\/hemoproct.com\/ch\/fr\/#website"},"primaryImageOfPage":{"@id":"https:\/\/hemoproct.com\/ch\/fr\/produit\/hemoproct-gel-tube\/#primaryimage"},"image":{"@id":"https:\/\/hemoproct.com\/ch\/fr\/produit\/hemoproct-gel-tube\/#primaryimage"},"thumbnailUrl":"https:\/\/hemoproct.com\/app\/uploads\/sites\/4\/2022\/06\/Hemoproct_Group_Gel.png","datePublished":"2022-06-10T08:58:34+00:00","dateModified":"2026-03-30T10:31:10+00:00","description":"L'applicateur pratique - solution flexible pour la plupart des types d'h\u00e9morro\u00efdes.","breadcrumb":{"@id":"https:\/\/hemoproct.com\/ch\/fr\/produit\/hemoproct-gel-tube\/#breadcrumb"},"inLanguage":"fr-CH","potentialAction":[{"@type":"ReadAction","target":["https:\/\/hemoproct.com\/ch\/fr\/produit\/hemoproct-gel-tube\/"]}]},{"@type":"ImageObject","inLanguage":"fr-CH","@id":"https:\/\/hemoproct.com\/ch\/fr\/produit\/hemoproct-gel-tube\/#primaryimage","url":"https:\/\/hemoproct.com\/app\/uploads\/sites\/4\/2022\/06\/Hemoproct_Group_Gel.png","contentUrl":"https:\/\/hemoproct.com\/app\/uploads\/sites\/4\/2022\/06\/Hemoproct_Group_Gel.png","width":931,"height":931,"caption":"Hemoproct Group Gel"},{"@type":"BreadcrumbList","@id":"https:\/\/hemoproct.com\/ch\/fr\/produit\/hemoproct-gel-tube\/#breadcrumb","itemListElement":[{"@type":"ListItem","position":1,"name":"Home","item":"https:\/\/hemoproct.com\/ch\/fr\/"},{"@type":"ListItem","position":2,"name":"Produits","item":"https:\/\/hemoproct.com\/ch\/fr\/produits\/"},{"@type":"ListItem","position":3,"name":"Hemoproct Gel Tube"}]},{"@type":"WebSite","@id":"https:\/\/hemoproct.com\/ch\/fr\/#website","url":"https:\/\/hemoproct.com\/ch\/fr\/","name":"Hemoproct","description":"","publisher":{"@id":"https:\/\/hemoproct.com\/ch\/fr\/#organization"},"potentialAction":[{"@type":"SearchAction","target":{"@type":"EntryPoint","urlTemplate":"https:\/\/hemoproct.com\/ch\/fr\/?s={search_term_string}"},"query-input":{"@type":"PropertyValueSpecification","valueRequired":true,"valueName":"search_term_string"}}],"inLanguage":"fr-CH"},{"@type":"Organization","@id":"https:\/\/hemoproct.com\/ch\/fr\/#organization","name":"Hemoproct","url":"https:\/\/hemoproct.com\/ch\/fr\/","logo":{"@type":"ImageObject","inLanguage":"fr-CH","@id":"https:\/\/hemoproct.com\/ch\/fr\/#\/schema\/logo\/image\/","url":"https:\/\/hemoproct.com\/app\/uploads\/sites\/4\/2022\/06\/logo-hemoproct.png","contentUrl":"https:\/\/hemoproct.com\/app\/uploads\/sites\/4\/2022\/06\/logo-hemoproct.png","width":162,"height":24,"caption":"Hemoproct"},"image":{"@id":"https:\/\/hemoproct.com\/ch\/fr\/#\/schema\/logo\/image\/"}}]}},"_links":{"self":[{"href":"https:\/\/hemoproct.com\/ch\/fr\/wp-json\/wp\/v2\/product\/194","targetHints":{"allow":["GET"]}}],"collection":[{"href":"https:\/\/hemoproct.com\/ch\/fr\/wp-json\/wp\/v2\/product"}],"about":[{"href":"https:\/\/hemoproct.com\/ch\/fr\/wp-json\/wp\/v2\/types\/product"}],"replies":[{"embeddable":true,"href":"https:\/\/hemoproct.com\/ch\/fr\/wp-json\/wp\/v2\/comments?post=194"}],"version-history":[{"count":9,"href":"https:\/\/hemoproct.com\/ch\/fr\/wp-json\/wp\/v2\/product\/194\/revisions"}],"predecessor-version":[{"id":661,"href":"https:\/\/hemoproct.com\/ch\/fr\/wp-json\/wp\/v2\/product\/194\/revisions\/661"}],"wp:featuredmedia":[{"embeddable":true,"href":"https:\/\/hemoproct.com\/ch\/fr\/wp-json\/wp\/v2\/media\/113"}],"wp:attachment":[{"href":"https:\/\/hemoproct.com\/ch\/fr\/wp-json\/wp\/v2\/media?parent=194"}],"wp:term":[{"taxonomy":"product_brand","embeddable":true,"href":"https:\/\/hemoproct.com\/ch\/fr\/wp-json\/wp\/v2\/product_brand?post=194"},{"taxonomy":"product_cat","embeddable":true,"href":"https:\/\/hemoproct.com\/ch\/fr\/wp-json\/wp\/v2\/product_cat?post=194"},{"taxonomy":"product_tag","embeddable":true,"href":"https:\/\/hemoproct.com\/ch\/fr\/wp-json\/wp\/v2\/product_tag?post=194"}],"curies":[{"name":"wp","href":"https:\/\/api.w.org\/{rel}","templated":true}]}}