{"id":235,"date":"2022-06-10T11:43:15","date_gmt":"2022-06-10T09:43:15","guid":{"rendered":"https:\/\/hemoproct.com\/ch\/domande-frequenti\/"},"modified":"2025-06-18T09:53:10","modified_gmt":"2025-06-18T07:53:10","slug":"domande-frequenti","status":"publish","type":"page","link":"https:\/\/hemoproct.com\/ch\/it\/domande-frequenti\/","title":{"rendered":"Domande Frequenti"},"content":{"rendered":"\n<div class=\"wp-block-karopharma-free-text pt-large pb-large bg-center bg-cover bg-no-repeat bg-box undefined is-style-primary\" style=\"background-image:url()\"><div class=\"free-text-wrapper container max-w-medium text-left\">\n<h1 class=\"wp-block-heading is-style-heading-huge\" id=\"faq\">Domande Frequenti<\/h1>\n<\/div><\/div>\n\n\n\n<div class=\"wp-block-karopharma-accordions\"><div class=\"container\">\n<details class=\"wp-block-karopharma-accordion\"><summary><h2 class=\"accordion-title\">Cosa sono le emorroidi?<\/h2><\/summary><div class=\"accordion-content\">\n<p>Le emorroidi sono cuscinetti di tessuto altamente vascolarizzato situati nel canale anale e presenti fisiologicamente in ogni persona. Sono anche detti plessi emorroidari e regolano l\u2019evacuazione e la continenza, gonfiandosi per garantire una corretta chiusura dell\u2019ano. Possono tuttavia causare problemi quando si infiammano e aumentano di volum, ci\u00f2 si verifica quando i vasi sanguigni del tessuto emorroidale si gonfiano a causa di un&#8217;eccessiva pressione esercitata sul tessuto indebolito, ad esempio a seguito di uno sforzo intenso per espellere le feci. I fattori che contribuiscono allo sviluppo di emorroidi includono, tra gli altri: obesit\u00e0, cattiva nutrizione, evacuazioni irregolari (costipazione o diarrea), gravidanza e rapporti anali.<\/p>\n\n\n\n<figure class=\"wp-block-image size-full\"><img loading=\"lazy\" decoding=\"async\" width=\"320\" height=\"254\" src=\"https:\/\/hemoproct.com\/app\/uploads\/sites\/4\/2022\/06\/internalexternalhaemorrhoids-de-320x254-1_Eng.png\" alt=\"internal-external-haemorrhoids\" class=\"wp-image-181\"\/><\/figure>\n<\/div><\/details>\n\n\n\n<details class=\"wp-block-karopharma-accordion\"><summary><h2 class=\"accordion-title\">Quali sono i tipi di emorroidi?<\/h2><\/summary><div class=\"accordion-content\">\n<p>Esistono due tipi di emorroidi: le emorroidi interne, che sono localizzate all\u2019interno dell\u2019ano, e le emorroidi esterne, che sporgono fuori dall\u2019ano. Le emorroidi interne, anche se gonfie o infiammate, generalmente causano un disagio minore, mentre le emorroidi esterne sono la causa della maggior parte dei problemi per coloro che ne soffrono. In caso di sindrome emorroidaria, le emorroidi devono essere trattate per attenuarne i sintomi. I trattamenti variano a seconda dello stadio di gravit\u00e0 e della condizione fisiologica del soggetto. Anche se le emorroidi di per s\u00e9 non sono dannose o pericolose per la vita, se non trattate possono portare all\u2019insorgenza di complicazioni anche gravi.<\/p>\n<\/div><\/details>\n\n\n\n<details class=\"wp-block-karopharma-accordion\"><summary><h2 class=\"accordion-title\">Quali sono i sintomi della comparsa di emorroidi?<\/h2><\/summary><div class=\"accordion-content\">\n<p>Si parla di sindrome emorroidaria quando si riscontrano i seguenti sintomi: presenza di sangue nelle feci, nel water o sulla carta igienica, evacuazioni incomplete e dolorose, prurito e\/o irritazione a livello anale, presenza di un nodulo doloroso sempre a livello anale, fastidio e dolore nello stare seduti. Si consiglia di consultare il medico soprattutto se non si \u00e8 certi che tali sintomi siano dovuti ad emorroidi, dal momento che sanguinamento e dolore al retto potrebbero essere sintomi di una malattia pi\u00f9 grave. Molte persone si sentono a disagio nell\u2019affrontare questa problematica e spesso iniziano il trattamento delle emorroidi solo quando il problema \u00e8 in fase avanzata. Un peggioramento dei sintomi associati alle emorroidi potrebbe rendere necessario un intervento chirurgico. Si consiglia pertanto di consultare sempre un medico e agire in maniera tempestiva sui primi sintomi.<\/p>\n<\/div><\/details>\n\n\n\n<details class=\"wp-block-karopharma-accordion\"><summary><h2 class=\"accordion-title\">Come si possono prevenire le emorroidi?<\/h2><\/summary><div class=\"accordion-content\">\n<p>Trattandosi di una malattia multifattoriale, non \u00e8 possibile individuare un\u2019unica causa ed \u00e8 quindi consigliato seguire uno stile di vita attivo e un\u2019alimentazione regolare. Il miglior modo per prevenire l\u2019insorgenza delle emorroidi e la loro ricorrenza \u00e8 seguire una corretta alimentazione, principamente ricca di fibre, e fare dell\u2019esercizio fisico quotidiano. A questi principi di carattere generale bisogna associare una buona igiene personale e un\u2019evacuazione regolare.<\/p>\n\n\n\n<p>Alimentazione per le emorroidi: aumenta il consumo di fibre. Assumi cereali integrali, frutta e verdura a sufficienza, bevi molta acqua: 1,5-2 litri al giorno sono raccomandati. Evita cibi grassi e speziati e tutti gli alimenti che possono irritare la mucosa anale.<\/p>\n\n\n\n<p>Emorroidi ed attivit\u00e0 fisica: contrasta la sedentariet\u00e0, fai esercizio fisico ogni giorno e cerca di raggiungere il tuo peso forma poich\u00e9 sovrappeso e obesit\u00e0 possono aumentare il rischio di emorroidi. Una vita sedentaria pu\u00f2 causare un rallentamento della motilit\u00e0 intestinale con conseguente stipsi.<\/p>\n\n\n\n<p>Emorroidi e stipsi: evita di sforzarti durante l\u2019espulsione delle feci e di assumere lassativi, che possono contribuire ad aggravare le emorroidi. Trascorri meno tempo possibile in bagno, ma allo stesso tempo non affrettare le tue esigenze naturali. Vai in bagno regolarmente e non trattenerti, per evitare l\u2019insorgenza di stitichezza, che potrebbe aumentare la pressione sulla regione anale.<\/p>\n\n\n\n<p>Emorroidi e igiene intima: evita di strofinare in maniera aggressiva la zona anale con carta igienica. Pulisci la zona anale delicatamente ma accuratamente con la carta igienica \u2013 da davanti a dietro \u2013 dopo ogni evacuazione. Inoltre, si possono utilizzare salviettine umidificate per uso intimo per adulti o bambini.<\/p>\n<\/div><\/details>\n\n\n\n<details class=\"wp-block-karopharma-accordion\"><summary><h2 class=\"accordion-title\">Come ridurre dolore e prurito?<\/h2><\/summary><div class=\"accordion-content\">\n<p>Dolore e prurito anale sono due spiacevoli sintomi dovuti all\u2019infiammazione delle emorroidi.<\/p>\n\n\n\n<p>La chiave per ridurre questi sintomi \u00e8 la combinazione tra una corretta igiene intima e un trattamento topico della zona anale-rettale. Igiene per emorroidi: sii delicato nell\u2019asciugarti dopo ogni evacuazione, in modo da non danneggiare il tessuto emorroidale. Detergi regolarmente la zona anale con un leggero getto d\u2019acqua (non usare sapone o detergenti profumati). Evita di grattarti per non danneggiare la cute e peggiorare la situazione. E\u2019 inoltre possibile spingere delicatamente le emorroidi sporgenti all\u2019interno.<\/p>\n\n\n\n<p>Trattamento per emorroidi: puoi usare Hemoproct Gel per trattare disturbi anali e emorroidi.<\/p>\n<\/div><\/details>\n\n\n\n<details class=\"wp-block-karopharma-accordion\"><summary><h2 class=\"accordion-title\">Chi soffre di emorroidi?<\/h2><\/summary><div class=\"accordion-content\">\n<p>La sindrome emorroidaria \u00e8 un problema molto frequente e chi ne soffre tende a non parlarne per paura o semplice imbarazzo. Le emorroidi sembrano interessare in egual modo maschi e femmine. Le probabilit\u00e0 di sviluppare emorroidi possono aumentare a seguito di evacuazioni irregolari, stitichezza (stipsi) o diarrea, predisposizione genetica, ridotto esercizio fisico, dieta a basso contenuto di fibre, gravidanza e parto, obesit\u00e0, et\u00e0, sedentariet\u00e0 e rapporti anali.<\/p>\n<\/div><\/details>\n\n\n\n<details class=\"wp-block-karopharma-accordion\"><summary><h2 class=\"accordion-title\">Le emorroidi sono contagiose?<\/h2><\/summary><div class=\"accordion-content\">\n<p>No, le emorroidi non sono contagiose. Non posso essere trasmesse ad altre persone attraverso il contatto, compresi i rapporti sessuali. La predisposizione genetica ricopre un ruolo importante nella loro comparsa. Se pi\u00f9 membri della tua famiglia soffrono di emorroidi, le possibilit\u00e0 di esserne affetto aumentano. In caso di sintomi quali dolore anale, prurito anale o sangue nelle feci \u00e8 bene rivolgersi ad un medico per avere una diagnosi certa ed escludere malattie pi\u00f9 gravi.<\/p>\n<\/div><\/details>\n\n\n\n<details class=\"wp-block-karopharma-accordion\"><summary><h2 class=\"accordion-title\">Cosa devo fare se sospetto di avere le emorroidi?<\/h2><\/summary><div class=\"accordion-content\">\n<p>Le emorroidi comportano generalmente un disagio, fastidio nello stare seduti e dolore localizzato nella zona anale, ma non sono pericolose o letali. I sintomi della comparsa di emorroidi possono scomparire dopo pochi giorni, ma possono anche ricomparire in forma peggiore. Per un rapido sollievo dalle emorroidi e dai disturbi anali puoi usare Hemoproct gel. Consulta il medico se hai febbre, dolore acuto a livello anale o sanguinamento eccessivo durante le evacuazioni. Il medico che si occupa di curare le emorroidi \u00e8 il proctologo, che si occupa delle patologie del colon, retto e ano. Rivolgersi ad un medico pu\u00f2 essere necessario per escludere malattie gravi o in caso di emorroidi con complicanze.<\/p>\n<\/div><\/details>\n\n\n\n<details class=\"wp-block-karopharma-accordion\"><summary><h2 class=\"accordion-title\">A cosa serve Hemoproct?<\/h2><\/summary><div class=\"accordion-content\">\n<p>Hemoproct \u00e8 un prodotto innovativo che offre un sollievo rapido dalle emorroidi, ragadi e allevia i sintomi quali irritazione, prurito, bruciore e sensibilit\u00e0 associati alle emorroidi. Hemoproct gel contiene il complesso 2QR, un ingrediente brevettato che favorisce la riduzione dei sintomi creando una barriera protettiva contro i batteri dannosi.<\/p>\n\n\n\n<p>Hemoproct Gel pu\u00f2 essere applicato sulle emorroidi interne ed esterne, per alleviare i disturbi anali.<\/p>\n<\/div><\/details>\n\n\n\n<details class=\"wp-block-karopharma-accordion\"><summary><h2 class=\"accordion-title\">Posso usare Hemoproct gel in gravidanza e durante l\u2019allattamento?<\/h2><\/summary><div class=\"accordion-content\">\n<p>Non sono note controindicazioni sull\u2019uso di Hemoproct durante la gravidanza o l\u2019allattamento, tuttavia \u00e8 sempre opportuno consultare il medico o il farmacista prima di utilizzare qualsiasi prodotto nel caso.<\/p>\n<\/div><\/details>\n\n\n\n<details class=\"wp-block-karopharma-accordion\"><summary><h2 class=\"accordion-title\">Come si pulisce l\u2019applicatore di Hemoproct Gel?<\/h2><\/summary><div class=\"accordion-content\">\n<p>Il modo migliore per garantire che l\u2019applicatore sia pulito e igienizzato \u00e8 lavarlo con acqua tiepida dopo ogni utilizzo. Si consiglia di utilizzare del sapone per garantire una pulizia ottimale (\u00e8 importante risciacquare accuratamente, poich\u00e9 il contatto tra l\u2019area interessata e il sapone o altri detergenti profumati pu\u00f2 causare ulteriori irritazioni). Non usare acqua bollente sull\u2019applicatore per evitarne la deformazione<\/p>\n<\/div><\/details>\n\n\n\n<details class=\"wp-block-karopharma-accordion\"><summary><h2 class=\"accordion-title\">Di che colore dovrebbe essere il gel?<\/h2><\/summary><div class=\"accordion-content\">\n<p>Il colore del gel pu\u00f2 variare da trasparente\/giallo chiaro a marroncino per la presenza degli ingredienti naturali. Questo non influisce sull\u2019efficacia o la sicurezza di Hemoproct Gel.<\/p>\n<\/div><\/details>\n<\/div><\/div>\n","protected":false},"excerpt":{"rendered":"","protected":false},"author":2,"featured_media":0,"parent":0,"menu_order":0,"comment_status":"closed","ping_status":"closed","template":"","meta":{"_acf_changed":false,"footnotes":""},"from-article-database":[],"class_list":["post-235","page","type-page","status-publish","hentry"],"acf":[],"yoast_head":"<!-- This site is optimized with the Yoast SEO plugin v26.6 - https:\/\/yoast.com\/wordpress\/plugins\/seo\/ -->\n<title>Domande Frequenti - Hemoproct<\/title>\n<meta name=\"description\" content=\"Domande frequenti Cosa sono le emorroidi? Che tipo di emorroidi ci sono?\" \/>\n<meta name=\"robots\" content=\"index, follow, max-snippet:-1, max-image-preview:large, max-video-preview:-1\" \/>\n<link rel=\"canonical\" href=\"https:\/\/hemoproct.com\/ch\/it\/domande-frequenti\/\" \/>\n<meta property=\"og:locale\" content=\"it_IT\" \/>\n<meta property=\"og:type\" content=\"article\" \/>\n<meta property=\"og:title\" content=\"Domande Frequenti - Hemoproct\" \/>\n<meta property=\"og:description\" content=\"Domande frequenti Cosa sono le emorroidi? Che tipo di emorroidi ci sono?\" \/>\n<meta property=\"og:url\" content=\"https:\/\/hemoproct.com\/ch\/it\/domande-frequenti\/\" \/>\n<meta property=\"og:site_name\" content=\"Hemoproct\" \/>\n<meta property=\"article:modified_time\" content=\"2025-06-18T07:53:10+00:00\" \/>\n<meta property=\"og:image\" content=\"https:\/\/hemoproct.com\/app\/uploads\/sites\/4\/2022\/06\/internalexternalhaemorrhoids-de-320x254-1_Eng.png\" \/>\n\t<meta property=\"og:image:width\" content=\"320\" \/>\n\t<meta property=\"og:image:height\" content=\"254\" \/>\n\t<meta property=\"og:image:type\" content=\"image\/png\" \/>\n<meta name=\"twitter:card\" content=\"summary_large_image\" \/>\n<meta name=\"twitter:label1\" content=\"Est. reading time\" \/>\n\t<meta name=\"twitter:data1\" content=\"6 minutes\" \/>\n<script type=\"application\/ld+json\" class=\"yoast-schema-graph\">{\"@context\":\"https:\/\/schema.org\",\"@graph\":[{\"@type\":\"WebPage\",\"@id\":\"https:\/\/hemoproct.com\/ch\/it\/domande-frequenti\/\",\"url\":\"https:\/\/hemoproct.com\/ch\/it\/domande-frequenti\/\",\"name\":\"Domande Frequenti - Hemoproct\",\"isPartOf\":{\"@id\":\"https:\/\/hemoproct.com\/ch\/it\/#website\"},\"primaryImageOfPage\":{\"@id\":\"https:\/\/hemoproct.com\/ch\/it\/domande-frequenti\/#primaryimage\"},\"image\":{\"@id\":\"https:\/\/hemoproct.com\/ch\/it\/domande-frequenti\/#primaryimage\"},\"thumbnailUrl\":\"https:\/\/hemoproct.com\/app\/uploads\/sites\/4\/2022\/06\/internalexternalhaemorrhoids-de-320x254-1_Eng.png\",\"datePublished\":\"2022-06-10T09:43:15+00:00\",\"dateModified\":\"2025-06-18T07:53:10+00:00\",\"description\":\"Domande frequenti Cosa sono le emorroidi? Che tipo di emorroidi ci sono?\",\"breadcrumb\":{\"@id\":\"https:\/\/hemoproct.com\/ch\/it\/domande-frequenti\/#breadcrumb\"},\"inLanguage\":\"it-CH\",\"potentialAction\":[{\"@type\":\"ReadAction\",\"target\":[\"https:\/\/hemoproct.com\/ch\/it\/domande-frequenti\/\"]}]},{\"@type\":\"ImageObject\",\"inLanguage\":\"it-CH\",\"@id\":\"https:\/\/hemoproct.com\/ch\/it\/domande-frequenti\/#primaryimage\",\"url\":\"https:\/\/hemoproct.com\/app\/uploads\/sites\/4\/2022\/06\/internalexternalhaemorrhoids-de-320x254-1_Eng.png\",\"contentUrl\":\"https:\/\/hemoproct.com\/app\/uploads\/sites\/4\/2022\/06\/internalexternalhaemorrhoids-de-320x254-1_Eng.png\"},{\"@type\":\"BreadcrumbList\",\"@id\":\"https:\/\/hemoproct.com\/ch\/it\/domande-frequenti\/#breadcrumb\",\"itemListElement\":[{\"@type\":\"ListItem\",\"position\":1,\"name\":\"Home\",\"item\":\"https:\/\/hemoproct.com\/ch\/it\/\"},{\"@type\":\"ListItem\",\"position\":2,\"name\":\"Domande Frequenti\"}]},{\"@type\":\"WebSite\",\"@id\":\"https:\/\/hemoproct.com\/ch\/it\/#website\",\"url\":\"https:\/\/hemoproct.com\/ch\/it\/\",\"name\":\"Hemoproct\",\"description\":\"\",\"publisher\":{\"@id\":\"https:\/\/hemoproct.com\/ch\/it\/#organization\"},\"potentialAction\":[{\"@type\":\"SearchAction\",\"target\":{\"@type\":\"EntryPoint\",\"urlTemplate\":\"https:\/\/hemoproct.com\/ch\/it\/?s={search_term_string}\"},\"query-input\":{\"@type\":\"PropertyValueSpecification\",\"valueRequired\":true,\"valueName\":\"search_term_string\"}}],\"inLanguage\":\"it-CH\"},{\"@type\":\"Organization\",\"@id\":\"https:\/\/hemoproct.com\/ch\/it\/#organization\",\"name\":\"Hemoproct\",\"url\":\"https:\/\/hemoproct.com\/ch\/it\/\",\"logo\":{\"@type\":\"ImageObject\",\"inLanguage\":\"it-CH\",\"@id\":\"https:\/\/hemoproct.com\/ch\/it\/#\/schema\/logo\/image\/\",\"url\":\"https:\/\/hemoproct.com\/app\/uploads\/sites\/4\/2022\/06\/logo-hemoproct.png\",\"contentUrl\":\"https:\/\/hemoproct.com\/app\/uploads\/sites\/4\/2022\/06\/logo-hemoproct.png\",\"width\":162,\"height\":24,\"caption\":\"Hemoproct\"},\"image\":{\"@id\":\"https:\/\/hemoproct.com\/ch\/it\/#\/schema\/logo\/image\/\"}}]}<\/script>\n<!-- \/ Yoast SEO plugin. -->","yoast_head_json":{"title":"Domande Frequenti - Hemoproct","description":"Domande frequenti Cosa sono le emorroidi? Che tipo di emorroidi ci sono?","robots":{"index":"index","follow":"follow","max-snippet":"max-snippet:-1","max-image-preview":"max-image-preview:large","max-video-preview":"max-video-preview:-1"},"canonical":"https:\/\/hemoproct.com\/ch\/it\/domande-frequenti\/","og_locale":"it_IT","og_type":"article","og_title":"Domande Frequenti - Hemoproct","og_description":"Domande frequenti Cosa sono le emorroidi? Che tipo di emorroidi ci sono?","og_url":"https:\/\/hemoproct.com\/ch\/it\/domande-frequenti\/","og_site_name":"Hemoproct","article_modified_time":"2025-06-18T07:53:10+00:00","og_image":[{"width":320,"height":254,"url":"https:\/\/hemoproct.com\/app\/uploads\/sites\/4\/2022\/06\/internalexternalhaemorrhoids-de-320x254-1_Eng.png","type":"image\/png"}],"twitter_card":"summary_large_image","twitter_misc":{"Est. reading time":"6 minutes"},"schema":{"@context":"https:\/\/schema.org","@graph":[{"@type":"WebPage","@id":"https:\/\/hemoproct.com\/ch\/it\/domande-frequenti\/","url":"https:\/\/hemoproct.com\/ch\/it\/domande-frequenti\/","name":"Domande Frequenti - Hemoproct","isPartOf":{"@id":"https:\/\/hemoproct.com\/ch\/it\/#website"},"primaryImageOfPage":{"@id":"https:\/\/hemoproct.com\/ch\/it\/domande-frequenti\/#primaryimage"},"image":{"@id":"https:\/\/hemoproct.com\/ch\/it\/domande-frequenti\/#primaryimage"},"thumbnailUrl":"https:\/\/hemoproct.com\/app\/uploads\/sites\/4\/2022\/06\/internalexternalhaemorrhoids-de-320x254-1_Eng.png","datePublished":"2022-06-10T09:43:15+00:00","dateModified":"2025-06-18T07:53:10+00:00","description":"Domande frequenti Cosa sono le emorroidi? Che tipo di emorroidi ci sono?","breadcrumb":{"@id":"https:\/\/hemoproct.com\/ch\/it\/domande-frequenti\/#breadcrumb"},"inLanguage":"it-CH","potentialAction":[{"@type":"ReadAction","target":["https:\/\/hemoproct.com\/ch\/it\/domande-frequenti\/"]}]},{"@type":"ImageObject","inLanguage":"it-CH","@id":"https:\/\/hemoproct.com\/ch\/it\/domande-frequenti\/#primaryimage","url":"https:\/\/hemoproct.com\/app\/uploads\/sites\/4\/2022\/06\/internalexternalhaemorrhoids-de-320x254-1_Eng.png","contentUrl":"https:\/\/hemoproct.com\/app\/uploads\/sites\/4\/2022\/06\/internalexternalhaemorrhoids-de-320x254-1_Eng.png"},{"@type":"BreadcrumbList","@id":"https:\/\/hemoproct.com\/ch\/it\/domande-frequenti\/#breadcrumb","itemListElement":[{"@type":"ListItem","position":1,"name":"Home","item":"https:\/\/hemoproct.com\/ch\/it\/"},{"@type":"ListItem","position":2,"name":"Domande Frequenti"}]},{"@type":"WebSite","@id":"https:\/\/hemoproct.com\/ch\/it\/#website","url":"https:\/\/hemoproct.com\/ch\/it\/","name":"Hemoproct","description":"","publisher":{"@id":"https:\/\/hemoproct.com\/ch\/it\/#organization"},"potentialAction":[{"@type":"SearchAction","target":{"@type":"EntryPoint","urlTemplate":"https:\/\/hemoproct.com\/ch\/it\/?s={search_term_string}"},"query-input":{"@type":"PropertyValueSpecification","valueRequired":true,"valueName":"search_term_string"}}],"inLanguage":"it-CH"},{"@type":"Organization","@id":"https:\/\/hemoproct.com\/ch\/it\/#organization","name":"Hemoproct","url":"https:\/\/hemoproct.com\/ch\/it\/","logo":{"@type":"ImageObject","inLanguage":"it-CH","@id":"https:\/\/hemoproct.com\/ch\/it\/#\/schema\/logo\/image\/","url":"https:\/\/hemoproct.com\/app\/uploads\/sites\/4\/2022\/06\/logo-hemoproct.png","contentUrl":"https:\/\/hemoproct.com\/app\/uploads\/sites\/4\/2022\/06\/logo-hemoproct.png","width":162,"height":24,"caption":"Hemoproct"},"image":{"@id":"https:\/\/hemoproct.com\/ch\/it\/#\/schema\/logo\/image\/"}}]}},"_links":{"self":[{"href":"https:\/\/hemoproct.com\/ch\/it\/wp-json\/wp\/v2\/pages\/235","targetHints":{"allow":["GET"]}}],"collection":[{"href":"https:\/\/hemoproct.com\/ch\/it\/wp-json\/wp\/v2\/pages"}],"about":[{"href":"https:\/\/hemoproct.com\/ch\/it\/wp-json\/wp\/v2\/types\/page"}],"author":[{"embeddable":true,"href":"https:\/\/hemoproct.com\/ch\/it\/wp-json\/wp\/v2\/users\/2"}],"replies":[{"embeddable":true,"href":"https:\/\/hemoproct.com\/ch\/it\/wp-json\/wp\/v2\/comments?post=235"}],"version-history":[{"count":5,"href":"https:\/\/hemoproct.com\/ch\/it\/wp-json\/wp\/v2\/pages\/235\/revisions"}],"predecessor-version":[{"id":633,"href":"https:\/\/hemoproct.com\/ch\/it\/wp-json\/wp\/v2\/pages\/235\/revisions\/633"}],"wp:attachment":[{"href":"https:\/\/hemoproct.com\/ch\/it\/wp-json\/wp\/v2\/media?parent=235"}],"wp:term":[{"taxonomy":"from-article-database","embeddable":true,"href":"https:\/\/hemoproct.com\/ch\/it\/wp-json\/wp\/v2\/from-article-database?post=235"}],"curies":[{"name":"wp","href":"https:\/\/api.w.org\/{rel}","templated":true}]}}