{"id":43,"date":"2022-06-08T14:07:45","date_gmt":"2022-06-08T12:07:45","guid":{"rendered":"https:\/\/hemoproct.com\/it\/?page_id=43"},"modified":"2023-10-09T10:09:58","modified_gmt":"2023-10-09T08:09:58","slug":"faq","status":"publish","type":"page","link":"https:\/\/hemoproct.com\/it\/faq\/","title":{"rendered":"FAQ"},"content":{"rendered":"\n<div class=\"wp-block-karopharma-free-text pt-large pb-large bg-center bg-contain bg-no-repeat bg-box undefined is-style-primary\" style=\"background-image:url()\"><div class=\"free-text-wrapper container max-w-medium text-left\">\n<h1 class=\"is-style-heading-huge wp-block-heading\" id=\"faq\">Domande Frequenti<\/h1>\n<\/div><\/div>\n\n\n\n<div class=\"wp-block-karopharma-accordions\"><div class=\"container\">\n<details class=\"wp-block-karopharma-accordion\"><summary><h2 class=\"accordion-title\">Cosa sono le emorroidi?<\/h2><\/summary><div class=\"accordion-content\">\n<p>Le emorroidi sono cuscinetti di tessuto altamente vascolarizzato situati nel canale anale e presenti fisiologicamente in ognuno di noi. Sono anche detti plessi emorroidari e regolano l&#8217;evacuazione e la continenza. Si gonfiano e si sgonfiano per garantire una corretta chiusura dell&#8217;ano, ma possono tuttavia causare problemi quando si infiammano e aumentano di volume. Ci\u00f2 si verifica quando i vasi sanguigni del tessuto emorroidale si gonfiano a causa di una pressione eccessiva esercitata sul tessuto indebolito, ad esempio a seguito di uno sforzo intenso per espellere le feci. I fattori che contribuiscono allo sviluppo di emorroidi includono, tra gli altri: obesit\u00e0, cattiva nutrizione, evacuazioni irregolari (costipazione o diarrea), gravidanza e rapporti anali.<\/p>\n<\/div><\/details>\n\n\n\n<details class=\"wp-block-karopharma-accordion\"><summary><h2 class=\"accordion-title\">Quali sono i tipi di emorroidi?<\/h2><\/summary><div class=\"accordion-content\">\n<p>Esistono due tipi di emorroidi: le emorroidi interne, che sono localizzate all&#8217;interno dell&#8217;ano, e le emorroidi esterne, che sporgono fuori dall&#8217;ano. Le emorroidi interne, anche se gonfie o infiammate, generalmente causano un disagio minore, mentre le emorroidi esterne sono la causa della maggior parte dei problemi per coloro che ne soffrono. In caso di sindrome emorroidaria, le emorroidi devono essere trattate per attenuarne i sintomi. I trattamenti variano a seconda dello stadio di gravit\u00e0 e della condizione fisiologica del soggetto. Anche se le emorroidi di per s\u00e9 non sono dannose o pericolose per la vita, se non trattate possono portare all&#8217;insorgenza di complicazioni anche gravi.<\/p>\n<\/div><\/details>\n\n\n\n<details class=\"wp-block-karopharma-accordion\"><summary><h2 class=\"accordion-title\">Quali sono i sintomi della comparsa di emorroidi?<\/h2><\/summary><div class=\"accordion-content\">\n<p>Si parla di sindrome emorroidaria quando si riscontrano i seguenti sintomi: presenza di sangue nelle feci, nel water o sulla carta igienica, evacuazioni incomplete e dolorose, prurito e\/o irritazione a livello anale, presenza di un nodulo doloroso sempre a livello anale, fastidio e dolore nello stare seduti. Si consiglia di consultare il medico soprattutto se non si \u00e8 certi che tali sintomi siano dovuti ad emorroidi, dal momento che sanguinamento e dolore al retto potrebbero essere sintomi di una malattia pi\u00f9 grave. Molte persone si sentono a disagio nell&#8217;affrontare questa problematica e spesso iniziano il trattamento delle emorroidi solo quando il problema \u00e8 in fase avanzata. Un peggioramento dei sintomi associati alle emorroidi potrebbe rendere necessario un intervento chirurgico. Si consiglia pertanto di consultare sempre un medico e agire in maniera tempestiva sui primi sintomi.<\/p>\n<\/div><\/details>\n\n\n\n<details class=\"wp-block-karopharma-accordion\"><summary><h2 class=\"accordion-title\">Come si possono prevenire le emorroidi?<\/h2><\/summary><div class=\"accordion-content\">\n<p>Trattandosi di una malattia multifattoriale, non \u00e8 possibile individuare un&#8217;unica causa ed \u00e8 quindi consigliato seguire uno stile di vita attivo e un&#8217;alimentazione regolare. Il miglior modo per prevenire l&#8217;insorgenza delle emorroidi e la loro ricorrenza \u00e8 seguire una corretta alimentazione, principamente ricca di fibre, e fare dell&#8217;esercizio fisico quotidiano. A questi principi di carattere generale bisogna associare una buona igiene personale e un&#8217;evacuazione regolare.<\/p>\n\n\n\n<p><strong>Alimentazione per le emorroidi<\/strong>: aumenta il consumo di fibre. Assumi cereali integrali, frutta e verdura a sufficienza, bevi molta acqua: 1,5-2 litri al giorno sono raccomandati. Evita cibi grassi e speziati e tutti gli alimenti che possono irritare la mucosa anale.<\/p>\n\n\n\n<p><strong>Emorroidi ed attivit\u00e0 fisica: <\/strong>contrasta la sedentariet\u00e0, fai esercizio fisico ogni giorno e cerca di raggiungere il tuo peso forma poich\u00e9 sovrappeso e obesit\u00e0 possono aumentare il rischio di emorroidi. Una vita sedentaria pu\u00f2 causare un rallentamento della motilit\u00e0 intestinale con conseguente stipsi.<\/p>\n\n\n\n<p><strong>Emorroidi e stipsi:<\/strong> evita di sforzarti durante l&#8217;espulsione delle feci e di assumere lassativi, che possono contribuire ad aggravare le emorroidi. Trascorri meno tempo possibile in bagno, ma allo stesso tempo non affrettare le tue esigenze naturali. Vai in bagno regolarmente e non trattenerti, per evitare l&#8217;insorgenza di stitichezza, che potrebbe aumentare la pressione sulla regione anale.<\/p>\n\n\n\n<p><strong>Emorroidi e igiene intima:<\/strong> evita di strofinare in maniera aggressiva la zona anale con carta igienica. Pulisci la zona anale delicatamente ma accuratamente con la carta igienica &#8211; da davanti a dietro &#8211; dopo ogni evacuazione. Inoltre, si possono utilizzare salviettine umidificate per uso intimo per adulti o bambini.<\/p>\n<\/div><\/details>\n\n\n\n<details class=\"wp-block-karopharma-accordion\"><summary><h2 class=\"accordion-title\">Come ridurre dolore e prurito?<\/h2><\/summary><div class=\"accordion-content\">\n<p>Dolore e prurito anale sono due spiacevoli sintomi dovuti all&#8217;infiammazione delle emorroidi. La chiave per ridurre questi sintomi \u00e8 la combinazione tra una corretta igiene intima e un trattamento topico della zona anale-rettale.<\/p>\n\n\n\n<p>Igiene per emorroidi: sii delicato nell&#8217;asciugarti dopo ogni evacuazione, in modo da non danneggiare il tessuto emorroidale. Detergi regolarmente la zona anale con un leggero getto d&#8217;acqua (non usare sapone o detergenti profumati). Evita di grattarti per non danneggiare la cute e peggiorare la situazione. E&#8217; inoltre possibile spingere delicatamente le emorroidi sporgenti all&#8217;interno.<\/p>\n\n\n\n<p>Trattamento per emorroidi: puoi usare Hemoproct Gel per trattare disturbi anali e emorroidi.<\/p>\n<\/div><\/details>\n\n\n\n<details class=\"wp-block-karopharma-accordion\"><summary><h2 class=\"accordion-title\">Chi soffre di emorroidi?<\/h2><\/summary><div class=\"accordion-content\">\n<p>La sindrome emorroidaria \u00e8 un problema molto frequente e chi ne soffre tende a non parlarne per paura o semplice imbarazzo. Le emorroidi sembrano interessare in egual modo maschi e femmine. Le probabilit\u00e0 di sviluppare emorroidi possono aumentare a seguito di evacuazioni irregolari, stitichezza (stipsi) o diarrea, predisposizione genetica, ridotto esercizio fisico, dieta a basso contenuto di fibre, gravidanza e parto, obesit\u00e0, et\u00e0, sedentariet\u00e0 e rapporti anali.<\/p>\n<\/div><\/details>\n\n\n\n<details class=\"wp-block-karopharma-accordion\"><summary><h2 class=\"accordion-title\">Le emorroidi sono contagiose?<\/h2><\/summary><div class=\"accordion-content\">\n<p>No, le emorroidi non sono contagiose. Non posso essere trasmesse ad altre persone attraverso il contatto, compresi i rapporti sessuali. La predisposizione genetica ricopre un ruolo importante nella loro comparsa. Se pi\u00f9 membri della tua famiglia soffrono di emorroidi, le possibilit\u00e0 di esserne affetto aumentano. In caso di sintomi quali dolore anale, prurito anale o sangue nelle feci \u00e8 bene rivolgersi ad un medico per avere una diagnosi certa ed escludere malattie pi\u00f9 gravi.<\/p>\n<\/div><\/details>\n\n\n\n<details class=\"wp-block-karopharma-accordion\"><summary><h2 class=\"accordion-title\">Cosa devo fare se sospetto di avere le emorroidi?<\/h2><\/summary><div class=\"accordion-content\">\n<p>Le emorroidi comportano generalmente un disagio, fastidio nello stare seduti e dolore localizzato nella zona anale, ma non sono pericolose o letali. I sintomi della comparsa di emorroidi possono scomparire dopo pochi giorni, ma possono anche ricomparire in forma peggiore. Per un rapido sollievo dalle emorroidi e dai disturbi anali puoi usare Hemoproct gel. Consulta il medico se hai febbre, dolore acuto a livello anale o sanguinamento eccessivo durante le evacuazioni. Il medico che si occupa di curare le emorroidi \u00e8 il proctologo, che si occupa delle patologie del colon, retto e ano. Rivolgersi ad un medico pu\u00f2 essere necessario per escludere malattie gravi o in caso di emorroidi con complicanze.<\/p>\n<\/div><\/details>\n\n\n\n<details class=\"wp-block-karopharma-accordion\"><summary><h2 class=\"accordion-title\">A cosa serve Hemoproct?<\/h2><\/summary><div class=\"accordion-content\">\n<p>Hemoproct \u00e8 un prodotto nuovo che offre un sollievo rapido dalle emorroidi, ragadi e allevia i sintomi quali irritazione, prurito, bruciore e sensibilit\u00e0 associati alle emorroidi.<\/p>\n\n\n\n<p>Hemoproct gel contiene il complesso 2QR, un ingrediente brevettato che favorisce la riduzione dei sintomi creando una barriera protettiva contro i batteri dannosi.<\/p>\n\n\n\n<p>Hemoproct Gel pu\u00f2 essere applicato sulle emorroidi interne ed esterne, per alleviare i disturbi anali.<\/p>\n<\/div><\/details>\n\n\n\n<details class=\"wp-block-karopharma-accordion\"><summary><h2 class=\"accordion-title\">Posso usare Hemoproct gel in gravidanza e durante l&#8217;allattamento?<\/h2><\/summary><div class=\"accordion-content\">\n<p>Non sono note controindicazioni sull&#8217;uso di Hemoproct durante la gravidanza o l&#8217;allattamento, tuttavia \u00e8 sempre opportuno consultare il medico o il farmacista prima di utilizzare qualsiasi prodotto se si \u00e8 in una di queste due condizioni.<\/p>\n<\/div><\/details>\n\n\n\n<details class=\"wp-block-karopharma-accordion\"><summary><h2 class=\"accordion-title\">Come si pulisce l&#8217;applicatore di Hemoproct Gel?<\/h2><\/summary><div class=\"accordion-content\">\n<p>Il modo migliore per garantire che l&#8217;applicatore sia pulito e igienizzato \u00e8 lavarlo con acqua tiepida dopo ogni utilizzo. Si consiglia di utilizzare del sapone per garantire una pulizia ottimale (\u00e8 importante risciacquare accuratamente, poich\u00e9 il contatto tra l&#8217;area interessata e il sapone o altri detergenti profumati pu\u00f2 causare ulteriori irritazioni). Non usare acqua bollente sull&#8217;applicatore per evitarne la deformazione<\/p>\n<\/div><\/details>\n\n\n\n<details class=\"wp-block-karopharma-accordion\"><summary><h2 class=\"accordion-title\">Di che colore dovrebbe essere il gel?<\/h2><\/summary><div class=\"accordion-content\">\n<p>Il colore del gel pu\u00f2 variare da trasparente\/giallo chiaro a marroncino per la presenza degli ingredienti naturali. Questo non influisce sull&#8217;efficacia di Hemoproct Gel.<\/p>\n<\/div><\/details>\n<\/div><\/div>\n","protected":false},"excerpt":{"rendered":"","protected":false},"author":3,"featured_media":0,"parent":0,"menu_order":0,"comment_status":"closed","ping_status":"closed","template":"","meta":{"_acf_changed":false,"footnotes":""},"from-article-database":[],"class_list":["post-43","page","type-page","status-publish","hentry"],"acf":[],"yoast_head":"<!-- This site is optimized with the Yoast SEO plugin v26.6 - https:\/\/yoast.com\/wordpress\/plugins\/seo\/ -->\n<title>FAQ - Hemoproct<\/title>\n<meta name=\"description\" content=\"Domande Frequenti: Cosa sono le emorroidi?\" \/>\n<meta name=\"robots\" content=\"index, follow, max-snippet:-1, max-image-preview:large, max-video-preview:-1\" \/>\n<link rel=\"canonical\" href=\"https:\/\/hemoproct.com\/it\/faq\/\" \/>\n<meta property=\"og:locale\" content=\"it_IT\" \/>\n<meta property=\"og:type\" content=\"article\" \/>\n<meta property=\"og:title\" content=\"FAQ - Hemoproct\" \/>\n<meta property=\"og:description\" content=\"Domande Frequenti: Cosa sono le emorroidi?\" \/>\n<meta property=\"og:url\" content=\"https:\/\/hemoproct.com\/it\/faq\/\" \/>\n<meta property=\"og:site_name\" content=\"Hemoproct\" \/>\n<meta property=\"article:modified_time\" content=\"2023-10-09T08:09:58+00:00\" \/>\n<meta name=\"twitter:card\" content=\"summary_large_image\" \/>\n<meta name=\"twitter:label1\" content=\"Tempo di lettura stimato\" \/>\n\t<meta name=\"twitter:data1\" content=\"7 minuti\" \/>\n<script type=\"application\/ld+json\" class=\"yoast-schema-graph\">{\"@context\":\"https:\/\/schema.org\",\"@graph\":[{\"@type\":\"WebPage\",\"@id\":\"https:\/\/hemoproct.com\/it\/faq\/\",\"url\":\"https:\/\/hemoproct.com\/it\/faq\/\",\"name\":\"FAQ - Hemoproct\",\"isPartOf\":{\"@id\":\"https:\/\/hemoproct.com\/it\/#website\"},\"datePublished\":\"2022-06-08T12:07:45+00:00\",\"dateModified\":\"2023-10-09T08:09:58+00:00\",\"description\":\"Domande Frequenti: Cosa sono le emorroidi?\",\"breadcrumb\":{\"@id\":\"https:\/\/hemoproct.com\/it\/faq\/#breadcrumb\"},\"inLanguage\":\"it-IT\",\"potentialAction\":[{\"@type\":\"ReadAction\",\"target\":[\"https:\/\/hemoproct.com\/it\/faq\/\"]}]},{\"@type\":\"BreadcrumbList\",\"@id\":\"https:\/\/hemoproct.com\/it\/faq\/#breadcrumb\",\"itemListElement\":[{\"@type\":\"ListItem\",\"position\":1,\"name\":\"Home\",\"item\":\"https:\/\/hemoproct.com\/it\/\"},{\"@type\":\"ListItem\",\"position\":2,\"name\":\"FAQ\"}]},{\"@type\":\"WebSite\",\"@id\":\"https:\/\/hemoproct.com\/it\/#website\",\"url\":\"https:\/\/hemoproct.com\/it\/\",\"name\":\"Hemoproct\",\"description\":\"\",\"publisher\":{\"@id\":\"https:\/\/hemoproct.com\/it\/#organization\"},\"potentialAction\":[{\"@type\":\"SearchAction\",\"target\":{\"@type\":\"EntryPoint\",\"urlTemplate\":\"https:\/\/hemoproct.com\/it\/?s={search_term_string}\"},\"query-input\":{\"@type\":\"PropertyValueSpecification\",\"valueRequired\":true,\"valueName\":\"search_term_string\"}}],\"inLanguage\":\"it-IT\"},{\"@type\":\"Organization\",\"@id\":\"https:\/\/hemoproct.com\/it\/#organization\",\"name\":\"Hemoproct\",\"url\":\"https:\/\/hemoproct.com\/it\/\",\"logo\":{\"@type\":\"ImageObject\",\"inLanguage\":\"it-IT\",\"@id\":\"https:\/\/hemoproct.com\/it\/#\/schema\/logo\/image\/\",\"url\":\"https:\/\/hemoproct.com\/app\/uploads\/sites\/3\/2022\/06\/logo-hemoproct.png\",\"contentUrl\":\"https:\/\/hemoproct.com\/app\/uploads\/sites\/3\/2022\/06\/logo-hemoproct.png\",\"width\":162,\"height\":24,\"caption\":\"Hemoproct\"},\"image\":{\"@id\":\"https:\/\/hemoproct.com\/it\/#\/schema\/logo\/image\/\"}}]}<\/script>\n<!-- \/ Yoast SEO plugin. -->","yoast_head_json":{"title":"FAQ - Hemoproct","description":"Domande Frequenti: Cosa sono le emorroidi?","robots":{"index":"index","follow":"follow","max-snippet":"max-snippet:-1","max-image-preview":"max-image-preview:large","max-video-preview":"max-video-preview:-1"},"canonical":"https:\/\/hemoproct.com\/it\/faq\/","og_locale":"it_IT","og_type":"article","og_title":"FAQ - Hemoproct","og_description":"Domande Frequenti: Cosa sono le emorroidi?","og_url":"https:\/\/hemoproct.com\/it\/faq\/","og_site_name":"Hemoproct","article_modified_time":"2023-10-09T08:09:58+00:00","twitter_card":"summary_large_image","twitter_misc":{"Tempo di lettura stimato":"7 minuti"},"schema":{"@context":"https:\/\/schema.org","@graph":[{"@type":"WebPage","@id":"https:\/\/hemoproct.com\/it\/faq\/","url":"https:\/\/hemoproct.com\/it\/faq\/","name":"FAQ - Hemoproct","isPartOf":{"@id":"https:\/\/hemoproct.com\/it\/#website"},"datePublished":"2022-06-08T12:07:45+00:00","dateModified":"2023-10-09T08:09:58+00:00","description":"Domande Frequenti: Cosa sono le emorroidi?","breadcrumb":{"@id":"https:\/\/hemoproct.com\/it\/faq\/#breadcrumb"},"inLanguage":"it-IT","potentialAction":[{"@type":"ReadAction","target":["https:\/\/hemoproct.com\/it\/faq\/"]}]},{"@type":"BreadcrumbList","@id":"https:\/\/hemoproct.com\/it\/faq\/#breadcrumb","itemListElement":[{"@type":"ListItem","position":1,"name":"Home","item":"https:\/\/hemoproct.com\/it\/"},{"@type":"ListItem","position":2,"name":"FAQ"}]},{"@type":"WebSite","@id":"https:\/\/hemoproct.com\/it\/#website","url":"https:\/\/hemoproct.com\/it\/","name":"Hemoproct","description":"","publisher":{"@id":"https:\/\/hemoproct.com\/it\/#organization"},"potentialAction":[{"@type":"SearchAction","target":{"@type":"EntryPoint","urlTemplate":"https:\/\/hemoproct.com\/it\/?s={search_term_string}"},"query-input":{"@type":"PropertyValueSpecification","valueRequired":true,"valueName":"search_term_string"}}],"inLanguage":"it-IT"},{"@type":"Organization","@id":"https:\/\/hemoproct.com\/it\/#organization","name":"Hemoproct","url":"https:\/\/hemoproct.com\/it\/","logo":{"@type":"ImageObject","inLanguage":"it-IT","@id":"https:\/\/hemoproct.com\/it\/#\/schema\/logo\/image\/","url":"https:\/\/hemoproct.com\/app\/uploads\/sites\/3\/2022\/06\/logo-hemoproct.png","contentUrl":"https:\/\/hemoproct.com\/app\/uploads\/sites\/3\/2022\/06\/logo-hemoproct.png","width":162,"height":24,"caption":"Hemoproct"},"image":{"@id":"https:\/\/hemoproct.com\/it\/#\/schema\/logo\/image\/"}}]}},"_links":{"self":[{"href":"https:\/\/hemoproct.com\/it\/wp-json\/wp\/v2\/pages\/43","targetHints":{"allow":["GET"]}}],"collection":[{"href":"https:\/\/hemoproct.com\/it\/wp-json\/wp\/v2\/pages"}],"about":[{"href":"https:\/\/hemoproct.com\/it\/wp-json\/wp\/v2\/types\/page"}],"author":[{"embeddable":true,"href":"https:\/\/hemoproct.com\/it\/wp-json\/wp\/v2\/users\/3"}],"replies":[{"embeddable":true,"href":"https:\/\/hemoproct.com\/it\/wp-json\/wp\/v2\/comments?post=43"}],"version-history":[{"count":3,"href":"https:\/\/hemoproct.com\/it\/wp-json\/wp\/v2\/pages\/43\/revisions"}],"predecessor-version":[{"id":249,"href":"https:\/\/hemoproct.com\/it\/wp-json\/wp\/v2\/pages\/43\/revisions\/249"}],"wp:attachment":[{"href":"https:\/\/hemoproct.com\/it\/wp-json\/wp\/v2\/media?parent=43"}],"wp:term":[{"taxonomy":"from-article-database","embeddable":true,"href":"https:\/\/hemoproct.com\/it\/wp-json\/wp\/v2\/from-article-database?post=43"}],"curies":[{"name":"wp","href":"https:\/\/api.w.org\/{rel}","templated":true}]}}