{"id":5,"date":"2022-08-17T07:33:27","date_gmt":"2022-08-17T05:33:27","guid":{"rendered":"https:\/\/hemoproct.com\/nl\/?page_id=5"},"modified":"2025-09-03T10:46:31","modified_gmt":"2025-09-03T08:46:31","slug":"start","status":"publish","type":"page","link":"https:\/\/hemoproct.com\/nl\/","title":{"rendered":"Hemoproct"},"content":{"rendered":"\n<div class=\"wp-block-karopharma-product-promotion text-align-right pt-medium pb-medium bg-bottom bg-cover bg-no-repeat  undefined is-style-transparent\" style=\"background-image:url(https:\/\/hemoproct.com\/cdn-cgi\/image\/format=auto\/app\/uploads\/sites\/2\/2022\/06\/Hero1BG.webp)\"><div class=\"container max-w-large\">\n<div class=\"wp-block-group is-layout-flow wp-block-group-is-layout-flow\">\n<figure class=\"wp-block-image size-full\"><img loading=\"lazy\" decoding=\"async\" width=\"700\" height=\"700\" src=\"https:\/\/hemoproct.com\/app\/uploads\/sites\/5\/2025\/04\/ActiProct-Gel-30g-NL.png\" alt=\"ActiProct\" class=\"wp-image-396\" srcset=\"https:\/\/hemoproct.com\/app\/uploads\/sites\/5\/2025\/04\/ActiProct-Gel-30g-NL.png 700w, https:\/\/hemoproct.com\/app\/uploads\/sites\/5\/2025\/04\/ActiProct-Gel-30g-NL-320x320.png 320w, https:\/\/hemoproct.com\/app\/uploads\/sites\/5\/2025\/04\/ActiProct-Gel-30g-NL-150x150.png 150w, https:\/\/hemoproct.com\/app\/uploads\/sites\/5\/2025\/04\/ActiProct-Gel-30g-NL-300x300.png 300w, https:\/\/hemoproct.com\/app\/uploads\/sites\/5\/2025\/04\/ActiProct-Gel-30g-NL-600x600.png 600w, https:\/\/hemoproct.com\/app\/uploads\/sites\/5\/2025\/04\/ActiProct-Gel-30g-NL-100x100.png 100w\" sizes=\"auto, (max-width: 700px) 100vw, 700px\" \/><\/figure>\n<\/div>\n\n\n\n<div class=\"wp-block-group is-layout-flow wp-block-group-is-layout-flow\">\n<h1 class=\"wp-block-heading title is-style-heading-h1 has-white-color has-text-color\" id=\"la-solution-naturelle-pour-soulager-rapidement-les-hemorroides-1\">Hemoproct heet nu Actiproct!<\/h1>\n\n\n\n<h2 class=\"wp-block-heading heading is-style-heading-h3 has-white-color has-text-color\" id=\"personne-ne-merite-de-vivre-avec-des-hemorroides-et-des-genes-annales\">Onze vertrouwde formule heeft een nieuwe naam: Hemoproct is nu Actiproct. Je vindt Actiproct bij Etos en online bij diverse drogisterijen.<\/h2>\n\n\n\n<p class=\"paragraph is-style-paragraph-preamble\"><\/p>\n\n\n\n<div class=\"wp-block-buttons is-layout-flex wp-block-buttons-is-layout-flex\">\n<div class=\"wp-block-button is-style-primary-light-button\"><a class=\"wp-block-button__link wp-element-button\" href=\"https:\/\/www.etos.nl\/search\/?lang=nl_NL&amp;q=actiproct\" target=\"_blank\" rel=\"noreferrer noopener\">Actiproct bij Etos<\/a><\/div>\n\n\n\n<div class=\"wp-block-button is-style-primary-light-button\"><a class=\"wp-block-button__link wp-element-button\" href=\"https:\/\/www.bol.com\/nl\/nl\/s\/?searchtext=actiproct\" target=\"_blank\" rel=\"noreferrer noopener\">Actiproct bij Bol<\/a><\/div>\n<\/div>\n<\/div>\n<\/div><\/div>\n\n\n\n<div class=\"wp-block-karopharma-free-text pt-large pb-large bg-center bg-contain bg-no-repeat bg-box undefined is-style-primary\" style=\"background-image:url()\"><div class=\"free-text-wrapper container max-w-medium text-center\">\n<h2 class=\"wp-block-heading is-style-heading-h1\" id=\"la-solution-naturelle-pour-soulager-rapidement-les-hemorroides\">De enige formule met 5-voudige werking<\/h2>\n\n\n\n<h3 class=\"wp-block-heading is-style-heading-h3\" id=\"personne-ne-merite-de-vivre-avec-deshemorroides-et-des-genes-annales\">Zonder lokale anesthetica en corticostero\u00efden.<\/h3>\n\n\n\n<figure class=\"wp-block-image aligncenter size-full\"><img loading=\"lazy\" decoding=\"async\" width=\"1024\" height=\"203\" src=\"https:\/\/hemoproct.com\/app\/uploads\/sites\/5\/2022\/12\/5-voudige-1400x277-new-1024x203-1.png\" alt=\"5-voudige-1400x277-new-1024x203\" class=\"wp-image-321\" srcset=\"https:\/\/hemoproct.com\/app\/uploads\/sites\/5\/2022\/12\/5-voudige-1400x277-new-1024x203-1.png 1024w, https:\/\/hemoproct.com\/app\/uploads\/sites\/5\/2022\/12\/5-voudige-1400x277-new-1024x203-1-320x63.png 320w, https:\/\/hemoproct.com\/app\/uploads\/sites\/5\/2022\/12\/5-voudige-1400x277-new-1024x203-1-768x152.png 768w, https:\/\/hemoproct.com\/app\/uploads\/sites\/5\/2022\/12\/5-voudige-1400x277-new-1024x203-1-600x119.png 600w\" sizes=\"auto, (max-width: 1024px) 100vw, 1024px\" \/><\/figure>\n\n\n\n<p class=\"is-style-paragraph-body-text\">Hemoproct\u00ae zorgt voor een snelle verlichting van anale ongemakken. Het is gebaseerd op natuurlijke ingredi\u00ebnten en kan worden gebruikt in geval van terugkerende ongemakken of tijdens de zwangerschap. Het 2QR-complex, ge\u00ebxtraheerd uit alo\u00eb vera, vormt een fysieke barri\u00e8re die beschermt tegen schadelijke bacteri\u00ebn.<\/p>\n<\/div><\/div>\n\n\n\n<div class=\"wp-block-karopharma-free-text pt-large pb-large bg-center bg-contain bg-no-repeat\" style=\"background-image:url()\"><div class=\"free-text-wrapper container max-w-medium text-center\">\n<h2 class=\"wp-block-heading is-style-heading-h1\" id=\"la-solution-naturelle-pour-soulager-rapidement-les-hemorroides\">Wat zijn aambeien precies?<\/h2>\n\n\n\n<p class=\"is-style-paragraph-body-text\">Aambeien zijn knobbeltjes in of op de anus. Aambeien en andere anale ongemakken komen vaak voor bij volwassenen. Vaak schaamt men zich hiervoor en durft men geen hulp te vragen. Spijtig, want aambeien kunnen eenvoudig behandeld worden. Vooral als je er op tijd mee begint.<\/p>\n\n\n\n<h2 class=\"wp-block-heading is-style-heading-h1\" id=\"la-solution-naturelle-pour-soulager-rapidement-les-hemorroides\">Hoe voorkom je aambeien?<\/h2>\n\n\n\n<p>Een aantal zaken kan je helpen om aambeien en soortgelijke ongemakken te voorkomen en te verhelpen. Lichaamsbeweging en gezonde voeding om de stoelgang regelmatig te houden zijn twee van die zaken, net als goede toiletpraktijken en anale hygi\u00ebne.<\/p>\n<\/div><\/div>\n","protected":false},"excerpt":{"rendered":"","protected":false},"author":2,"featured_media":0,"parent":0,"menu_order":0,"comment_status":"closed","ping_status":"closed","template":"","meta":{"_acf_changed":false,"footnotes":""},"from-article-database":[],"class_list":["post-5","page","type-page","status-publish","hentry"],"acf":[],"yoast_head":"<!-- This site is optimized with the Yoast SEO plugin v26.6 - https:\/\/yoast.com\/wordpress\/plugins\/seo\/ -->\n<title>Hemoproct - Hemoproct<\/title>\n<meta name=\"description\" content=\"De natuurlijke oplossing voor snelle verlichting bij aambeien\" \/>\n<meta name=\"robots\" content=\"index, follow, max-snippet:-1, max-image-preview:large, max-video-preview:-1\" \/>\n<link rel=\"canonical\" href=\"https:\/\/hemoproct.com\/nl\/\" \/>\n<meta property=\"og:locale\" content=\"nl_NL\" \/>\n<meta property=\"og:type\" content=\"article\" \/>\n<meta property=\"og:title\" content=\"Hemoproct - Hemoproct\" \/>\n<meta property=\"og:description\" content=\"De natuurlijke oplossing voor snelle verlichting bij aambeien\" \/>\n<meta property=\"og:url\" content=\"https:\/\/hemoproct.com\/nl\/\" \/>\n<meta property=\"og:site_name\" content=\"Hemoproct\" \/>\n<meta property=\"article:modified_time\" content=\"2025-09-03T08:46:31+00:00\" \/>\n<meta property=\"og:image\" content=\"https:\/\/hemoproct.com\/app\/uploads\/sites\/5\/2025\/04\/ActiProct-Gel-30g-NL.png\" \/>\n\t<meta property=\"og:image:width\" content=\"700\" \/>\n\t<meta property=\"og:image:height\" content=\"700\" \/>\n\t<meta property=\"og:image:type\" content=\"image\/png\" \/>\n<meta name=\"twitter:card\" content=\"summary_large_image\" \/>\n<meta name=\"twitter:label1\" content=\"Geschatte leestijd\" \/>\n\t<meta name=\"twitter:data1\" content=\"2 minuten\" \/>\n<script type=\"application\/ld+json\" class=\"yoast-schema-graph\">{\"@context\":\"https:\/\/schema.org\",\"@graph\":[{\"@type\":\"WebPage\",\"@id\":\"https:\/\/hemoproct.com\/nl\/\",\"url\":\"https:\/\/hemoproct.com\/nl\/\",\"name\":\"Hemoproct - Hemoproct\",\"isPartOf\":{\"@id\":\"https:\/\/hemoproct.com\/nl\/#website\"},\"primaryImageOfPage\":{\"@id\":\"https:\/\/hemoproct.com\/nl\/#primaryimage\"},\"image\":{\"@id\":\"https:\/\/hemoproct.com\/nl\/#primaryimage\"},\"thumbnailUrl\":\"https:\/\/hemoproct.com\/app\/uploads\/sites\/5\/2025\/04\/ActiProct-Gel-30g-NL.png\",\"datePublished\":\"2022-08-17T05:33:27+00:00\",\"dateModified\":\"2025-09-03T08:46:31+00:00\",\"description\":\"De natuurlijke oplossing voor snelle verlichting bij aambeien\",\"breadcrumb\":{\"@id\":\"https:\/\/hemoproct.com\/nl\/#breadcrumb\"},\"inLanguage\":\"nl-NL\",\"potentialAction\":[{\"@type\":\"ReadAction\",\"target\":[\"https:\/\/hemoproct.com\/nl\/\"]}]},{\"@type\":\"ImageObject\",\"inLanguage\":\"nl-NL\",\"@id\":\"https:\/\/hemoproct.com\/nl\/#primaryimage\",\"url\":\"https:\/\/hemoproct.com\/app\/uploads\/sites\/5\/2025\/04\/ActiProct-Gel-30g-NL.png\",\"contentUrl\":\"https:\/\/hemoproct.com\/app\/uploads\/sites\/5\/2025\/04\/ActiProct-Gel-30g-NL.png\"},{\"@type\":\"BreadcrumbList\",\"@id\":\"https:\/\/hemoproct.com\/nl\/#breadcrumb\",\"itemListElement\":[{\"@type\":\"ListItem\",\"position\":1,\"name\":\"Home\",\"item\":\"https:\/\/hemoproct.com\/nl\/\"},{\"@type\":\"ListItem\",\"position\":2,\"name\":\"Hemoproct\"}]},{\"@type\":\"WebSite\",\"@id\":\"https:\/\/hemoproct.com\/nl\/#website\",\"url\":\"https:\/\/hemoproct.com\/nl\/\",\"name\":\"Hemoproct\",\"description\":\"\",\"publisher\":{\"@id\":\"https:\/\/hemoproct.com\/nl\/#organization\"},\"potentialAction\":[{\"@type\":\"SearchAction\",\"target\":{\"@type\":\"EntryPoint\",\"urlTemplate\":\"https:\/\/hemoproct.com\/nl\/?s={search_term_string}\"},\"query-input\":{\"@type\":\"PropertyValueSpecification\",\"valueRequired\":true,\"valueName\":\"search_term_string\"}}],\"inLanguage\":\"nl-NL\"},{\"@type\":\"Organization\",\"@id\":\"https:\/\/hemoproct.com\/nl\/#organization\",\"name\":\"Hemoproct\",\"url\":\"https:\/\/hemoproct.com\/nl\/\",\"logo\":{\"@type\":\"ImageObject\",\"inLanguage\":\"nl-NL\",\"@id\":\"https:\/\/hemoproct.com\/nl\/#\/schema\/logo\/image\/\",\"url\":\"https:\/\/hemoproct.com\/app\/uploads\/sites\/5\/2022\/08\/logo-hemoproct.png\",\"contentUrl\":\"https:\/\/hemoproct.com\/app\/uploads\/sites\/5\/2022\/08\/logo-hemoproct.png\",\"width\":162,\"height\":24,\"caption\":\"Hemoproct\"},\"image\":{\"@id\":\"https:\/\/hemoproct.com\/nl\/#\/schema\/logo\/image\/\"}}]}<\/script>\n<!-- \/ Yoast SEO plugin. -->","yoast_head_json":{"title":"Hemoproct - Hemoproct","description":"De natuurlijke oplossing voor snelle verlichting bij aambeien","robots":{"index":"index","follow":"follow","max-snippet":"max-snippet:-1","max-image-preview":"max-image-preview:large","max-video-preview":"max-video-preview:-1"},"canonical":"https:\/\/hemoproct.com\/nl\/","og_locale":"nl_NL","og_type":"article","og_title":"Hemoproct - Hemoproct","og_description":"De natuurlijke oplossing voor snelle verlichting bij aambeien","og_url":"https:\/\/hemoproct.com\/nl\/","og_site_name":"Hemoproct","article_modified_time":"2025-09-03T08:46:31+00:00","og_image":[{"width":700,"height":700,"url":"https:\/\/hemoproct.com\/app\/uploads\/sites\/5\/2025\/04\/ActiProct-Gel-30g-NL.png","type":"image\/png"}],"twitter_card":"summary_large_image","twitter_misc":{"Geschatte leestijd":"2 minuten"},"schema":{"@context":"https:\/\/schema.org","@graph":[{"@type":"WebPage","@id":"https:\/\/hemoproct.com\/nl\/","url":"https:\/\/hemoproct.com\/nl\/","name":"Hemoproct - Hemoproct","isPartOf":{"@id":"https:\/\/hemoproct.com\/nl\/#website"},"primaryImageOfPage":{"@id":"https:\/\/hemoproct.com\/nl\/#primaryimage"},"image":{"@id":"https:\/\/hemoproct.com\/nl\/#primaryimage"},"thumbnailUrl":"https:\/\/hemoproct.com\/app\/uploads\/sites\/5\/2025\/04\/ActiProct-Gel-30g-NL.png","datePublished":"2022-08-17T05:33:27+00:00","dateModified":"2025-09-03T08:46:31+00:00","description":"De natuurlijke oplossing voor snelle verlichting bij aambeien","breadcrumb":{"@id":"https:\/\/hemoproct.com\/nl\/#breadcrumb"},"inLanguage":"nl-NL","potentialAction":[{"@type":"ReadAction","target":["https:\/\/hemoproct.com\/nl\/"]}]},{"@type":"ImageObject","inLanguage":"nl-NL","@id":"https:\/\/hemoproct.com\/nl\/#primaryimage","url":"https:\/\/hemoproct.com\/app\/uploads\/sites\/5\/2025\/04\/ActiProct-Gel-30g-NL.png","contentUrl":"https:\/\/hemoproct.com\/app\/uploads\/sites\/5\/2025\/04\/ActiProct-Gel-30g-NL.png"},{"@type":"BreadcrumbList","@id":"https:\/\/hemoproct.com\/nl\/#breadcrumb","itemListElement":[{"@type":"ListItem","position":1,"name":"Home","item":"https:\/\/hemoproct.com\/nl\/"},{"@type":"ListItem","position":2,"name":"Hemoproct"}]},{"@type":"WebSite","@id":"https:\/\/hemoproct.com\/nl\/#website","url":"https:\/\/hemoproct.com\/nl\/","name":"Hemoproct","description":"","publisher":{"@id":"https:\/\/hemoproct.com\/nl\/#organization"},"potentialAction":[{"@type":"SearchAction","target":{"@type":"EntryPoint","urlTemplate":"https:\/\/hemoproct.com\/nl\/?s={search_term_string}"},"query-input":{"@type":"PropertyValueSpecification","valueRequired":true,"valueName":"search_term_string"}}],"inLanguage":"nl-NL"},{"@type":"Organization","@id":"https:\/\/hemoproct.com\/nl\/#organization","name":"Hemoproct","url":"https:\/\/hemoproct.com\/nl\/","logo":{"@type":"ImageObject","inLanguage":"nl-NL","@id":"https:\/\/hemoproct.com\/nl\/#\/schema\/logo\/image\/","url":"https:\/\/hemoproct.com\/app\/uploads\/sites\/5\/2022\/08\/logo-hemoproct.png","contentUrl":"https:\/\/hemoproct.com\/app\/uploads\/sites\/5\/2022\/08\/logo-hemoproct.png","width":162,"height":24,"caption":"Hemoproct"},"image":{"@id":"https:\/\/hemoproct.com\/nl\/#\/schema\/logo\/image\/"}}]}},"_links":{"self":[{"href":"https:\/\/hemoproct.com\/nl\/wp-json\/wp\/v2\/pages\/5","targetHints":{"allow":["GET"]}}],"collection":[{"href":"https:\/\/hemoproct.com\/nl\/wp-json\/wp\/v2\/pages"}],"about":[{"href":"https:\/\/hemoproct.com\/nl\/wp-json\/wp\/v2\/types\/page"}],"author":[{"embeddable":true,"href":"https:\/\/hemoproct.com\/nl\/wp-json\/wp\/v2\/users\/2"}],"replies":[{"embeddable":true,"href":"https:\/\/hemoproct.com\/nl\/wp-json\/wp\/v2\/comments?post=5"}],"version-history":[{"count":9,"href":"https:\/\/hemoproct.com\/nl\/wp-json\/wp\/v2\/pages\/5\/revisions"}],"predecessor-version":[{"id":412,"href":"https:\/\/hemoproct.com\/nl\/wp-json\/wp\/v2\/pages\/5\/revisions\/412"}],"wp:attachment":[{"href":"https:\/\/hemoproct.com\/nl\/wp-json\/wp\/v2\/media?parent=5"}],"wp:term":[{"taxonomy":"from-article-database","embeddable":true,"href":"https:\/\/hemoproct.com\/nl\/wp-json\/wp\/v2\/from-article-database?post=5"}],"curies":[{"name":"wp","href":"https:\/\/api.w.org\/{rel}","templated":true}]}}